{"id":30,"date":"2017-12-01T15:25:40","date_gmt":"2017-12-01T15:25:40","guid":{"rendered":"https:\/\/mistassinilake.com\/?page_id=30"},"modified":"2019-06-07T14:06:03","modified_gmt":"2019-06-07T14:06:03","slug":"accueil","status":"publish","type":"page","link":"https:\/\/mistassinilake.com\/fr\/","title":{"rendered":"Accueil"},"content":{"rendered":"<div class=\"wpb-content-wrapper\">[vc_row full_width=\u00a0\u00bbstretch_row\u00a0\u00bb content_placement=\u00a0\u00bbmiddle\u00a0\u00bb wpex_bg_overlay=\u00a0\u00bbcustom\u00a0\u00bb min_height=\u00a0\u00bb800&Prime; el_class=\u00a0\u00bbmove-div-top\u00a0\u00bb css=\u00a0\u00bb.vc_custom_1514306776841{background-image: url(https:\/\/mistassinilake.com\/wp-content\/uploads\/2017\/12\/bg1.jpg?id=204) !important;background-position: center !important;background-repeat: no-repeat !important;background-size: cover !important;}\u00a0\u00bb el_id=\u00a0\u00bbmloc_img_mob_res\u00a0\u00bb][vc_column width=\u00a0\u00bb1\/3&Prime; el_id=\u00a0\u00bbfr_mob_res\u00a0\u00bb][vc_single_image image=\u00a0\u00bb194&Prime;][vc_column_text css=\u00a0\u00bb.vc_custom_1523971198108{background-color: #ffffff !important;}\u00a0\u00bb el_class=\u00a0\u00bbmloc_section_2&Prime; font_family=\u00a0\u00bbRoboto Slab\u00a0\u00bb]\n<h2 style=\"text-align: center;\">Quatre esp\u00e8ces dans un voyage<\/h2>\n<div class=\"dash\"><\/div>\n<p style=\"text-align: center;\">Truite mouchet\u00e9e, truite grise, dor\u00e9 ou grand brochet\u2009! P\u00eache \u00e0 la mouche, \u00e0 la tra\u00eene ou au filet, lac et rapides.<\/p>\n<p style=\"text-align: center;\"><a href=\"\/fr\/especes-de-poissons\/\"><br \/>\n<button>En savoir plus<\/button><br \/>\n<\/a><\/p>\n[\/vc_column_text][\/vc_column][vc_column width=\u00a0\u00bb1\/3&Prime;][vc_single_image image=\u00a0\u00bb470&Prime; img_size=\u00a0\u00bb349X236&Prime;][vc_column_text css=\u00a0\u00bb.vc_custom_1523971210573{background-color: #ffffff !important;}\u00a0\u00bb el_class=\u00a0\u00bbmloc_section_2&Prime; font_family=\u00a0\u00bbRoboto Slab\u00a0\u00bb]\n<h2 style=\"text-align: center;\">Notre culture<\/h2>\n<div class=\"dash\"><\/div>\n<p style=\"text-align: center;\">La chasse, la cueillette, la p\u00eache et le trappage font partie de notre existence des Cris depuis des g\u00e9n\u00e9rations. Aujourd&rsquo;hui, nos guides perp\u00e9tuent nombre de ces traditions et notre langue est encore grandement parl\u00e9e dans cette r\u00e9gion.<\/p>\n<p style=\"text-align: center;\"><a href=\"\/fr\/a-propos\/\"><br \/>\n<button>En savoir plus<\/button><br \/>\n<\/a><\/p>\n[\/vc_column_text][\/vc_column][vc_column width=\u00a0\u00bb1\/3&Prime;][vc_single_image image=\u00a0\u00bb196&Prime; img_size=\u00a0\u00bb349X236&Prime;][vc_column_text css=\u00a0\u00bb.vc_custom_1523971223323{background-color: #ffffff !important;}\u00a0\u00bb el_class=\u00a0\u00bbmloc_section_2&Prime; font_family=\u00a0\u00bbRoboto Slab\u00a0\u00bb]\n<h2 style=\"text-align: center;\">Comment s&rsquo;y rendre<\/h2>\n<div class=\"dash\"><\/div>\n<p style=\"text-align: center;\">Rendez-vous \u00e0 Mistissini en voiture ou en l&rsquo;avion et nous vous am\u00e8nerons au camp.<\/p>\n<p style=\"text-align: center;\"><a href=\"\/fr\/comment-arriver\/\"><br \/>\n<button>En savoir plus<\/button><br \/>\n<\/a><\/p>\n[\/vc_column_text][\/vc_column][\/vc_row][vc_row full_width=\u00a0\u00bbstretch_row\u00a0\u00bb content_placement=\u00a0\u00bbmiddle\u00a0\u00bb css=\u00a0\u00bb.vc_custom_1513331324061{background-image: url(https:\/\/mistassinilake.com\/wp-content\/uploads\/2017\/12\/pattern.png?id=105) !important;background-position: center !important;background-repeat: no-repeat !important;background-size: cover !important;}\u00a0\u00bb el_class=\u00a0\u00bbmove-div-top\u00a0\u00bb min_height=\u00a0\u00bb814px\u00a0\u00bb el_id=\u00a0\u00bbmloc_sec_2_mob\u00a0\u00bb][vc_column width=\u00a0\u00bb1\/3&Prime;][vc_single_image image=\u00a0\u00bb103&Prime; el_class=\u00a0\u00bbmloc_left_img\u00a0\u00bb][\/vc_column][vc_column width=\u00a0\u00bb2\/3&Prime;][vc_custom_heading text=\u00a0\u00bbCamps des Pourvoiries du lac Mistassini\u00a0\u00bb font_container=\u00a0\u00bbtag:h1|font_size:35px|text_align:left|color:%231f5d17|line_height:28px\u00a0\u00bb use_theme_fonts=\u00a0\u00bbyes\u00a0\u00bb css=\u00a0\u00bb.vc_custom_1516380268422{margin-bottom: 20px !important;}\u00a0\u00bb el_id=\u00a0\u00bbmloc_sec_2_mob_cont\u00a0\u00bb][vc_column_text font_family=\u00a0\u00bbLato\u00a0\u00bb color=\u00a0\u00bb#1b1b1b\u00a0\u00bb font_size=\u00a0\u00bb20px\u00a0\u00bb font_weight=\u00a0\u00bb400&Prime; css=\u00a0\u00bb.vc_custom_1516380284062{border-bottom-width: 20px !important;}\u00a0\u00bb]<strong><i>P\u00eachez dans les eaux exclusives du plus long lac du Qu\u00e9bec et vivez l&rsquo;exp\u00e9rience de la p\u00eache au troph\u00e9e pour la truite mouchet\u00e9e, la truite grise, le dor\u00e9 et le grand brochet.<\/i><\/strong>[\/vc_column_text][vc_column_text font_family=\u00a0\u00bbLato\u00a0\u00bb color=\u00a0\u00bb#1b1b1b\u00a0\u00bb font_size=\u00a0\u00bb16px\u00a0\u00bb font_weight=\u00a0\u00bb400&Prime;]<strong>Depuis 1975, les Pourvoiries Mistassini Inc.<\/strong> offrent aux p\u00eacheurs des voyages de p\u00eache de premi\u00e8re classe. Se trouvant dans un territoire autochtone cri tr\u00e8s sp\u00e9cial, les invit\u00e9s vivent le voyage de p\u00eache d&rsquo;une vie sur le lac Mistassini, le plus grand lac d&rsquo;eau douce au Qu\u00e9bec. Des endroits de p\u00eache hors pair vous donneront l&rsquo;opportunit\u00e9 d&rsquo;attraper de la truite mouchet\u00e9e, de la truite grise, du dor\u00e9 ou du brochet dignes des plus beaux troph\u00e9es.<\/p>\n<p>Le poisson, la fourrure et le gibier de cette r\u00e9gion sont les produits de base des Cris de Mistissini depuis des si\u00e8cles. \u00c0 ce jour, des activit\u00e9s saisonni\u00e8res telles que la chasse, la cueillette, la p\u00eache et le trappage sont des traditions encore ch\u00e9ries dans la vibrante communaut\u00e9 crie. Nos guides cris exp\u00e9riment\u00e9s sont toujours heureux de partager leur riche culture avec nos invit\u00e9s.<\/p>\n<p>Restez \u00e0 l&rsquo;aff\u00fbt des derni\u00e8res nouvelles et des endroits des prochains salons et des dates dans le \u00ab\u2009<a style=\"color: #ff7f00;\" href=\"\/fr\/blogue\/\">Blogue<\/a><a style=\"color: #ff7f00;\" href=\"\/fr\/blogue\/\"> l&rsquo;app\u00e2t<\/a>\u2009\u00bb.<\/p>\n<p><a style=\"color: #ff7f00;\" href=\"\/fr\/contactez-nous\/\">Communiquez avec nous<\/a> pour en apprendre davantage sur ce voyage de p\u00eache unique en son genre ou pour r\u00e9server.[\/vc_column_text][\/vc_column][\/vc_row][vc_row full_width=\u00a0\u00bbstretch_row\u00a0\u00bb content_placement=\u00a0\u00bbmiddle\u00a0\u00bb el_class=\u00a0\u00bbmove-div-top background-fix\u00a0\u00bb css=\u00a0\u00bb.vc_custom_1517935374917{background-image: url(https:\/\/mistassinilake.com\/wp-content\/uploads\/2017\/12\/bg3.jpg?id=210) !important;background-position: center !important;background-repeat: no-repeat !important;background-size: cover !important;}\u00a0\u00bb min_height=\u00a0\u00bb800px\u00a0\u00bb el_id=\u00a0\u00bbbackground-size\u00a0\u00bb][vc_column width=\u00a0\u00bb1\/2&Prime;][vc_single_image image=\u00a0\u00bb451&Prime;][vc_column_text el_class=\u00a0\u00bbmloc_section_4&Prime; css=\u00a0\u00bb.vc_custom_1516651572477{background-color: #ffffff !important;}\u00a0\u00bb font_family=\u00a0\u00bbRoboto Slab\u00a0\u00bb]\n<h2 style=\"text-align: center;\">Louis-Jolliet Camp<\/h2>\n<p style=\"text-align: center;\">Un camp remarquable sur le lac Mistassini \u00e0 l&#8217;embouchure de la rivi\u00e8re Rupert, p\u00eachez dans le lac ou les rapides et les bassins de la rivi\u00e8re.<\/p>\n<p style=\"text-align: center;\"><a href=\"\/fr\/camp-louis-jolliet\/\"><br \/>\n<button>En savoir plus<\/button><br \/>\n<\/a><\/p>\n[\/vc_column_text][\/vc_column][vc_column width=\u00a0\u00bb1\/2&Prime; el_class=\u00a0\u00bbmloc_sec_left_5&Prime;][vc_single_image image=\u00a0\u00bb452&Prime;][vc_column_text el_class=\u00a0\u00bbmloc_section_4&Prime; css=\u00a0\u00bb.vc_custom_1516651536005{background-color: #ffffff !important;}\u00a0\u00bb font_family=\u00a0\u00bbRoboto Slab\u00a0\u00bb]\n<h2 style=\"text-align: center;\">Pavillon Aigle P\u00eacheur<\/h2>\n<p style=\"text-align: center;\">D\u00e9couvrez la culture Cri et l\u2019architecture au Pavillion Aigle P\u00eacheur. Situ\u00e9 sur une \u00eele dans le centre du plus grand lac d\u2019eau douce au Qu\u00e9bec.<\/p>\n<p style=\"text-align: center;\"><a href=\"\/fr\/pavillon-aigle-pecheur\/\"><br \/>\n<button>En savoir plus<\/button><br \/>\n<\/a><\/p>\n[\/vc_column_text][\/vc_column][\/vc_row][vc_row full_width=\u00a0\u00bbstretch_row_content\u00a0\u00bb min_height=\u00a0\u00bb800&Prime; el_id=\u00a0\u00bbbackground-size\u00a0\u00bb el_class=\u00a0\u00bbdiv-move-up\u00a0\u00bb css=\u00a0\u00bb.vc_custom_1514564009315{background-image: url(https:\/\/mistassinilake.com\/wp-content\/uploads\/2017\/12\/bg4.jpg?id=211) !important;background-position: center !important;background-repeat: no-repeat !important;background-size: cover !important;}\u00a0\u00bb][vc_column el_id=\u00a0\u00bbbackground-size\u00a0\u00bb el_class=\u00a0\u00bbimage-over-div 100-spread\u00a0\u00bb][vc_column_text css=\u00a0\u00bb.vc_custom_1523981634315{margin-left: 70px !important;padding-top: 10px !important;padding-bottom: 10px !important;background-image: url(https:\/\/mistassinilake.com\/wp-content\/uploads\/2018\/02\/11CTA-fishing-trip-of-a-lifetime-1.jpg?id=454) !important;}\u00a0\u00bb color=\u00a0\u00bb#ffffff\u00a0\u00bb width=\u00a0\u00bb67%\u00a0\u00bb align=\u00a0\u00bbcenter\u00a0\u00bb el_id=\u00a0\u00bbbackground-size\u00a0\u00bb el_class=\u00a0\u00bbcallout_sec\u00a0\u00bb font_family=\u00a0\u00bbRoboto Slab\u00a0\u00bb]\n<div style=\"text-align: center;\">\n<h2 style=\"color: #fff;\">R\u00e9servez maintenant pour r\u00e9server votre<\/h2>\n<p><button class=\"custom-btn-green\" style=\"margin-top: 20px;\"><a style=\"color: white;\" href=\"\/fr\/demande-de-reservation\/\">Voyage de p\u00eache d&rsquo;une vie<\/a> <\/button><\/div>\n[\/vc_column_text][vc_row_inner gap=\u00a0\u00bb5&Prime; el_id=\u00a0\u00bbbackground-size\u00a0\u00bb css=\u00a0\u00bb.vc_custom_1512997711427{padding-top: 50px !important;padding-bottom: 340px !important;}\u00a0\u00bb][vc_column_inner el_id=\u00a0\u00bbbackground-size\u00a0\u00bb css=\u00a0\u00bb.vc_custom_1512565542336{background-image: url(https:\/\/mistassinilake.com\/wp-content\/uploads\/2017\/12\/white-glow.png?id=179) !important;}\u00a0\u00bb][vc_empty_space height=\u00a0\u00bb30px\u00a0\u00bb][vc_custom_heading text=\u00a0\u00bbRetraites corporatives\u00a0\u00bb font_container=\u00a0\u00bbtag:h1|font_size:35|text_align:center|color:%231f5d17&Prime; use_theme_fonts=\u00a0\u00bbyes\u00a0\u00bb][vc_empty_space height=\u00a0\u00bb15px\u00a0\u00bb][vc_column_text font_family=\u00a0\u00bbLato\u00a0\u00bb color=\u00a0\u00bb#1b1b1b\u00a0\u00bb font_size=\u00a0\u00bb20&Prime; font_weight=\u00a0\u00bb400&Prime;]\n<p style=\"text-align: center;\">Tout ce dont vous avez besoin pour une retraite corporative vraiment unique et m\u00e9morable.<\/p>\n<p style=\"text-align: center;\">Notre endroit inspirera votre cr\u00e9ativit\u00e9, stimulera votre esprit et cr\u00e9era une ambiance productive pour vos r\u00e9unions.<\/p>\n<p style=\"text-align: center;\"><a href=\"\/fr\/retraites-corporatives\/\"><button class=\"custom-btn\">En savoir plus<\/button><\/a><\/p>\n[\/vc_column_text][\/vc_column_inner][\/vc_row_inner][\/vc_column][\/vc_row]\n<\/div>","protected":false},"excerpt":{"rendered":"<p>[vc_row full_width=\u00a0\u00bbstretch_row\u00a0\u00bb content_placement=\u00a0\u00bbmiddle\u00a0\u00bb wpex_bg_overlay=\u00a0\u00bbcustom\u00a0\u00bb min_height=\u00a0\u00bb800&Prime; el_class=\u00a0\u00bbmove-div-top\u00a0\u00bb css=\u00a0\u00bb.vc_custom_1514306776841{background-image: url(https:\/\/mistassinilake.com\/wp-content\/uploads\/2017\/12\/bg1.jpg?id=204) !important;background-position: center !important;background-repeat: no-repeat !important;background-size: cover !important;}\u00a0\u00bb el_id=\u00a0\u00bbmloc_img_mob_res\u00a0\u00bb][vc_column width=\u00a0\u00bb1\/3&Prime; el_id=\u00a0\u00bbfr_mob_res\u00a0\u00bb][vc_single_image image=\u00a0\u00bb194&Prime;][vc_column_text css=\u00a0\u00bb.vc_custom_1523971198108{background-color: #ffffff !important;}\u00a0\u00bb el_class=\u00a0\u00bbmloc_section_2&Prime; font_family=\u00a0\u00bbRoboto Slab\u00a0\u00bb] Quatre esp\u00e8ces dans un voyage Truite mouchet\u00e9e, truite grise, dor\u00e9 ou grand brochet\u2009! P\u00eache \u00e0&hellip;<\/p>\n","protected":false},"author":2,"featured_media":0,"parent":0,"menu_order":1,"comment_status":"closed","ping_status":"closed","template":"","meta":{"footnotes":""},"class_list":["post-30","page","type-page","status-publish","hentry","entry","no-media"],"yoast_head":"<!-- This site is optimized with the Yoast SEO plugin v26.9 - https:\/\/yoast.com\/product\/yoast-seo-wordpress\/ -->\n<title>Camps des Pourvoiries du lac Mistassini<\/title>\n<meta name=\"description\" content=\"P\u00eachez dans les eaux exclusives du plus long lac du Qu\u00e9bec et vivez l\u2019exp\u00e9rience de la p\u00eache au troph\u00e9e pour la truite mouchet\u00e9e, la truite grise, le dor\u00e9 et le grand brochet.\" \/>\n<meta name=\"robots\" content=\"index, follow, max-snippet:-1, max-image-preview:large, max-video-preview:-1\" \/>\n<link rel=\"canonical\" href=\"https:\/\/mistassinilake.com\/\" \/>\n<meta property=\"og:locale\" content=\"fr_FR\" \/>\n<meta property=\"og:type\" content=\"article\" \/>\n<meta property=\"og:title\" content=\"Camps des Pourvoiries du lac Mistassini\" \/>\n<meta property=\"og:description\" content=\"P\u00eachez dans les eaux exclusives du plus long lac du Qu\u00e9bec et vivez l\u2019exp\u00e9rience de la p\u00eache au troph\u00e9e pour la truite mouchet\u00e9e, la truite grise, le dor\u00e9 et le grand brochet.\" \/>\n<meta property=\"og:url\" content=\"https:\/\/mistassinilake.com\/\" \/>\n<meta property=\"og:site_name\" content=\"Mistassini\" \/>\n<meta property=\"article:publisher\" content=\"https:\/\/www.facebook.com\/MistassiniOutfittingCampsInc\/\" \/>\n<meta property=\"article:modified_time\" content=\"2019-06-07T14:06:03+00:00\" \/>\n<meta name=\"twitter:card\" content=\"summary_large_image\" \/>\n<meta name=\"twitter:label1\" content=\"Dur\u00e9e de lecture estim\u00e9e\" \/>\n\t<meta name=\"twitter:data1\" content=\"5 minutes\" \/>\n<script type=\"application\/ld+json\" class=\"yoast-schema-graph\">{\"@context\":\"https:\/\/schema.org\",\"@graph\":[{\"@type\":\"WebPage\",\"@id\":\"https:\/\/mistassinilake.com\/\",\"url\":\"https:\/\/mistassinilake.com\/\",\"name\":\"Camps des Pourvoiries du lac Mistassini\",\"isPartOf\":{\"@id\":\"https:\/\/mistassinilake.com\/#website\"},\"datePublished\":\"2017-12-01T15:25:40+00:00\",\"dateModified\":\"2019-06-07T14:06:03+00:00\",\"description\":\"P\u00eachez dans les eaux exclusives du plus long lac du Qu\u00e9bec et vivez l\u2019exp\u00e9rience de la p\u00eache au troph\u00e9e pour la truite mouchet\u00e9e, la truite grise, le dor\u00e9 et le grand brochet.\",\"breadcrumb\":{\"@id\":\"https:\/\/mistassinilake.com\/#breadcrumb\"},\"inLanguage\":\"fr-FR\",\"potentialAction\":[{\"@type\":\"ReadAction\",\"target\":[\"https:\/\/mistassinilake.com\/\"]}]},{\"@type\":\"BreadcrumbList\",\"@id\":\"https:\/\/mistassinilake.com\/#breadcrumb\",\"itemListElement\":[{\"@type\":\"ListItem\",\"position\":1,\"name\":\"Home\",\"item\":\"https:\/\/mistassinilake.com\/\"},{\"@type\":\"ListItem\",\"position\":2,\"name\":\"Accueil\"}]},{\"@type\":\"WebSite\",\"@id\":\"https:\/\/mistassinilake.com\/#website\",\"url\":\"https:\/\/mistassinilake.com\/\",\"name\":\"Mistassini\",\"description\":\"Outfitting Camps\",\"publisher\":{\"@id\":\"https:\/\/mistassinilake.com\/#organization\"},\"potentialAction\":[{\"@type\":\"SearchAction\",\"target\":{\"@type\":\"EntryPoint\",\"urlTemplate\":\"https:\/\/mistassinilake.com\/?s={search_term_string}\"},\"query-input\":{\"@type\":\"PropertyValueSpecification\",\"valueRequired\":true,\"valueName\":\"search_term_string\"}}],\"inLanguage\":\"fr-FR\"},{\"@type\":\"Organization\",\"@id\":\"https:\/\/mistassinilake.com\/#organization\",\"name\":\"Mistassini Outfitting Camps\",\"url\":\"https:\/\/mistassinilake.com\/\",\"logo\":{\"@type\":\"ImageObject\",\"inLanguage\":\"fr-FR\",\"@id\":\"https:\/\/mistassinilake.com\/#\/schema\/logo\/image\/\",\"url\":\"https:\/\/mistassinilake.com\/wp-content\/uploads\/2017\/12\/marker.jpg\",\"contentUrl\":\"https:\/\/mistassinilake.com\/wp-content\/uploads\/2017\/12\/marker.jpg\",\"width\":125,\"height\":117,\"caption\":\"Mistassini Outfitting Camps\"},\"image\":{\"@id\":\"https:\/\/mistassinilake.com\/#\/schema\/logo\/image\/\"},\"sameAs\":[\"https:\/\/www.facebook.com\/MistassiniOutfittingCampsInc\/\"]}]}<\/script>\n<!-- \/ Yoast SEO plugin. -->","yoast_head_json":{"title":"Camps des Pourvoiries du lac Mistassini","description":"P\u00eachez dans les eaux exclusives du plus long lac du Qu\u00e9bec et vivez l\u2019exp\u00e9rience de la p\u00eache au troph\u00e9e pour la truite mouchet\u00e9e, la truite grise, le dor\u00e9 et le grand brochet.","robots":{"index":"index","follow":"follow","max-snippet":"max-snippet:-1","max-image-preview":"max-image-preview:large","max-video-preview":"max-video-preview:-1"},"canonical":"https:\/\/mistassinilake.com\/","og_locale":"fr_FR","og_type":"article","og_title":"Camps des Pourvoiries du lac Mistassini","og_description":"P\u00eachez dans les eaux exclusives du plus long lac du Qu\u00e9bec et vivez l\u2019exp\u00e9rience de la p\u00eache au troph\u00e9e pour la truite mouchet\u00e9e, la truite grise, le dor\u00e9 et le grand brochet.","og_url":"https:\/\/mistassinilake.com\/","og_site_name":"Mistassini","article_publisher":"https:\/\/www.facebook.com\/MistassiniOutfittingCampsInc\/","article_modified_time":"2019-06-07T14:06:03+00:00","twitter_card":"summary_large_image","twitter_misc":{"Dur\u00e9e de lecture estim\u00e9e":"5 minutes"},"schema":{"@context":"https:\/\/schema.org","@graph":[{"@type":"WebPage","@id":"https:\/\/mistassinilake.com\/","url":"https:\/\/mistassinilake.com\/","name":"Camps des Pourvoiries du lac Mistassini","isPartOf":{"@id":"https:\/\/mistassinilake.com\/#website"},"datePublished":"2017-12-01T15:25:40+00:00","dateModified":"2019-06-07T14:06:03+00:00","description":"P\u00eachez dans les eaux exclusives du plus long lac du Qu\u00e9bec et vivez l\u2019exp\u00e9rience de la p\u00eache au troph\u00e9e pour la truite mouchet\u00e9e, la truite grise, le dor\u00e9 et le grand brochet.","breadcrumb":{"@id":"https:\/\/mistassinilake.com\/#breadcrumb"},"inLanguage":"fr-FR","potentialAction":[{"@type":"ReadAction","target":["https:\/\/mistassinilake.com\/"]}]},{"@type":"BreadcrumbList","@id":"https:\/\/mistassinilake.com\/#breadcrumb","itemListElement":[{"@type":"ListItem","position":1,"name":"Home","item":"https:\/\/mistassinilake.com\/"},{"@type":"ListItem","position":2,"name":"Accueil"}]},{"@type":"WebSite","@id":"https:\/\/mistassinilake.com\/#website","url":"https:\/\/mistassinilake.com\/","name":"Mistassini","description":"Outfitting Camps","publisher":{"@id":"https:\/\/mistassinilake.com\/#organization"},"potentialAction":[{"@type":"SearchAction","target":{"@type":"EntryPoint","urlTemplate":"https:\/\/mistassinilake.com\/?s={search_term_string}"},"query-input":{"@type":"PropertyValueSpecification","valueRequired":true,"valueName":"search_term_string"}}],"inLanguage":"fr-FR"},{"@type":"Organization","@id":"https:\/\/mistassinilake.com\/#organization","name":"Mistassini Outfitting Camps","url":"https:\/\/mistassinilake.com\/","logo":{"@type":"ImageObject","inLanguage":"fr-FR","@id":"https:\/\/mistassinilake.com\/#\/schema\/logo\/image\/","url":"https:\/\/mistassinilake.com\/wp-content\/uploads\/2017\/12\/marker.jpg","contentUrl":"https:\/\/mistassinilake.com\/wp-content\/uploads\/2017\/12\/marker.jpg","width":125,"height":117,"caption":"Mistassini Outfitting Camps"},"image":{"@id":"https:\/\/mistassinilake.com\/#\/schema\/logo\/image\/"},"sameAs":["https:\/\/www.facebook.com\/MistassiniOutfittingCampsInc\/"]}]}},"_links":{"self":[{"href":"https:\/\/mistassinilake.com\/fr\/wp-json\/wp\/v2\/pages\/30","targetHints":{"allow":["GET"]}}],"collection":[{"href":"https:\/\/mistassinilake.com\/fr\/wp-json\/wp\/v2\/pages"}],"about":[{"href":"https:\/\/mistassinilake.com\/fr\/wp-json\/wp\/v2\/types\/page"}],"author":[{"embeddable":true,"href":"https:\/\/mistassinilake.com\/fr\/wp-json\/wp\/v2\/users\/2"}],"replies":[{"embeddable":true,"href":"https:\/\/mistassinilake.com\/fr\/wp-json\/wp\/v2\/comments?post=30"}],"version-history":[{"count":1,"href":"https:\/\/mistassinilake.com\/fr\/wp-json\/wp\/v2\/pages\/30\/revisions"}],"predecessor-version":[{"id":602,"href":"https:\/\/mistassinilake.com\/fr\/wp-json\/wp\/v2\/pages\/30\/revisions\/602"}],"wp:attachment":[{"href":"https:\/\/mistassinilake.com\/fr\/wp-json\/wp\/v2\/media?parent=30"}],"curies":[{"name":"wp","href":"https:\/\/api.w.org\/{rel}","templated":true}]}}