{"id":31,"date":"2017-12-01T15:26:35","date_gmt":"2017-12-01T15:26:35","guid":{"rendered":"https:\/\/mistassinilake.com\/?page_id=31"},"modified":"2019-06-07T14:06:57","modified_gmt":"2019-06-07T14:06:57","slug":"a-propos","status":"publish","type":"page","link":"https:\/\/mistassinilake.com\/fr\/a-propos\/","title":{"rendered":"\u00c0 propos"},"content":{"rendered":"<div class=\"wpb-content-wrapper\">[vc_row][vc_column][vc_custom_heading source=\u00a0\u00bbpost_title\u00a0\u00bb font_container=\u00a0\u00bbtag:h1|font_size:35px|text_align:center|color:%231f5d17&Prime; google_fonts=\u00a0\u00bbfont_family:Roboto%20Slab%3A100%2C300%2Cregular%2C700|font_style:700%20bold%20regular%3A700%3Anormal\u00a0\u00bb][vc_row_inner][vc_column_inner][vc_column_text color=\u00a0\u00bb#1b1b1b\u00a0\u00bb font_size=\u00a0\u00bb18px\u00a0\u00bb font_weight=\u00a0\u00bb400&Prime; el_class=\u00a0\u00bbabout_mloc\u00a0\u00bb]<img loading=\"lazy\" decoding=\"async\" class=\"wp-image-297 alignright\" src=\"https:\/\/mistassinilake.com\/wp-content\/uploads\/2017\/12\/PAT_5847-300x199.jpg\" alt=\"\" width=\"419\" height=\"278\" srcset=\"https:\/\/mistassinilake.com\/wp-content\/uploads\/2017\/12\/PAT_5847-300x199.jpg 300w, https:\/\/mistassinilake.com\/wp-content\/uploads\/2017\/12\/PAT_5847-768x510.jpg 768w, https:\/\/mistassinilake.com\/wp-content\/uploads\/2017\/12\/PAT_5847-1024x680.jpg 1024w, https:\/\/mistassinilake.com\/wp-content\/uploads\/2017\/12\/PAT_5847.jpg 1920w\" sizes=\"auto, (max-width: 419px) 100vw, 419px\" \/>Les Pourvoiries du lac Mistassini Inc. existent depuis 1975. Au cours des ann\u00e9es, de nombreux p\u00eacheurs ont profit\u00e9 de voyages de p\u00eache m\u00e9morables en attrapant de la truite mouchet\u00e9e, de la truite grise, du dor\u00e9 et du grand brochet dignes des plus beaux troph\u00e9es.<\/p>\n<p>Les Pourvoiries du Lac Mistassini exploitent deux camps de p\u00eache renomm\u00e9s : le <a href=\"\/fr\/camp-louis-jolliet\/\">Camp Louis-Jolliet<\/a> et le <a href=\"\/fr\/pavillon-aigle-pecheur\/\">Pavillon Aigle P\u00eacheur<\/a>. C&rsquo;est un territoire autochtone avec des droits exclusifs limitant le nombre de p\u00eacheurs et la pression exerc\u00e9e par la p\u00eache. Ce cours d&rsquo;eau exceptionnel offre aussi \u00e0 nos invit\u00e9s une p\u00eache formidable pour nos quatre esp\u00e8ces.<\/p>\n<p>Nos camps offrent aux invit\u00e9s un h\u00e9bergement confortable dans des chalets en bois rond enti\u00e8rement \u00e9quip\u00e9s. L&rsquo;infrastructure et les installations que l&rsquo;on retrouve dans les deux camps sont de \u00ab\u2009classe mondiale\u2009\u00bb\u2009; chaque camp a son propre environnement sp\u00e9cial et sauvage.[\/vc_column_text][\/vc_column_inner][\/vc_row_inner][\/vc_column][\/vc_row]\n<\/div>","protected":false},"excerpt":{"rendered":"<p>[vc_row][vc_column][vc_custom_heading source=\u00a0\u00bbpost_title\u00a0\u00bb font_container=\u00a0\u00bbtag:h1|font_size:35px|text_align:center|color:%231f5d17&Prime; google_fonts=\u00a0\u00bbfont_family:Roboto%20Slab%3A100%2C300%2Cregular%2C700|font_style:700%20bold%20regular%3A700%3Anormal\u00a0\u00bb][vc_row_inner][vc_column_inner][vc_column_text color=\u00a0\u00bb#1b1b1b\u00a0\u00bb font_size=\u00a0\u00bb18px\u00a0\u00bb font_weight=\u00a0\u00bb400&Prime; el_class=\u00a0\u00bbabout_mloc\u00a0\u00bb]Les Pourvoiries du lac Mistassini Inc. existent depuis 1975. Au cours des ann\u00e9es, de nombreux p\u00eacheurs ont profit\u00e9 de voyages de p\u00eache m\u00e9morables en attrapant de la truite mouchet\u00e9e, de la truite grise,&hellip;<\/p>\n","protected":false},"author":2,"featured_media":0,"parent":0,"menu_order":2,"comment_status":"closed","ping_status":"closed","template":"","meta":{"footnotes":""},"class_list":["post-31","page","type-page","status-publish","hentry","entry","no-media"],"yoast_head":"<!-- This site is optimized with the Yoast SEO plugin v26.9 - https:\/\/yoast.com\/product\/yoast-seo-wordpress\/ -->\n<title>\u00c0 propos - Les Pourvoiries du Lac Mistassini<\/title>\n<meta name=\"description\" content=\"Les Pourvoiries du Lac Mistassini exploitent deux camps de p\u00eache renomm\u00e9s : le Camp Louis-Jolliet et le Pavillon Aigle P\u00eacheur.\" \/>\n<meta name=\"robots\" content=\"index, follow, max-snippet:-1, max-image-preview:large, max-video-preview:-1\" \/>\n<link rel=\"canonical\" href=\"https:\/\/mistassinilake.com\/fr\/a-propos\/\" \/>\n<meta property=\"og:locale\" content=\"fr_FR\" \/>\n<meta property=\"og:type\" content=\"article\" \/>\n<meta property=\"og:title\" content=\"\u00c0 propos - Les Pourvoiries du Lac Mistassini\" \/>\n<meta property=\"og:description\" content=\"Les Pourvoiries du Lac Mistassini exploitent deux camps de p\u00eache renomm\u00e9s : le Camp Louis-Jolliet et le Pavillon Aigle P\u00eacheur.\" \/>\n<meta property=\"og:url\" content=\"https:\/\/mistassinilake.com\/fr\/a-propos\/\" \/>\n<meta property=\"og:site_name\" content=\"Mistassini\" \/>\n<meta property=\"article:publisher\" content=\"https:\/\/www.facebook.com\/MistassiniOutfittingCampsInc\/\" \/>\n<meta property=\"article:modified_time\" content=\"2019-06-07T14:06:57+00:00\" \/>\n<meta property=\"og:image\" content=\"https:\/\/mistassinilake.com\/wp-content\/uploads\/2017\/12\/PAT_5847-300x199.jpg\" \/>\n<meta name=\"twitter:card\" content=\"summary_large_image\" \/>\n<meta name=\"twitter:label1\" content=\"Dur\u00e9e de lecture estim\u00e9e\" \/>\n\t<meta name=\"twitter:data1\" content=\"1 minute\" \/>\n<script type=\"application\/ld+json\" class=\"yoast-schema-graph\">{\"@context\":\"https:\/\/schema.org\",\"@graph\":[{\"@type\":\"WebPage\",\"@id\":\"https:\/\/mistassinilake.com\/fr\/a-propos\/\",\"url\":\"https:\/\/mistassinilake.com\/fr\/a-propos\/\",\"name\":\"\u00c0 propos - Les Pourvoiries du Lac Mistassini\",\"isPartOf\":{\"@id\":\"https:\/\/mistassinilake.com\/#website\"},\"primaryImageOfPage\":{\"@id\":\"https:\/\/mistassinilake.com\/fr\/a-propos\/#primaryimage\"},\"image\":{\"@id\":\"https:\/\/mistassinilake.com\/fr\/a-propos\/#primaryimage\"},\"thumbnailUrl\":\"https:\/\/mistassinilake.com\/wp-content\/uploads\/2017\/12\/PAT_5847-300x199.jpg\",\"datePublished\":\"2017-12-01T15:26:35+00:00\",\"dateModified\":\"2019-06-07T14:06:57+00:00\",\"description\":\"Les Pourvoiries du Lac Mistassini exploitent deux camps de p\u00eache renomm\u00e9s : le Camp Louis-Jolliet et le Pavillon Aigle P\u00eacheur.\",\"breadcrumb\":{\"@id\":\"https:\/\/mistassinilake.com\/fr\/a-propos\/#breadcrumb\"},\"inLanguage\":\"fr-FR\",\"potentialAction\":[{\"@type\":\"ReadAction\",\"target\":[\"https:\/\/mistassinilake.com\/fr\/a-propos\/\"]}]},{\"@type\":\"ImageObject\",\"inLanguage\":\"fr-FR\",\"@id\":\"https:\/\/mistassinilake.com\/fr\/a-propos\/#primaryimage\",\"url\":\"https:\/\/mistassinilake.com\/wp-content\/uploads\/2017\/12\/PAT_5847-300x199.jpg\",\"contentUrl\":\"https:\/\/mistassinilake.com\/wp-content\/uploads\/2017\/12\/PAT_5847-300x199.jpg\"},{\"@type\":\"BreadcrumbList\",\"@id\":\"https:\/\/mistassinilake.com\/fr\/a-propos\/#breadcrumb\",\"itemListElement\":[{\"@type\":\"ListItem\",\"position\":1,\"name\":\"Home\",\"item\":\"https:\/\/mistassinilake.com\/\"},{\"@type\":\"ListItem\",\"position\":2,\"name\":\"\u00c0 propos\"}]},{\"@type\":\"WebSite\",\"@id\":\"https:\/\/mistassinilake.com\/#website\",\"url\":\"https:\/\/mistassinilake.com\/\",\"name\":\"Mistassini\",\"description\":\"Outfitting Camps\",\"publisher\":{\"@id\":\"https:\/\/mistassinilake.com\/#organization\"},\"potentialAction\":[{\"@type\":\"SearchAction\",\"target\":{\"@type\":\"EntryPoint\",\"urlTemplate\":\"https:\/\/mistassinilake.com\/?s={search_term_string}\"},\"query-input\":{\"@type\":\"PropertyValueSpecification\",\"valueRequired\":true,\"valueName\":\"search_term_string\"}}],\"inLanguage\":\"fr-FR\"},{\"@type\":\"Organization\",\"@id\":\"https:\/\/mistassinilake.com\/#organization\",\"name\":\"Mistassini Outfitting Camps\",\"url\":\"https:\/\/mistassinilake.com\/\",\"logo\":{\"@type\":\"ImageObject\",\"inLanguage\":\"fr-FR\",\"@id\":\"https:\/\/mistassinilake.com\/#\/schema\/logo\/image\/\",\"url\":\"https:\/\/mistassinilake.com\/wp-content\/uploads\/2017\/12\/marker.jpg\",\"contentUrl\":\"https:\/\/mistassinilake.com\/wp-content\/uploads\/2017\/12\/marker.jpg\",\"width\":125,\"height\":117,\"caption\":\"Mistassini Outfitting Camps\"},\"image\":{\"@id\":\"https:\/\/mistassinilake.com\/#\/schema\/logo\/image\/\"},\"sameAs\":[\"https:\/\/www.facebook.com\/MistassiniOutfittingCampsInc\/\"]}]}<\/script>\n<!-- \/ Yoast SEO plugin. -->","yoast_head_json":{"title":"\u00c0 propos - Les Pourvoiries du Lac Mistassini","description":"Les Pourvoiries du Lac Mistassini exploitent deux camps de p\u00eache renomm\u00e9s : le Camp Louis-Jolliet et le Pavillon Aigle P\u00eacheur.","robots":{"index":"index","follow":"follow","max-snippet":"max-snippet:-1","max-image-preview":"max-image-preview:large","max-video-preview":"max-video-preview:-1"},"canonical":"https:\/\/mistassinilake.com\/fr\/a-propos\/","og_locale":"fr_FR","og_type":"article","og_title":"\u00c0 propos - Les Pourvoiries du Lac Mistassini","og_description":"Les Pourvoiries du Lac Mistassini exploitent deux camps de p\u00eache renomm\u00e9s : le Camp Louis-Jolliet et le Pavillon Aigle P\u00eacheur.","og_url":"https:\/\/mistassinilake.com\/fr\/a-propos\/","og_site_name":"Mistassini","article_publisher":"https:\/\/www.facebook.com\/MistassiniOutfittingCampsInc\/","article_modified_time":"2019-06-07T14:06:57+00:00","og_image":[{"url":"https:\/\/mistassinilake.com\/wp-content\/uploads\/2017\/12\/PAT_5847-300x199.jpg","type":"","width":"","height":""}],"twitter_card":"summary_large_image","twitter_misc":{"Dur\u00e9e de lecture estim\u00e9e":"1 minute"},"schema":{"@context":"https:\/\/schema.org","@graph":[{"@type":"WebPage","@id":"https:\/\/mistassinilake.com\/fr\/a-propos\/","url":"https:\/\/mistassinilake.com\/fr\/a-propos\/","name":"\u00c0 propos - Les Pourvoiries du Lac Mistassini","isPartOf":{"@id":"https:\/\/mistassinilake.com\/#website"},"primaryImageOfPage":{"@id":"https:\/\/mistassinilake.com\/fr\/a-propos\/#primaryimage"},"image":{"@id":"https:\/\/mistassinilake.com\/fr\/a-propos\/#primaryimage"},"thumbnailUrl":"https:\/\/mistassinilake.com\/wp-content\/uploads\/2017\/12\/PAT_5847-300x199.jpg","datePublished":"2017-12-01T15:26:35+00:00","dateModified":"2019-06-07T14:06:57+00:00","description":"Les Pourvoiries du Lac Mistassini exploitent deux camps de p\u00eache renomm\u00e9s : le Camp Louis-Jolliet et le Pavillon Aigle P\u00eacheur.","breadcrumb":{"@id":"https:\/\/mistassinilake.com\/fr\/a-propos\/#breadcrumb"},"inLanguage":"fr-FR","potentialAction":[{"@type":"ReadAction","target":["https:\/\/mistassinilake.com\/fr\/a-propos\/"]}]},{"@type":"ImageObject","inLanguage":"fr-FR","@id":"https:\/\/mistassinilake.com\/fr\/a-propos\/#primaryimage","url":"https:\/\/mistassinilake.com\/wp-content\/uploads\/2017\/12\/PAT_5847-300x199.jpg","contentUrl":"https:\/\/mistassinilake.com\/wp-content\/uploads\/2017\/12\/PAT_5847-300x199.jpg"},{"@type":"BreadcrumbList","@id":"https:\/\/mistassinilake.com\/fr\/a-propos\/#breadcrumb","itemListElement":[{"@type":"ListItem","position":1,"name":"Home","item":"https:\/\/mistassinilake.com\/"},{"@type":"ListItem","position":2,"name":"\u00c0 propos"}]},{"@type":"WebSite","@id":"https:\/\/mistassinilake.com\/#website","url":"https:\/\/mistassinilake.com\/","name":"Mistassini","description":"Outfitting Camps","publisher":{"@id":"https:\/\/mistassinilake.com\/#organization"},"potentialAction":[{"@type":"SearchAction","target":{"@type":"EntryPoint","urlTemplate":"https:\/\/mistassinilake.com\/?s={search_term_string}"},"query-input":{"@type":"PropertyValueSpecification","valueRequired":true,"valueName":"search_term_string"}}],"inLanguage":"fr-FR"},{"@type":"Organization","@id":"https:\/\/mistassinilake.com\/#organization","name":"Mistassini Outfitting Camps","url":"https:\/\/mistassinilake.com\/","logo":{"@type":"ImageObject","inLanguage":"fr-FR","@id":"https:\/\/mistassinilake.com\/#\/schema\/logo\/image\/","url":"https:\/\/mistassinilake.com\/wp-content\/uploads\/2017\/12\/marker.jpg","contentUrl":"https:\/\/mistassinilake.com\/wp-content\/uploads\/2017\/12\/marker.jpg","width":125,"height":117,"caption":"Mistassini Outfitting Camps"},"image":{"@id":"https:\/\/mistassinilake.com\/#\/schema\/logo\/image\/"},"sameAs":["https:\/\/www.facebook.com\/MistassiniOutfittingCampsInc\/"]}]}},"_links":{"self":[{"href":"https:\/\/mistassinilake.com\/fr\/wp-json\/wp\/v2\/pages\/31","targetHints":{"allow":["GET"]}}],"collection":[{"href":"https:\/\/mistassinilake.com\/fr\/wp-json\/wp\/v2\/pages"}],"about":[{"href":"https:\/\/mistassinilake.com\/fr\/wp-json\/wp\/v2\/types\/page"}],"author":[{"embeddable":true,"href":"https:\/\/mistassinilake.com\/fr\/wp-json\/wp\/v2\/users\/2"}],"replies":[{"embeddable":true,"href":"https:\/\/mistassinilake.com\/fr\/wp-json\/wp\/v2\/comments?post=31"}],"version-history":[{"count":1,"href":"https:\/\/mistassinilake.com\/fr\/wp-json\/wp\/v2\/pages\/31\/revisions"}],"predecessor-version":[{"id":603,"href":"https:\/\/mistassinilake.com\/fr\/wp-json\/wp\/v2\/pages\/31\/revisions\/603"}],"wp:attachment":[{"href":"https:\/\/mistassinilake.com\/fr\/wp-json\/wp\/v2\/media?parent=31"}],"curies":[{"name":"wp","href":"https:\/\/api.w.org\/{rel}","templated":true}]}}