{"id":32,"date":"2017-12-01T15:27:27","date_gmt":"2017-12-01T15:27:27","guid":{"rendered":"https:\/\/mistassinilake.com\/?page_id=32"},"modified":"2020-04-24T14:02:16","modified_gmt":"2020-04-24T14:02:16","slug":"pavillon-aigle-pecheur","status":"publish","type":"page","link":"https:\/\/mistassinilake.com\/fr\/pavillon-aigle-pecheur\/","title":{"rendered":"Pavillon Aigle P\u00eacheur"},"content":{"rendered":"<div class=\"wpb-content-wrapper\">[vc_row][vc_column][vc_custom_heading source=\u00a0\u00bbpost_title\u00a0\u00bb font_container=\u00a0\u00bbtag:h1|font_size:35px|text_align:center|color:%231f5d17&Prime; google_fonts=\u00a0\u00bbfont_family:Roboto%20Slab%3A100%2C300%2Cregular%2C700|font_style:700%20bold%20regular%3A700%3Anormal\u00a0\u00bb][vc_column_text color=\u00a0\u00bb#1b1b1b\u00a0\u00bb font_size=\u00a0\u00bb18px\u00a0\u00bb font_weight=\u00a0\u00bb400&Prime; el_class=\u00a0\u00bbosprey_lodge\u00a0\u00bb]<img loading=\"lazy\" decoding=\"async\" class=\"wp-image-308 alignright\" src=\"\/wp-content\/uploads\/2017\/12\/Osprey-Lodge-HDR-1.jpg\" alt=\"\" width=\"458\" height=\"305\" \/>Cet endroit est le r\u00eave de tout p\u00eacheur. Le Pavillon Aigle P\u00eacheur est nich\u00e9 sur l&rsquo;\u00cele Guillaume-Couture, tout pr\u00e8s du 51e parall\u00e8le sur le lac Mistassini. Nos invit\u00e9s s\u00e9journant \u00e0 l&rsquo;Aigle P\u00eacheur profiteront d&rsquo;un acc\u00e8s privil\u00e9gi\u00e9 \u00e0 une r\u00e9gion exclusivement r\u00e9serv\u00e9e \u00e0 l&rsquo;usage du pourvoyeur. Vivez la majest\u00e9 du lac Mistassini, le plus grand lac d&rsquo;eau douce du Qu\u00e9bec avec nos guides cris. De plus, l&rsquo;accueil chaleureux de notre personnel fera de votre voyage une exp\u00e9rience de plein air absolument inoubliable.<\/p>\n<h4><a href=\"https:\/\/mistassinilake.com\/fr\/tarifs-et-dates-pavillon-aigle-pecheur\/\">Cliquez ici pour toutes nos dates et tarifs<\/a><\/h4>\n<p>Notre forfait \u00e0 l&rsquo;am\u00e9ricaine inclura des mets exceptionnels, un service sup\u00e9rieur, tout le confort moderne, et le meilleur dans tout \u00e7a : quatre esp\u00e8ces dans le m\u00eame cours d&rsquo;eau. Un appel rustique alli\u00e9 aux services modernes fera en sorte que votre s\u00e9jour au Pavillon Aigle P\u00eacheur sera \u00e0 la fois confortable et m\u00e9morable.<\/p>\n<h4>Le Pavillon Aigle P\u00eacheur comprend cinq chalets pour quatre personnes.<\/h4>\n<p>L&rsquo;Aigle P\u00eacheur peut donc h\u00e9berger jusqu&rsquo;\u00e0 20 invit\u00e9s. Ces charmants chalets sont tous \u00e9quip\u00e9s d&rsquo;un po\u00eale et d\u2019un r\u00e9frig\u00e9rateur avec l\u2019\u00e9clairage et l&rsquo;eau courante, sans oublier un po\u00eale \u00e0 bois pour ajouter une touche de chaleur \u00e0 votre s\u00e9jour. Nos invit\u00e9s ont acc\u00e8s aux toilettes et aux douches communes.<\/p>\n<p>Notre \u00e9quipe exp\u00e9riment\u00e9e, compos\u00e9e de personnel et de guides cris exp\u00e9riment\u00e9s, a h\u00e2te de vous guider et de partager ses connaissances des eaux, de la p\u00eache et la beaut\u00e9 de son territoire immacul\u00e9. Pour de plus amples d\u00e9tails, n&rsquo;h\u00e9sitez pas \u00e0 communiquer avec nous.[\/vc_column_text][vc_column_text css=\u00a0\u00bb.vc_custom_1587736933897{margin-top: 20px !important;}\u00a0\u00bb]\n<p style=\"text-align: center;\"><iframe loading=\"lazy\" src=\"https:\/\/my.matterport.com\/show\/?m=u1Q6Wjym9i5\" width=\"853\" height=\"480\" frameborder=\"0\" allowfullscreen=\"allowfullscreen\"><\/iframe><\/p>\n[\/vc_column_text][\/vc_column][\/vc_row][vc_row][vc_column][vc_custom_heading text=\u00a0\u00bbGalarie Pavillon Aigle P\u00eacheur\u00a0\u00bb font_container=\u00a0\u00bbtag:h2|font_size:31px|text_align:center|color:%231f5d17&Prime; google_fonts=\u00a0\u00bbfont_family:Roboto%20Slab%3A100%2C300%2Cregular%2C700|font_style:700%20bold%20regular%3A700%3Anormal\u00a0\u00bb][vc_column_text]<div>          <\/div><style type=\"text\/css\" scoped>.rbs_gallery_69e91713bdd8fSpinner{\r\n\t\t\t\tmargin: 50px auto;\r\n\t\t\t\twidth: 50px;\r\n\t\t\t\theight: 40px;\r\n\t\t\t\ttext-align: center;\r\n\t\t\t\tfont-size: 10px;\r\n\t\t\t}\r\n\t\t\t.rbs_gallery_69e91713bdd8fSpinner > div{\r\n\t\t\t  background-color: #333;\r\n\t\t\t  height: 100%;\r\n\t\t\t  width: 6px;\r\n\t\t\t  display: inline-block;\r\n\t\t\t  -webkit-animation: rbs_gallery_69e91713bdd8f-stretchdelay 1.2s infinite ease-in-out;\r\n\t\t\t  animation: rbs_gallery_69e91713bdd8f-stretchdelay 1.2s infinite ease-in-out;\r\n\t\t\t}\r\n\t\t\t.rbs_gallery_69e91713bdd8fSpinner .rbs_gallery_69e91713bdd8fRect2 {\r\n\t\t\t  -webkit-animation-delay: -1.1s;\r\n\t\t\t  animation-delay: -1.1s;\r\n\t\t\t}\r\n\t\t\t.rbs_gallery_69e91713bdd8fSpinner .rbs_gallery_69e91713bdd8fRect3 {\r\n\t\t\t  -webkit-animation-delay: -1.0s;\r\n\t\t\t  animation-delay: -1.0s;\r\n\t\t\t}\r\n\t\t\t.rbs_gallery_69e91713bdd8fSpinner .rbs_gallery_69e91713bdd8fRect4 {\r\n\t\t\t  -webkit-animation-delay: -0.9s;\r\n\t\t\t  animation-delay: -0.9s;\r\n\t\t\t}\r\n\t\t\t.rbs_gallery_69e91713bdd8fSpinner .rbs_gallery_69e91713bdd8fRect5 {\r\n\t\t\t  -webkit-animation-delay: -0.8s;\r\n\t\t\t  animation-delay: -0.8s;\r\n\t\t\t}\r\n\t\t\t@-webkit-keyframes rbs_gallery_69e91713bdd8f-stretchdelay {\r\n\t\t\t  0%, 40%, 100% { -webkit-transform: scaleY(0.4) }  \r\n\t\t\t  20% { -webkit-transform: scaleY(1.0) }\r\n\t\t\t}\r\n\t\t\t@keyframes rbs_gallery_69e91713bdd8f-stretchdelay {\r\n\t\t\t  0%, 40%, 100% { \r\n\t\t\t    transform: scaleY(0.4);\r\n\t\t\t    -webkit-transform: scaleY(0.4);\r\n\t\t\t  }  20% { \r\n\t\t\t    transform: scaleY(1.0);\r\n\t\t\t    -webkit-transform: scaleY(1.0);\r\n\t\t\t  }\r\n\t\t\t}\r\n\t\t<\/style><div class=\"robo-gallery-wrap robo-gallery-wrap-id291 robo-gallery-\" ><div id=\"rbs_gallery_69e91713bdd8f-block-loader\" class=\"rbs_gallery_69e91713bdd8fSpinner\"><div class=\"rbs_gallery_69e91713bdd8fRect1\"><\/div> <div class=\"rbs_gallery_69e91713bdd8fRect2\"><\/div> <div class=\"rbs_gallery_69e91713bdd8fRect3\"><\/div> <div class=\"rbs_gallery_69e91713bdd8fRect4\"><\/div> <div class=\"rbs_gallery_69e91713bdd8fRect5\"><\/div><\/div><div class=\"rbs_gallery_button  rbs_gallery_align_left\" id=\"rbs_gallery_69e91713bdd8ffilter\" style=\" display: none;\" ><\/div><div id=\"robo_gallery_main_block_rbs_gallery_69e91713bdd8f\" class=\"robogallery-gallery-291\" style=\"width:100%;  display: none;\"><div id=\"rbs_gallery_69e91713bdd8f\" data-options=\"rbs_gallery_69e91713bdd8f\" style=\"width:100%;\" class=\"robo_gallery  \"><div class=\"rbs-img  category291 \" ><div class=\"rbs-img-image   rbs-lightbox \" ><div class=\"rbs-img-thumbs\"  data-thumbnail=\"https:\/\/mistassinilake.com\/wp-content\/uploads\/2018\/06\/web-_DSC6963-300x200.jpg\"  title=\"web-_DSC6963\"  data-width=\"300\"  data-height=\"200\" ><\/div><div class=\"rbs-img-data-popup\"  data-popup=\"https:\/\/mistassinilake.com\/wp-content\/uploads\/2018\/06\/web-_DSC6963.jpg\"  title=\"web-_DSC6963\" ><\/div><div class=\"thumbnail-overlay\"><div class=\"rbsIcons\"><i class=\"fa fa-search-plus rbsZoomIcon \" ><\/i><\/div><\/div><\/div><\/div><div class=\"rbs-img  category291 \" ><div class=\"rbs-img-image   rbs-lightbox \" ><div class=\"rbs-img-thumbs\"  data-thumbnail=\"https:\/\/mistassinilake.com\/wp-content\/uploads\/2018\/06\/web-_DSC69761-300x200.jpg\"  title=\"web-_DSC6976(1)\"  data-width=\"300\"  data-height=\"200\" ><\/div><div class=\"rbs-img-data-popup\"  data-popup=\"https:\/\/mistassinilake.com\/wp-content\/uploads\/2018\/06\/web-_DSC69761.jpg\"  title=\"web-_DSC6976(1)\" ><\/div><div class=\"thumbnail-overlay\"><div class=\"rbsIcons\"><i class=\"fa fa-search-plus rbsZoomIcon \" ><\/i><\/div><\/div><\/div><\/div><div class=\"rbs-img  category291 \" ><div class=\"rbs-img-image   rbs-lightbox \" ><div class=\"rbs-img-thumbs\"  data-thumbnail=\"https:\/\/mistassinilake.com\/wp-content\/uploads\/2018\/06\/web-_DSC6984-300x200.jpg\"  title=\"web-_DSC6984\"  data-width=\"300\"  data-height=\"200\" ><\/div><div class=\"rbs-img-data-popup\"  data-popup=\"https:\/\/mistassinilake.com\/wp-content\/uploads\/2018\/06\/web-_DSC6984.jpg\"  title=\"web-_DSC6984\" ><\/div><div class=\"thumbnail-overlay\"><div class=\"rbsIcons\"><i class=\"fa fa-search-plus rbsZoomIcon \" ><\/i><\/div><\/div><\/div><\/div><div class=\"rbs-img  category291 \" ><div class=\"rbs-img-image   rbs-lightbox \" ><div class=\"rbs-img-thumbs\"  data-thumbnail=\"https:\/\/mistassinilake.com\/wp-content\/uploads\/2018\/06\/web-_DSC6993-300x200.jpg\"  title=\"web-_DSC6993\"  data-width=\"300\"  data-height=\"200\" ><\/div><div class=\"rbs-img-data-popup\"  data-popup=\"https:\/\/mistassinilake.com\/wp-content\/uploads\/2018\/06\/web-_DSC6993.jpg\"  title=\"web-_DSC6993\" ><\/div><div class=\"thumbnail-overlay\"><div class=\"rbsIcons\"><i class=\"fa fa-search-plus rbsZoomIcon \" ><\/i><\/div><\/div><\/div><\/div><div class=\"rbs-img  category291 \" ><div class=\"rbs-img-image   rbs-lightbox \" ><div class=\"rbs-img-thumbs\"  data-thumbnail=\"https:\/\/mistassinilake.com\/wp-content\/uploads\/2018\/06\/web-_DSC6999-200x300.jpg\"  title=\"web-_DSC6999\"  data-width=\"200\"  data-height=\"300\" ><\/div><div class=\"rbs-img-data-popup\"  data-popup=\"https:\/\/mistassinilake.com\/wp-content\/uploads\/2018\/06\/web-_DSC6999.jpg\"  title=\"web-_DSC6999\" ><\/div><div class=\"thumbnail-overlay\"><div class=\"rbsIcons\"><i class=\"fa fa-search-plus rbsZoomIcon \" ><\/i><\/div><\/div><\/div><\/div><div class=\"rbs-img  category291 \" ><div class=\"rbs-img-image   rbs-lightbox \" ><div class=\"rbs-img-thumbs\"  data-thumbnail=\"https:\/\/mistassinilake.com\/wp-content\/uploads\/2018\/06\/web-DSC_2283-300x197.jpg\"  title=\"web-DSC_2283\"  data-width=\"300\"  data-height=\"197\" ><\/div><div class=\"rbs-img-data-popup\"  data-popup=\"https:\/\/mistassinilake.com\/wp-content\/uploads\/2018\/06\/web-DSC_2283.jpg\"  title=\"web-DSC_2283\" ><\/div><div class=\"thumbnail-overlay\"><div class=\"rbsIcons\"><i class=\"fa fa-search-plus rbsZoomIcon \" ><\/i><\/div><\/div><\/div><\/div><div class=\"rbs-img  category291 \" ><div class=\"rbs-img-image   rbs-lightbox \" ><div class=\"rbs-img-thumbs\"  data-thumbnail=\"https:\/\/mistassinilake.com\/wp-content\/uploads\/2018\/06\/web-DSC_2303-300x197.jpg\"  title=\"web-DSC_2303\"  data-width=\"300\"  data-height=\"197\" ><\/div><div class=\"rbs-img-data-popup\"  data-popup=\"https:\/\/mistassinilake.com\/wp-content\/uploads\/2018\/06\/web-DSC_2303.jpg\"  title=\"web-DSC_2303\" ><\/div><div class=\"thumbnail-overlay\"><div class=\"rbsIcons\"><i class=\"fa fa-search-plus rbsZoomIcon \" ><\/i><\/div><\/div><\/div><\/div><div class=\"rbs-img  category291 \" ><div class=\"rbs-img-image   rbs-lightbox \" ><div class=\"rbs-img-thumbs\"  data-thumbnail=\"https:\/\/mistassinilake.com\/wp-content\/uploads\/2018\/06\/web-Osprey-at-Night_-300x200.jpg\"  title=\"web-Osprey-at-Night_\"  data-width=\"300\"  data-height=\"200\" ><\/div><div class=\"rbs-img-data-popup\"  data-popup=\"https:\/\/mistassinilake.com\/wp-content\/uploads\/2018\/06\/web-Osprey-at-Night_.jpg\"  title=\"web-Osprey-at-Night_\" ><\/div><div class=\"thumbnail-overlay\"><div class=\"rbsIcons\"><i class=\"fa fa-search-plus rbsZoomIcon \" ><\/i><\/div><\/div><\/div><\/div><div class=\"rbs-img  category291 \" ><div class=\"rbs-img-image   rbs-lightbox \" ><div class=\"rbs-img-thumbs\"  data-thumbnail=\"https:\/\/mistassinilake.com\/wp-content\/uploads\/2018\/06\/web-Osprey-under-the-Moon-300x200.jpg\"  title=\"web-Osprey-under-the-Moon\"  data-width=\"300\"  data-height=\"200\" ><\/div><div class=\"rbs-img-data-popup\"  data-popup=\"https:\/\/mistassinilake.com\/wp-content\/uploads\/2018\/06\/web-Osprey-under-the-Moon.jpg\"  title=\"web-Osprey-under-the-Moon\" ><\/div><div class=\"thumbnail-overlay\"><div class=\"rbsIcons\"><i class=\"fa fa-search-plus rbsZoomIcon \" ><\/i><\/div><\/div><\/div><\/div><div class=\"rbs-img  category291 \" ><div class=\"rbs-img-image   rbs-lightbox \" ><div class=\"rbs-img-thumbs\"  data-thumbnail=\"https:\/\/mistassinilake.com\/wp-content\/uploads\/2018\/06\/web-QVO6_Osprey_2-300x225.jpg\"  title=\"web-QVO6_Osprey_2\"  data-width=\"300\"  data-height=\"225\" ><\/div><div class=\"rbs-img-data-popup\"  data-popup=\"https:\/\/mistassinilake.com\/wp-content\/uploads\/2018\/06\/web-QVO6_Osprey_2.jpg\"  title=\"web-QVO6_Osprey_2\" ><\/div><div class=\"thumbnail-overlay\"><div class=\"rbsIcons\"><i class=\"fa fa-search-plus rbsZoomIcon \" ><\/i><\/div><\/div><\/div><\/div><div class=\"rbs-img  category291 \" ><div class=\"rbs-img-image   rbs-lightbox \" ><div class=\"rbs-img-thumbs\"  data-thumbnail=\"https:\/\/mistassinilake.com\/wp-content\/uploads\/2018\/06\/web-QVO6_Osprey_7-200x300.jpg\"  title=\"web-QVO6_Osprey_7\"  data-width=\"200\"  data-height=\"300\" ><\/div><div class=\"rbs-img-data-popup\"  data-popup=\"https:\/\/mistassinilake.com\/wp-content\/uploads\/2018\/06\/web-QVO6_Osprey_7.jpg\"  title=\"web-QVO6_Osprey_7\" ><\/div><div class=\"thumbnail-overlay\"><div class=\"rbsIcons\"><i class=\"fa fa-search-plus rbsZoomIcon \" ><\/i><\/div><\/div><\/div><\/div><div class=\"rbs-img  category291 \" ><div class=\"rbs-img-image   rbs-lightbox \" ><div class=\"rbs-img-thumbs\"  data-thumbnail=\"https:\/\/mistassinilake.com\/wp-content\/uploads\/2018\/06\/web-QVO6_Osprey_21-300x225.jpg\"  title=\"web-QVO6_Osprey_21\"  data-width=\"300\"  data-height=\"225\" ><\/div><div class=\"rbs-img-data-popup\"  data-popup=\"https:\/\/mistassinilake.com\/wp-content\/uploads\/2018\/06\/web-QVO6_Osprey_21.jpg\"  title=\"web-QVO6_Osprey_21\" ><\/div><div class=\"thumbnail-overlay\"><div class=\"rbsIcons\"><i class=\"fa fa-search-plus rbsZoomIcon \" ><\/i><\/div><\/div><\/div><\/div><div class=\"rbs-img  category291 \" ><div class=\"rbs-img-image   rbs-lightbox \" ><div class=\"rbs-img-thumbs\"  data-thumbnail=\"https:\/\/mistassinilake.com\/wp-content\/uploads\/2018\/06\/web-QVO6_Osprey_22-300x225.jpg\"  title=\"web-QVO6_Osprey_22\"  data-width=\"300\"  data-height=\"225\" ><\/div><div class=\"rbs-img-data-popup\"  data-popup=\"https:\/\/mistassinilake.com\/wp-content\/uploads\/2018\/06\/web-QVO6_Osprey_22.jpg\"  title=\"web-QVO6_Osprey_22\" ><\/div><div class=\"thumbnail-overlay\"><div class=\"rbsIcons\"><i class=\"fa fa-search-plus rbsZoomIcon \" ><\/i><\/div><\/div><\/div><\/div><div class=\"rbs-img  category291 \" ><div class=\"rbs-img-image   rbs-lightbox \" ><div class=\"rbs-img-thumbs\"  data-thumbnail=\"https:\/\/mistassinilake.com\/wp-content\/uploads\/2018\/06\/web-QVO6_Osprey_26-300x225.jpg\"  title=\"web-QVO6_Osprey_26\"  data-width=\"300\"  data-height=\"225\" ><\/div><div class=\"rbs-img-data-popup\"  data-popup=\"https:\/\/mistassinilake.com\/wp-content\/uploads\/2018\/06\/web-QVO6_Osprey_26.jpg\"  title=\"web-QVO6_Osprey_26\" ><\/div><div class=\"thumbnail-overlay\"><div class=\"rbsIcons\"><i class=\"fa fa-search-plus rbsZoomIcon \" ><\/i><\/div><\/div><\/div><\/div><div class=\"rbs-img  category291 \" ><div class=\"rbs-img-image   rbs-lightbox \" ><div class=\"rbs-img-thumbs\"  data-thumbnail=\"https:\/\/mistassinilake.com\/wp-content\/uploads\/2018\/06\/web-QVO6_Osprey_30-300x227.jpg\"  title=\"web-QVO6_Osprey_30\"  data-width=\"300\"  data-height=\"227\" ><\/div><div class=\"rbs-img-data-popup\"  data-popup=\"https:\/\/mistassinilake.com\/wp-content\/uploads\/2018\/06\/web-QVO6_Osprey_30.jpg\"  title=\"web-QVO6_Osprey_30\" ><\/div><div class=\"thumbnail-overlay\"><div class=\"rbsIcons\"><i class=\"fa fa-search-plus rbsZoomIcon \" ><\/i><\/div><\/div><\/div><\/div><div class=\"rbs-img  category291 \" ><div class=\"rbs-img-image   rbs-lightbox \" ><div class=\"rbs-img-thumbs\"  data-thumbnail=\"https:\/\/mistassinilake.com\/wp-content\/uploads\/2018\/06\/web-Water-Runners-Slumber-300x200.jpg\"  title=\"web-Water-Runner&#039;s-Slumber\"  data-width=\"300\"  data-height=\"200\" ><\/div><div class=\"rbs-img-data-popup\"  data-popup=\"https:\/\/mistassinilake.com\/wp-content\/uploads\/2018\/06\/web-Water-Runners-Slumber.jpg\"  title=\"web-Water-Runner&#039;s-Slumber\" ><\/div><div class=\"thumbnail-overlay\"><div class=\"rbsIcons\"><i class=\"fa fa-search-plus rbsZoomIcon \" ><\/i><\/div><\/div><\/div><\/div><\/div><\/div><\/div><script>var rbs_gallery_69e91713bdd8f = {\"version\":\"5.1.2\",\"id\":291,\"class\":\"id291\",\"roboGalleryDelay\":1000,\"mainContainer\":\"#robo_gallery_main_block_rbs_gallery_69e91713bdd8f\",\"loadingContainer\":\"#rbs_gallery_69e91713bdd8f-block-loader\",\"loadingContainerObj\":\"rbs_gallery_69e91713bdd8f-block-loader\",\"columnWidth\":\"auto\",\"columns\":3,\"resolutions\":[{\"columnWidth\":\"auto\",\"columns\":3,\"maxWidth\":960},{\"columnWidth\":\"auto\",\"columns\":2,\"maxWidth\":650},{\"columnWidth\":\"auto\",\"columns\":1,\"maxWidth\":450}],\"lightboxOptions\":{\"gallery\":{\"enabled\":true,\"tCounter\":\"%curr% of %total%\"}},\"overlayEffect\":\"direction-aware-fade\",\"boxesToLoadStart\":12,\"boxesToLoad\":8,\"waitUntilThumbLoads\":1,\"LoadingWord\":\"Loading...\",\"loadMoreWord\":\"Load More\",\"noMoreEntriesWord\":\"No More Entries\",\"horizontalSpaceBetweenBoxes\":15,\"verticalSpaceBetweenBoxes\":15,\"lazyLoad\":1,\"wrapContainer\":\"#robo-gallery-wrap-rbs_gallery_69e91713bdd8f\",\"filterContainer\":\"#rbs_gallery_69e91713bdd8ffilter\",\"loadMoreClass\":\"button-border-caution \"};<\/script><div>          <\/div>[\/vc_column_text][\/vc_column][\/vc_row]\n<\/div>","protected":false},"excerpt":{"rendered":"<p>[vc_row][vc_column][vc_custom_heading source=\u00a0\u00bbpost_title\u00a0\u00bb font_container=\u00a0\u00bbtag:h1|font_size:35px|text_align:center|color:%231f5d17&Prime; google_fonts=\u00a0\u00bbfont_family:Roboto%20Slab%3A100%2C300%2Cregular%2C700|font_style:700%20bold%20regular%3A700%3Anormal\u00a0\u00bb][vc_column_text color=\u00a0\u00bb#1b1b1b\u00a0\u00bb font_size=\u00a0\u00bb18px\u00a0\u00bb font_weight=\u00a0\u00bb400&Prime; el_class=\u00a0\u00bbosprey_lodge\u00a0\u00bb]Cet endroit est le r\u00eave de tout p\u00eacheur. Le Pavillon Aigle P\u00eacheur est nich\u00e9 sur l&rsquo;\u00cele Guillaume-Couture, tout pr\u00e8s du 51e parall\u00e8le sur le lac Mistassini. Nos invit\u00e9s s\u00e9journant \u00e0 l&rsquo;Aigle P\u00eacheur profiteront&hellip;<\/p>\n","protected":false},"author":2,"featured_media":0,"parent":0,"menu_order":4,"comment_status":"closed","ping_status":"closed","template":"","meta":{"footnotes":""},"class_list":["post-32","page","type-page","status-publish","hentry","entry","no-media"],"yoast_head":"<!-- This site is optimized with the Yoast SEO plugin v26.9 - https:\/\/yoast.com\/product\/yoast-seo-wordpress\/ -->\n<title>Pavillon Aigle P\u00eacheur<\/title>\n<meta name=\"description\" content=\"Le Pavillon Aigle P\u00eacheur est nich\u00e9 sur l\u2019\u00cele Guillaume-Couture, tout pr\u00e8s du 51e parall\u00e8le sur le lac Mistassini.\" \/>\n<meta name=\"robots\" content=\"index, follow, max-snippet:-1, max-image-preview:large, max-video-preview:-1\" \/>\n<link rel=\"canonical\" href=\"https:\/\/mistassinilake.com\/fr\/pavillon-aigle-pecheur\/\" \/>\n<meta property=\"og:locale\" content=\"fr_FR\" \/>\n<meta property=\"og:type\" content=\"article\" \/>\n<meta property=\"og:title\" content=\"Pavillon Aigle P\u00eacheur\" \/>\n<meta property=\"og:description\" content=\"Le Pavillon Aigle P\u00eacheur est nich\u00e9 sur l\u2019\u00cele Guillaume-Couture, tout pr\u00e8s du 51e parall\u00e8le sur le lac Mistassini.\" \/>\n<meta property=\"og:url\" content=\"https:\/\/mistassinilake.com\/fr\/pavillon-aigle-pecheur\/\" \/>\n<meta property=\"og:site_name\" content=\"Mistassini\" \/>\n<meta property=\"article:publisher\" content=\"https:\/\/www.facebook.com\/MistassiniOutfittingCampsInc\/\" \/>\n<meta property=\"article:modified_time\" content=\"2020-04-24T14:02:16+00:00\" \/>\n<meta property=\"og:image\" content=\"https:\/\/mistassinilake.com\/wp-content\/uploads\/2017\/12\/Osprey-Lodge-HDR-1.jpg\" \/>\n<meta name=\"twitter:card\" content=\"summary_large_image\" \/>\n<meta name=\"twitter:label1\" content=\"Dur\u00e9e de lecture estim\u00e9e\" \/>\n\t<meta name=\"twitter:data1\" content=\"2 minutes\" \/>\n<script type=\"application\/ld+json\" class=\"yoast-schema-graph\">{\"@context\":\"https:\/\/schema.org\",\"@graph\":[{\"@type\":\"WebPage\",\"@id\":\"https:\/\/mistassinilake.com\/fr\/pavillon-aigle-pecheur\/\",\"url\":\"https:\/\/mistassinilake.com\/fr\/pavillon-aigle-pecheur\/\",\"name\":\"Pavillon Aigle P\u00eacheur\",\"isPartOf\":{\"@id\":\"https:\/\/mistassinilake.com\/#website\"},\"datePublished\":\"2017-12-01T15:27:27+00:00\",\"dateModified\":\"2020-04-24T14:02:16+00:00\",\"description\":\"Le Pavillon Aigle P\u00eacheur est nich\u00e9 sur l\u2019\u00cele Guillaume-Couture, tout pr\u00e8s du 51e parall\u00e8le sur le lac Mistassini.\",\"breadcrumb\":{\"@id\":\"https:\/\/mistassinilake.com\/fr\/pavillon-aigle-pecheur\/#breadcrumb\"},\"inLanguage\":\"fr-FR\",\"potentialAction\":[{\"@type\":\"ReadAction\",\"target\":[\"https:\/\/mistassinilake.com\/fr\/pavillon-aigle-pecheur\/\"]}]},{\"@type\":\"BreadcrumbList\",\"@id\":\"https:\/\/mistassinilake.com\/fr\/pavillon-aigle-pecheur\/#breadcrumb\",\"itemListElement\":[{\"@type\":\"ListItem\",\"position\":1,\"name\":\"Home\",\"item\":\"https:\/\/mistassinilake.com\/\"},{\"@type\":\"ListItem\",\"position\":2,\"name\":\"Pavillon Aigle P\u00eacheur\"}]},{\"@type\":\"WebSite\",\"@id\":\"https:\/\/mistassinilake.com\/#website\",\"url\":\"https:\/\/mistassinilake.com\/\",\"name\":\"Mistassini\",\"description\":\"Outfitting Camps\",\"publisher\":{\"@id\":\"https:\/\/mistassinilake.com\/#organization\"},\"potentialAction\":[{\"@type\":\"SearchAction\",\"target\":{\"@type\":\"EntryPoint\",\"urlTemplate\":\"https:\/\/mistassinilake.com\/?s={search_term_string}\"},\"query-input\":{\"@type\":\"PropertyValueSpecification\",\"valueRequired\":true,\"valueName\":\"search_term_string\"}}],\"inLanguage\":\"fr-FR\"},{\"@type\":\"Organization\",\"@id\":\"https:\/\/mistassinilake.com\/#organization\",\"name\":\"Mistassini Outfitting Camps\",\"url\":\"https:\/\/mistassinilake.com\/\",\"logo\":{\"@type\":\"ImageObject\",\"inLanguage\":\"fr-FR\",\"@id\":\"https:\/\/mistassinilake.com\/#\/schema\/logo\/image\/\",\"url\":\"https:\/\/mistassinilake.com\/wp-content\/uploads\/2017\/12\/marker.jpg\",\"contentUrl\":\"https:\/\/mistassinilake.com\/wp-content\/uploads\/2017\/12\/marker.jpg\",\"width\":125,\"height\":117,\"caption\":\"Mistassini Outfitting Camps\"},\"image\":{\"@id\":\"https:\/\/mistassinilake.com\/#\/schema\/logo\/image\/\"},\"sameAs\":[\"https:\/\/www.facebook.com\/MistassiniOutfittingCampsInc\/\"]}]}<\/script>\n<!-- \/ Yoast SEO plugin. -->","yoast_head_json":{"title":"Pavillon Aigle P\u00eacheur","description":"Le Pavillon Aigle P\u00eacheur est nich\u00e9 sur l\u2019\u00cele Guillaume-Couture, tout pr\u00e8s du 51e parall\u00e8le sur le lac Mistassini.","robots":{"index":"index","follow":"follow","max-snippet":"max-snippet:-1","max-image-preview":"max-image-preview:large","max-video-preview":"max-video-preview:-1"},"canonical":"https:\/\/mistassinilake.com\/fr\/pavillon-aigle-pecheur\/","og_locale":"fr_FR","og_type":"article","og_title":"Pavillon Aigle P\u00eacheur","og_description":"Le Pavillon Aigle P\u00eacheur est nich\u00e9 sur l\u2019\u00cele Guillaume-Couture, tout pr\u00e8s du 51e parall\u00e8le sur le lac Mistassini.","og_url":"https:\/\/mistassinilake.com\/fr\/pavillon-aigle-pecheur\/","og_site_name":"Mistassini","article_publisher":"https:\/\/www.facebook.com\/MistassiniOutfittingCampsInc\/","article_modified_time":"2020-04-24T14:02:16+00:00","og_image":[{"url":"https:\/\/mistassinilake.com\/wp-content\/uploads\/2017\/12\/Osprey-Lodge-HDR-1.jpg","type":"","width":"","height":""}],"twitter_card":"summary_large_image","twitter_misc":{"Dur\u00e9e de lecture estim\u00e9e":"2 minutes"},"schema":{"@context":"https:\/\/schema.org","@graph":[{"@type":"WebPage","@id":"https:\/\/mistassinilake.com\/fr\/pavillon-aigle-pecheur\/","url":"https:\/\/mistassinilake.com\/fr\/pavillon-aigle-pecheur\/","name":"Pavillon Aigle P\u00eacheur","isPartOf":{"@id":"https:\/\/mistassinilake.com\/#website"},"datePublished":"2017-12-01T15:27:27+00:00","dateModified":"2020-04-24T14:02:16+00:00","description":"Le Pavillon Aigle P\u00eacheur est nich\u00e9 sur l\u2019\u00cele Guillaume-Couture, tout pr\u00e8s du 51e parall\u00e8le sur le lac Mistassini.","breadcrumb":{"@id":"https:\/\/mistassinilake.com\/fr\/pavillon-aigle-pecheur\/#breadcrumb"},"inLanguage":"fr-FR","potentialAction":[{"@type":"ReadAction","target":["https:\/\/mistassinilake.com\/fr\/pavillon-aigle-pecheur\/"]}]},{"@type":"BreadcrumbList","@id":"https:\/\/mistassinilake.com\/fr\/pavillon-aigle-pecheur\/#breadcrumb","itemListElement":[{"@type":"ListItem","position":1,"name":"Home","item":"https:\/\/mistassinilake.com\/"},{"@type":"ListItem","position":2,"name":"Pavillon Aigle P\u00eacheur"}]},{"@type":"WebSite","@id":"https:\/\/mistassinilake.com\/#website","url":"https:\/\/mistassinilake.com\/","name":"Mistassini","description":"Outfitting Camps","publisher":{"@id":"https:\/\/mistassinilake.com\/#organization"},"potentialAction":[{"@type":"SearchAction","target":{"@type":"EntryPoint","urlTemplate":"https:\/\/mistassinilake.com\/?s={search_term_string}"},"query-input":{"@type":"PropertyValueSpecification","valueRequired":true,"valueName":"search_term_string"}}],"inLanguage":"fr-FR"},{"@type":"Organization","@id":"https:\/\/mistassinilake.com\/#organization","name":"Mistassini Outfitting Camps","url":"https:\/\/mistassinilake.com\/","logo":{"@type":"ImageObject","inLanguage":"fr-FR","@id":"https:\/\/mistassinilake.com\/#\/schema\/logo\/image\/","url":"https:\/\/mistassinilake.com\/wp-content\/uploads\/2017\/12\/marker.jpg","contentUrl":"https:\/\/mistassinilake.com\/wp-content\/uploads\/2017\/12\/marker.jpg","width":125,"height":117,"caption":"Mistassini Outfitting Camps"},"image":{"@id":"https:\/\/mistassinilake.com\/#\/schema\/logo\/image\/"},"sameAs":["https:\/\/www.facebook.com\/MistassiniOutfittingCampsInc\/"]}]}},"_links":{"self":[{"href":"https:\/\/mistassinilake.com\/fr\/wp-json\/wp\/v2\/pages\/32","targetHints":{"allow":["GET"]}}],"collection":[{"href":"https:\/\/mistassinilake.com\/fr\/wp-json\/wp\/v2\/pages"}],"about":[{"href":"https:\/\/mistassinilake.com\/fr\/wp-json\/wp\/v2\/types\/page"}],"author":[{"embeddable":true,"href":"https:\/\/mistassinilake.com\/fr\/wp-json\/wp\/v2\/users\/2"}],"replies":[{"embeddable":true,"href":"https:\/\/mistassinilake.com\/fr\/wp-json\/wp\/v2\/comments?post=32"}],"version-history":[{"count":2,"href":"https:\/\/mistassinilake.com\/fr\/wp-json\/wp\/v2\/pages\/32\/revisions"}],"predecessor-version":[{"id":632,"href":"https:\/\/mistassinilake.com\/fr\/wp-json\/wp\/v2\/pages\/32\/revisions\/632"}],"wp:attachment":[{"href":"https:\/\/mistassinilake.com\/fr\/wp-json\/wp\/v2\/media?parent=32"}],"curies":[{"name":"wp","href":"https:\/\/api.w.org\/{rel}","templated":true}]}}