{"id":36,"date":"2017-12-01T15:30:37","date_gmt":"2017-12-01T15:30:37","guid":{"rendered":"https:\/\/mistassinilake.com\/?page_id=36"},"modified":"2019-06-07T14:09:07","modified_gmt":"2019-06-07T14:09:07","slug":"retraites-corporatives","status":"publish","type":"page","link":"https:\/\/mistassinilake.com\/fr\/retraites-corporatives\/","title":{"rendered":"Retraites corporatives"},"content":{"rendered":"<div class=\"wpb-content-wrapper\">[vc_row][vc_column][vc_custom_heading source=\u00a0\u00bbpost_title\u00a0\u00bb font_container=\u00a0\u00bbtag:h1|font_size:35px|text_align:center|color:%231f5d17&Prime; google_fonts=\u00a0\u00bbfont_family:Roboto%20Slab%3A100%2C300%2Cregular%2C700|font_style:700%20bold%20regular%3A700%3Anormal\u00a0\u00bb][vc_column_text font_family=\u00a0\u00bbLato\u00a0\u00bb color=\u00a0\u00bb#1b1b1b\u00a0\u00bb font_size=\u00a0\u00bb18px\u00a0\u00bb font_weight=\u00a0\u00bb400&Prime;]<img loading=\"lazy\" decoding=\"async\" class=\" wp-image-306 alignright\" src=\"https:\/\/mistassinilake.com\/wp-content\/uploads\/2018\/06\/Conference-Room.jpg\" alt=\"\" width=\"372\" height=\"279\" \/>Surprenez vos employ\u00e9s avec une exp\u00e9rience de formation d\u2019\u00e9quipe ou pour renforcer les liens entre vos clients avec un voyage m\u00e9morable au Camp Louis-Jolliet ou au Pavillon Aigle P\u00eacheur. Le tout nouveau pavillon de r\u00e9union du Camp Louis-Jolliet est id\u00e9al pour votre prochain \u00e9v\u00e9nement corporatif. Laisser les Pourvoiries du lac Mistassini vous aider dans votre retraite et \u00e0 vivre un forfait qui allie la p\u00eache extraordinaire et l&rsquo;h\u00e9bergement de luxe.<\/p>\n<p>Le Camp Louis-Jolliet, id\u00e9al pour de plus gros groupes, peut h\u00e9berger jusqu&rsquo;\u00e0 32 invit\u00e9s et le Pavillon Aigle P\u00eacheur convient aux plus petits groupes, car il peut h\u00e9berger 20 personnes. Nous pouvons cr\u00e9er un forfait personnalis\u00e9 qui conviendra \u00e0 votre groupe.<\/p>\n<p>Veuillez communiquer avec nous d\u00e8s aujourd&rsquo;hui et nous serons heureux de vous aider \u00e0 planifier une retraite d\u2019entreprise incroyable aux Pourvoiries du lac Mistassini.[\/vc_column_text][\/vc_column][\/vc_row]\n<\/div>","protected":false},"excerpt":{"rendered":"<p>[vc_row][vc_column][vc_custom_heading source=\u00a0\u00bbpost_title\u00a0\u00bb font_container=\u00a0\u00bbtag:h1|font_size:35px|text_align:center|color:%231f5d17&Prime; google_fonts=\u00a0\u00bbfont_family:Roboto%20Slab%3A100%2C300%2Cregular%2C700|font_style:700%20bold%20regular%3A700%3Anormal\u00a0\u00bb][vc_column_text font_family=\u00a0\u00bbLato\u00a0\u00bb color=\u00a0\u00bb#1b1b1b\u00a0\u00bb font_size=\u00a0\u00bb18px\u00a0\u00bb font_weight=\u00a0\u00bb400&Prime;]Surprenez vos employ\u00e9s avec une exp\u00e9rience de formation d\u2019\u00e9quipe ou pour renforcer les liens entre vos clients avec un voyage m\u00e9morable au Camp Louis-Jolliet ou au Pavillon Aigle P\u00eacheur. Le tout nouveau pavillon&hellip;<\/p>\n","protected":false},"author":2,"featured_media":0,"parent":0,"menu_order":7,"comment_status":"closed","ping_status":"closed","template":"","meta":{"footnotes":""},"class_list":["post-36","page","type-page","status-publish","hentry","entry","no-media"],"yoast_head":"<!-- This site is optimized with the Yoast SEO plugin v26.9 - https:\/\/yoast.com\/product\/yoast-seo-wordpress\/ -->\n<title>Retraites corporatives<\/title>\n<meta name=\"description\" content=\"Surprenez vos employ\u00e9s avec une exp\u00e9rience de formation d\u2019\u00e9quipe ou pour renforcer les liens entre vos clients avec un voyage m\u00e9morable au Camp Louis-Jolliet ou au Pavillon Aigle P\u00eacheur\" \/>\n<meta name=\"robots\" content=\"index, follow, max-snippet:-1, max-image-preview:large, max-video-preview:-1\" \/>\n<link rel=\"canonical\" href=\"https:\/\/mistassinilake.com\/fr\/retraites-corporatives\/\" \/>\n<meta property=\"og:locale\" content=\"fr_FR\" \/>\n<meta property=\"og:type\" content=\"article\" \/>\n<meta property=\"og:title\" content=\"Retraites corporatives\" \/>\n<meta property=\"og:description\" content=\"Surprenez vos employ\u00e9s avec une exp\u00e9rience de formation d\u2019\u00e9quipe ou pour renforcer les liens entre vos clients avec un voyage m\u00e9morable au Camp Louis-Jolliet ou au Pavillon Aigle P\u00eacheur\" \/>\n<meta property=\"og:url\" content=\"https:\/\/mistassinilake.com\/fr\/retraites-corporatives\/\" \/>\n<meta property=\"og:site_name\" content=\"Mistassini\" \/>\n<meta property=\"article:publisher\" content=\"https:\/\/www.facebook.com\/MistassiniOutfittingCampsInc\/\" \/>\n<meta property=\"article:modified_time\" content=\"2019-06-07T14:09:07+00:00\" \/>\n<meta property=\"og:image\" content=\"https:\/\/mistassinilake.com\/wp-content\/uploads\/2018\/06\/Conference-Room.jpg\" \/>\n<meta name=\"twitter:card\" content=\"summary_large_image\" \/>\n<meta name=\"twitter:label1\" content=\"Dur\u00e9e de lecture estim\u00e9e\" \/>\n\t<meta name=\"twitter:data1\" content=\"1 minute\" \/>\n<script type=\"application\/ld+json\" class=\"yoast-schema-graph\">{\"@context\":\"https:\/\/schema.org\",\"@graph\":[{\"@type\":\"WebPage\",\"@id\":\"https:\/\/mistassinilake.com\/fr\/retraites-corporatives\/\",\"url\":\"https:\/\/mistassinilake.com\/fr\/retraites-corporatives\/\",\"name\":\"Retraites corporatives\",\"isPartOf\":{\"@id\":\"https:\/\/mistassinilake.com\/#website\"},\"primaryImageOfPage\":{\"@id\":\"https:\/\/mistassinilake.com\/fr\/retraites-corporatives\/#primaryimage\"},\"image\":{\"@id\":\"https:\/\/mistassinilake.com\/fr\/retraites-corporatives\/#primaryimage\"},\"thumbnailUrl\":\"https:\/\/mistassinilake.com\/wp-content\/uploads\/2018\/06\/Conference-Room.jpg\",\"datePublished\":\"2017-12-01T15:30:37+00:00\",\"dateModified\":\"2019-06-07T14:09:07+00:00\",\"description\":\"Surprenez vos employ\u00e9s avec une exp\u00e9rience de formation d\u2019\u00e9quipe ou pour renforcer les liens entre vos clients avec un voyage m\u00e9morable au Camp Louis-Jolliet ou au Pavillon Aigle P\u00eacheur\",\"breadcrumb\":{\"@id\":\"https:\/\/mistassinilake.com\/fr\/retraites-corporatives\/#breadcrumb\"},\"inLanguage\":\"fr-FR\",\"potentialAction\":[{\"@type\":\"ReadAction\",\"target\":[\"https:\/\/mistassinilake.com\/fr\/retraites-corporatives\/\"]}]},{\"@type\":\"ImageObject\",\"inLanguage\":\"fr-FR\",\"@id\":\"https:\/\/mistassinilake.com\/fr\/retraites-corporatives\/#primaryimage\",\"url\":\"https:\/\/mistassinilake.com\/wp-content\/uploads\/2018\/06\/Conference-Room.jpg\",\"contentUrl\":\"https:\/\/mistassinilake.com\/wp-content\/uploads\/2018\/06\/Conference-Room.jpg\"},{\"@type\":\"BreadcrumbList\",\"@id\":\"https:\/\/mistassinilake.com\/fr\/retraites-corporatives\/#breadcrumb\",\"itemListElement\":[{\"@type\":\"ListItem\",\"position\":1,\"name\":\"Home\",\"item\":\"https:\/\/mistassinilake.com\/\"},{\"@type\":\"ListItem\",\"position\":2,\"name\":\"Retraites corporatives\"}]},{\"@type\":\"WebSite\",\"@id\":\"https:\/\/mistassinilake.com\/#website\",\"url\":\"https:\/\/mistassinilake.com\/\",\"name\":\"Mistassini\",\"description\":\"Outfitting Camps\",\"publisher\":{\"@id\":\"https:\/\/mistassinilake.com\/#organization\"},\"potentialAction\":[{\"@type\":\"SearchAction\",\"target\":{\"@type\":\"EntryPoint\",\"urlTemplate\":\"https:\/\/mistassinilake.com\/?s={search_term_string}\"},\"query-input\":{\"@type\":\"PropertyValueSpecification\",\"valueRequired\":true,\"valueName\":\"search_term_string\"}}],\"inLanguage\":\"fr-FR\"},{\"@type\":\"Organization\",\"@id\":\"https:\/\/mistassinilake.com\/#organization\",\"name\":\"Mistassini Outfitting Camps\",\"url\":\"https:\/\/mistassinilake.com\/\",\"logo\":{\"@type\":\"ImageObject\",\"inLanguage\":\"fr-FR\",\"@id\":\"https:\/\/mistassinilake.com\/#\/schema\/logo\/image\/\",\"url\":\"https:\/\/mistassinilake.com\/wp-content\/uploads\/2017\/12\/marker.jpg\",\"contentUrl\":\"https:\/\/mistassinilake.com\/wp-content\/uploads\/2017\/12\/marker.jpg\",\"width\":125,\"height\":117,\"caption\":\"Mistassini Outfitting Camps\"},\"image\":{\"@id\":\"https:\/\/mistassinilake.com\/#\/schema\/logo\/image\/\"},\"sameAs\":[\"https:\/\/www.facebook.com\/MistassiniOutfittingCampsInc\/\"]}]}<\/script>\n<!-- \/ Yoast SEO plugin. -->","yoast_head_json":{"title":"Retraites corporatives","description":"Surprenez vos employ\u00e9s avec une exp\u00e9rience de formation d\u2019\u00e9quipe ou pour renforcer les liens entre vos clients avec un voyage m\u00e9morable au Camp Louis-Jolliet ou au Pavillon Aigle P\u00eacheur","robots":{"index":"index","follow":"follow","max-snippet":"max-snippet:-1","max-image-preview":"max-image-preview:large","max-video-preview":"max-video-preview:-1"},"canonical":"https:\/\/mistassinilake.com\/fr\/retraites-corporatives\/","og_locale":"fr_FR","og_type":"article","og_title":"Retraites corporatives","og_description":"Surprenez vos employ\u00e9s avec une exp\u00e9rience de formation d\u2019\u00e9quipe ou pour renforcer les liens entre vos clients avec un voyage m\u00e9morable au Camp Louis-Jolliet ou au Pavillon Aigle P\u00eacheur","og_url":"https:\/\/mistassinilake.com\/fr\/retraites-corporatives\/","og_site_name":"Mistassini","article_publisher":"https:\/\/www.facebook.com\/MistassiniOutfittingCampsInc\/","article_modified_time":"2019-06-07T14:09:07+00:00","og_image":[{"url":"https:\/\/mistassinilake.com\/wp-content\/uploads\/2018\/06\/Conference-Room.jpg","type":"","width":"","height":""}],"twitter_card":"summary_large_image","twitter_misc":{"Dur\u00e9e de lecture estim\u00e9e":"1 minute"},"schema":{"@context":"https:\/\/schema.org","@graph":[{"@type":"WebPage","@id":"https:\/\/mistassinilake.com\/fr\/retraites-corporatives\/","url":"https:\/\/mistassinilake.com\/fr\/retraites-corporatives\/","name":"Retraites corporatives","isPartOf":{"@id":"https:\/\/mistassinilake.com\/#website"},"primaryImageOfPage":{"@id":"https:\/\/mistassinilake.com\/fr\/retraites-corporatives\/#primaryimage"},"image":{"@id":"https:\/\/mistassinilake.com\/fr\/retraites-corporatives\/#primaryimage"},"thumbnailUrl":"https:\/\/mistassinilake.com\/wp-content\/uploads\/2018\/06\/Conference-Room.jpg","datePublished":"2017-12-01T15:30:37+00:00","dateModified":"2019-06-07T14:09:07+00:00","description":"Surprenez vos employ\u00e9s avec une exp\u00e9rience de formation d\u2019\u00e9quipe ou pour renforcer les liens entre vos clients avec un voyage m\u00e9morable au Camp Louis-Jolliet ou au Pavillon Aigle P\u00eacheur","breadcrumb":{"@id":"https:\/\/mistassinilake.com\/fr\/retraites-corporatives\/#breadcrumb"},"inLanguage":"fr-FR","potentialAction":[{"@type":"ReadAction","target":["https:\/\/mistassinilake.com\/fr\/retraites-corporatives\/"]}]},{"@type":"ImageObject","inLanguage":"fr-FR","@id":"https:\/\/mistassinilake.com\/fr\/retraites-corporatives\/#primaryimage","url":"https:\/\/mistassinilake.com\/wp-content\/uploads\/2018\/06\/Conference-Room.jpg","contentUrl":"https:\/\/mistassinilake.com\/wp-content\/uploads\/2018\/06\/Conference-Room.jpg"},{"@type":"BreadcrumbList","@id":"https:\/\/mistassinilake.com\/fr\/retraites-corporatives\/#breadcrumb","itemListElement":[{"@type":"ListItem","position":1,"name":"Home","item":"https:\/\/mistassinilake.com\/"},{"@type":"ListItem","position":2,"name":"Retraites corporatives"}]},{"@type":"WebSite","@id":"https:\/\/mistassinilake.com\/#website","url":"https:\/\/mistassinilake.com\/","name":"Mistassini","description":"Outfitting Camps","publisher":{"@id":"https:\/\/mistassinilake.com\/#organization"},"potentialAction":[{"@type":"SearchAction","target":{"@type":"EntryPoint","urlTemplate":"https:\/\/mistassinilake.com\/?s={search_term_string}"},"query-input":{"@type":"PropertyValueSpecification","valueRequired":true,"valueName":"search_term_string"}}],"inLanguage":"fr-FR"},{"@type":"Organization","@id":"https:\/\/mistassinilake.com\/#organization","name":"Mistassini Outfitting Camps","url":"https:\/\/mistassinilake.com\/","logo":{"@type":"ImageObject","inLanguage":"fr-FR","@id":"https:\/\/mistassinilake.com\/#\/schema\/logo\/image\/","url":"https:\/\/mistassinilake.com\/wp-content\/uploads\/2017\/12\/marker.jpg","contentUrl":"https:\/\/mistassinilake.com\/wp-content\/uploads\/2017\/12\/marker.jpg","width":125,"height":117,"caption":"Mistassini Outfitting Camps"},"image":{"@id":"https:\/\/mistassinilake.com\/#\/schema\/logo\/image\/"},"sameAs":["https:\/\/www.facebook.com\/MistassiniOutfittingCampsInc\/"]}]}},"_links":{"self":[{"href":"https:\/\/mistassinilake.com\/fr\/wp-json\/wp\/v2\/pages\/36","targetHints":{"allow":["GET"]}}],"collection":[{"href":"https:\/\/mistassinilake.com\/fr\/wp-json\/wp\/v2\/pages"}],"about":[{"href":"https:\/\/mistassinilake.com\/fr\/wp-json\/wp\/v2\/types\/page"}],"author":[{"embeddable":true,"href":"https:\/\/mistassinilake.com\/fr\/wp-json\/wp\/v2\/users\/2"}],"replies":[{"embeddable":true,"href":"https:\/\/mistassinilake.com\/fr\/wp-json\/wp\/v2\/comments?post=36"}],"version-history":[{"count":1,"href":"https:\/\/mistassinilake.com\/fr\/wp-json\/wp\/v2\/pages\/36\/revisions"}],"predecessor-version":[{"id":607,"href":"https:\/\/mistassinilake.com\/fr\/wp-json\/wp\/v2\/pages\/36\/revisions\/607"}],"wp:attachment":[{"href":"https:\/\/mistassinilake.com\/fr\/wp-json\/wp\/v2\/media?parent=36"}],"curies":[{"name":"wp","href":"https:\/\/api.w.org\/{rel}","templated":true}]}}