{"id":37,"date":"2017-12-01T15:31:04","date_gmt":"2017-12-01T15:31:04","guid":{"rendered":"https:\/\/mistassinilake.com\/?page_id=37"},"modified":"2018-06-05T13:21:38","modified_gmt":"2018-06-05T13:21:38","slug":"comment-arriver","status":"publish","type":"page","link":"https:\/\/mistassinilake.com\/fr\/comment-arriver\/","title":{"rendered":"Comment arriver"},"content":{"rendered":"<div class=\"wpb-content-wrapper\">[vc_row][vc_column][vc_custom_heading source=\u00a0\u00bbpost_title\u00a0\u00bb font_container=\u00a0\u00bbtag:h1|font_size:35px|text_align:center|color:%231f5d17&Prime; google_fonts=\u00a0\u00bbfont_family:Roboto%20Slab%3A100%2C300%2Cregular%2C700|font_style:700%20bold%20regular%3A700%3Anormal\u00a0\u00bb][vc_column_text font_family=\u00a0\u00bbLato\u00a0\u00bb color=\u00a0\u00bb#1b1b1b\u00a0\u00bb font_size=\u00a0\u00bb18px\u00a0\u00bb font_weight=\u00a0\u00bb400&Prime;]Mistissini est situ\u00e9 dans la r\u00e9gion d&rsquo;Eeyou Istchee\/Baie-James du Qu\u00e9bec, au Canada, sur les rives du plus grand lac d&rsquo;eau douce de la province. Vous pouvez y venir en automobile et en hydravion. Nous sommes \u00e0 proximit\u00e9 de l&rsquo;a\u00e9roport r\u00e9gional de Chibougamau.[\/vc_column_text][vc_row_inner][vc_column_inner width=\u00a0\u00bb1\/2&Prime;][vc_column_text font_family=\u00a0\u00bbLato\u00a0\u00bb color=\u00a0\u00bb#1b1b1b\u00a0\u00bb font_size=\u00a0\u00bb18px\u00a0\u00bb font_weight=\u00a0\u00bb400&Prime;]\n<h4>En arrivant par avion<\/h4>\n<p>La compagnie a\u00e9rienne commerciale AirCreebec offre des vols directs de Montr\u00e9al \u00e0 l&rsquo;a\u00e9roport Chibougamau-Chapais (YMT). Le trajet en voiture sur la pittoresque route\u00a0167 vous am\u00e8ne \u00e0 Mistissini en une heure.[\/vc_column_text][\/vc_column_inner][vc_column_inner width=\u00a0\u00bb1\/2&Prime;][vc_column_text font_family=\u00a0\u00bbLato\u00a0\u00bb color=\u00a0\u00bb#1b1b1b\u00a0\u00bb font_size=\u00a0\u00bb18px\u00a0\u00bb font_weight=\u00a0\u00bb400&Prime;]\n<h4>En arrivant par voiture<\/h4>\n<p>Les chemins menant \u00e0 Mistissini sont asphalt\u00e9s. Si vous souhaitez venir en auto de Montr\u00e9al, il faut pr\u00e9voir environ neuf heures, selon les conditions m\u00e9t\u00e9orologiques. Nous sommes loin des sentiers battus, mais quand m\u00eame accessibles.[\/vc_column_text][\/vc_column_inner][\/vc_row_inner][\/vc_column][\/vc_row][vc_row][vc_column][vc_raw_html]JTVCcHV0X3dwZ20lMjBpZCUzRDElNUQ=[\/vc_raw_html][\/vc_column][\/vc_row][vc_row][vc_column width=\u00a0\u00bb1\/2&Prime;][vc_column_text]\n<h4 class=\"styleh2\">Au volant de Montr\u00e9al<\/h4>\n[\/vc_column_text][vc_empty_space height=\u00a0\u00bb38px\u00a0\u00bb][vc_column_text font_family=\u00a0\u00bbLato\u00a0\u00bb color=\u00a0\u00bb#1b1b1b\u00a0\u00bb font_size=\u00a0\u00bb18px\u00a0\u00bb font_weight=\u00a0\u00bb400&Prime;]Prendre \u00e0 Highway 40 Est \u00e0 Montreal<\/p>\n<p>Dirigez-vous vers l&rsquo;est jusqu&rsquo;\u00e0 l&rsquo;autoroute 40 \u00e0 Trois-Rivi\u00e8res<\/p>\n<p>Prendre la direction du nord sur la route 155 en direction de Shawinigan<\/p>\n<p>Continuez sur l&rsquo;autoroute 155 N jusqu&rsquo;\u00e0 la fin.<\/p>\n<p>Tournez \u00e0 gauche sur QC-169 N (panneaux indiquant Roberval)<\/p>\n<p>Rejoindre \u00e0 gauche la route 167 N<\/p>\n<p>Tournez \u00e0 gauche sur Boulevard St F\u00e9licien<\/p>\n<p>Continuer sur Rang Double N<\/p>\n<p>Tournez \u00e0 gauche sur Boulevard du Jardin \/ QC-167 N<\/p>\n<p>Continuez \u00e0 suivre QC-167 N<\/p>\n<p>Tournez \u00e0 gauche<\/p>\n<p>Tournez \u00e0 droite sur Main St[\/vc_column_text][\/vc_column][vc_column width=\u00a0\u00bb1\/2&Prime;][vc_column_text]\n<h4 class=\"styleh2\">Au d\u00e9part de Ville de Qu\u00e9bec<\/h4>\n[\/vc_column_text][vc_empty_space height=\u00a0\u00bb38px\u00a0\u00bb][vc_column_text font_family=\u00a0\u00bbLato\u00a0\u00bb color=\u00a0\u00bb#1b1b1b\u00a0\u00bb font_size=\u00a0\u00bb18px\u00a0\u00bb font_weight=\u00a0\u00bb400&Prime;]Prenez l&rsquo;autoroute 73 nord depuis Qu\u00e9bec<\/p>\n<p>Continuez vers le nord et vous rejoindrez 175 Nord<\/p>\n<p>Continuez sur l&rsquo;autoroute 175 N jusqu&rsquo;aux panneaux pour QC 169 N<\/p>\n<p>Tournez \u00e0 gauche sur QC-169 N (panneaux indiquant Roberval)<\/p>\n<p>Rejoindre \u00e0 gauche la route 167 N<\/p>\n<p>Tournez \u00e0 gauche sur Boulevard St F\u00e9licien<\/p>\n<p>Continuer sur Rang Double N<\/p>\n<p>Tournez \u00e0 gauche sur Boulevard du Jardin \/ QC-167 N<\/p>\n<p>Continuez \u00e0 suivre QC-167 N<\/p>\n<p>Tournez \u00e0 gauche<\/p>\n<p>Tournez \u00e0 droite sur Main St[\/vc_column_text][\/vc_column][\/vc_row]\n<\/div>","protected":false},"excerpt":{"rendered":"<p>[vc_row][vc_column][vc_custom_heading source=\u00a0\u00bbpost_title\u00a0\u00bb font_container=\u00a0\u00bbtag:h1|font_size:35px|text_align:center|color:%231f5d17&Prime; google_fonts=\u00a0\u00bbfont_family:Roboto%20Slab%3A100%2C300%2Cregular%2C700|font_style:700%20bold%20regular%3A700%3Anormal\u00a0\u00bb][vc_column_text font_family=\u00a0\u00bbLato\u00a0\u00bb color=\u00a0\u00bb#1b1b1b\u00a0\u00bb font_size=\u00a0\u00bb18px\u00a0\u00bb font_weight=\u00a0\u00bb400&Prime;]Mistissini est situ\u00e9 dans la r\u00e9gion d&rsquo;Eeyou Istchee\/Baie-James du Qu\u00e9bec, au Canada, sur les rives du plus grand lac d&rsquo;eau douce de la province. Vous pouvez y venir en automobile et en hydravion.&hellip;<\/p>\n","protected":false},"author":2,"featured_media":0,"parent":0,"menu_order":8,"comment_status":"closed","ping_status":"closed","template":"","meta":{"footnotes":""},"class_list":["post-37","page","type-page","status-publish","hentry","entry","no-media"],"yoast_head":"<!-- This site is optimized with the Yoast SEO plugin v26.9 - https:\/\/yoast.com\/product\/yoast-seo-wordpress\/ -->\n<title>Comment arriver - Mistassini<\/title>\n<meta name=\"robots\" content=\"index, follow, max-snippet:-1, max-image-preview:large, max-video-preview:-1\" \/>\n<link rel=\"canonical\" href=\"https:\/\/mistassinilake.com\/fr\/comment-arriver\/\" \/>\n<meta property=\"og:locale\" content=\"fr_FR\" \/>\n<meta property=\"og:type\" content=\"article\" \/>\n<meta property=\"og:title\" content=\"Comment arriver - Mistassini\" \/>\n<meta property=\"og:description\" content=\"[vc_row][vc_column][vc_custom_heading source=\u00a0\u00bbpost_title\u00a0\u00bb font_container=\u00a0\u00bbtag:h1|font_size:35px|text_align:center|color:%231f5d17&Prime; google_fonts=\u00a0\u00bbfont_family:Roboto%20Slab%3A100%2C300%2Cregular%2C700|font_style:700%20bold%20regular%3A700%3Anormal\u00a0\u00bb][vc_column_text font_family=\u00a0\u00bbLato\u00a0\u00bb color=\u00a0\u00bb#1b1b1b\u00a0\u00bb font_size=\u00a0\u00bb18px\u00a0\u00bb font_weight=\u00a0\u00bb400&Prime;]Mistissini est situ\u00e9 dans la r\u00e9gion d&rsquo;Eeyou Istchee\/Baie-James du Qu\u00e9bec, au Canada, sur les rives du plus grand lac d&rsquo;eau douce de la province. Vous pouvez y venir en automobile et en hydravion.&hellip;\" \/>\n<meta property=\"og:url\" content=\"https:\/\/mistassinilake.com\/fr\/comment-arriver\/\" \/>\n<meta property=\"og:site_name\" content=\"Mistassini\" \/>\n<meta property=\"article:publisher\" content=\"https:\/\/www.facebook.com\/MistassiniOutfittingCampsInc\/\" \/>\n<meta property=\"article:modified_time\" content=\"2018-06-05T13:21:38+00:00\" \/>\n<meta name=\"twitter:card\" content=\"summary_large_image\" \/>\n<meta name=\"twitter:label1\" content=\"Dur\u00e9e de lecture estim\u00e9e\" \/>\n\t<meta name=\"twitter:data1\" content=\"2 minutes\" \/>\n<script type=\"application\/ld+json\" class=\"yoast-schema-graph\">{\"@context\":\"https:\/\/schema.org\",\"@graph\":[{\"@type\":\"WebPage\",\"@id\":\"https:\/\/mistassinilake.com\/fr\/comment-arriver\/\",\"url\":\"https:\/\/mistassinilake.com\/fr\/comment-arriver\/\",\"name\":\"Comment arriver - Mistassini\",\"isPartOf\":{\"@id\":\"https:\/\/mistassinilake.com\/#website\"},\"datePublished\":\"2017-12-01T15:31:04+00:00\",\"dateModified\":\"2018-06-05T13:21:38+00:00\",\"breadcrumb\":{\"@id\":\"https:\/\/mistassinilake.com\/fr\/comment-arriver\/#breadcrumb\"},\"inLanguage\":\"fr-FR\",\"potentialAction\":[{\"@type\":\"ReadAction\",\"target\":[\"https:\/\/mistassinilake.com\/fr\/comment-arriver\/\"]}]},{\"@type\":\"BreadcrumbList\",\"@id\":\"https:\/\/mistassinilake.com\/fr\/comment-arriver\/#breadcrumb\",\"itemListElement\":[{\"@type\":\"ListItem\",\"position\":1,\"name\":\"Home\",\"item\":\"https:\/\/mistassinilake.com\/\"},{\"@type\":\"ListItem\",\"position\":2,\"name\":\"Comment arriver\"}]},{\"@type\":\"WebSite\",\"@id\":\"https:\/\/mistassinilake.com\/#website\",\"url\":\"https:\/\/mistassinilake.com\/\",\"name\":\"Mistassini\",\"description\":\"Outfitting Camps\",\"publisher\":{\"@id\":\"https:\/\/mistassinilake.com\/#organization\"},\"potentialAction\":[{\"@type\":\"SearchAction\",\"target\":{\"@type\":\"EntryPoint\",\"urlTemplate\":\"https:\/\/mistassinilake.com\/?s={search_term_string}\"},\"query-input\":{\"@type\":\"PropertyValueSpecification\",\"valueRequired\":true,\"valueName\":\"search_term_string\"}}],\"inLanguage\":\"fr-FR\"},{\"@type\":\"Organization\",\"@id\":\"https:\/\/mistassinilake.com\/#organization\",\"name\":\"Mistassini Outfitting Camps\",\"url\":\"https:\/\/mistassinilake.com\/\",\"logo\":{\"@type\":\"ImageObject\",\"inLanguage\":\"fr-FR\",\"@id\":\"https:\/\/mistassinilake.com\/#\/schema\/logo\/image\/\",\"url\":\"https:\/\/mistassinilake.com\/wp-content\/uploads\/2017\/12\/marker.jpg\",\"contentUrl\":\"https:\/\/mistassinilake.com\/wp-content\/uploads\/2017\/12\/marker.jpg\",\"width\":125,\"height\":117,\"caption\":\"Mistassini Outfitting Camps\"},\"image\":{\"@id\":\"https:\/\/mistassinilake.com\/#\/schema\/logo\/image\/\"},\"sameAs\":[\"https:\/\/www.facebook.com\/MistassiniOutfittingCampsInc\/\"]}]}<\/script>\n<!-- \/ Yoast SEO plugin. -->","yoast_head_json":{"title":"Comment arriver - Mistassini","robots":{"index":"index","follow":"follow","max-snippet":"max-snippet:-1","max-image-preview":"max-image-preview:large","max-video-preview":"max-video-preview:-1"},"canonical":"https:\/\/mistassinilake.com\/fr\/comment-arriver\/","og_locale":"fr_FR","og_type":"article","og_title":"Comment arriver - Mistassini","og_description":"[vc_row][vc_column][vc_custom_heading source=\u00a0\u00bbpost_title\u00a0\u00bb font_container=\u00a0\u00bbtag:h1|font_size:35px|text_align:center|color:%231f5d17&Prime; google_fonts=\u00a0\u00bbfont_family:Roboto%20Slab%3A100%2C300%2Cregular%2C700|font_style:700%20bold%20regular%3A700%3Anormal\u00a0\u00bb][vc_column_text font_family=\u00a0\u00bbLato\u00a0\u00bb color=\u00a0\u00bb#1b1b1b\u00a0\u00bb font_size=\u00a0\u00bb18px\u00a0\u00bb font_weight=\u00a0\u00bb400&Prime;]Mistissini est situ\u00e9 dans la r\u00e9gion d&rsquo;Eeyou Istchee\/Baie-James du Qu\u00e9bec, au Canada, sur les rives du plus grand lac d&rsquo;eau douce de la province. Vous pouvez y venir en automobile et en hydravion.&hellip;","og_url":"https:\/\/mistassinilake.com\/fr\/comment-arriver\/","og_site_name":"Mistassini","article_publisher":"https:\/\/www.facebook.com\/MistassiniOutfittingCampsInc\/","article_modified_time":"2018-06-05T13:21:38+00:00","twitter_card":"summary_large_image","twitter_misc":{"Dur\u00e9e de lecture estim\u00e9e":"2 minutes"},"schema":{"@context":"https:\/\/schema.org","@graph":[{"@type":"WebPage","@id":"https:\/\/mistassinilake.com\/fr\/comment-arriver\/","url":"https:\/\/mistassinilake.com\/fr\/comment-arriver\/","name":"Comment arriver - Mistassini","isPartOf":{"@id":"https:\/\/mistassinilake.com\/#website"},"datePublished":"2017-12-01T15:31:04+00:00","dateModified":"2018-06-05T13:21:38+00:00","breadcrumb":{"@id":"https:\/\/mistassinilake.com\/fr\/comment-arriver\/#breadcrumb"},"inLanguage":"fr-FR","potentialAction":[{"@type":"ReadAction","target":["https:\/\/mistassinilake.com\/fr\/comment-arriver\/"]}]},{"@type":"BreadcrumbList","@id":"https:\/\/mistassinilake.com\/fr\/comment-arriver\/#breadcrumb","itemListElement":[{"@type":"ListItem","position":1,"name":"Home","item":"https:\/\/mistassinilake.com\/"},{"@type":"ListItem","position":2,"name":"Comment arriver"}]},{"@type":"WebSite","@id":"https:\/\/mistassinilake.com\/#website","url":"https:\/\/mistassinilake.com\/","name":"Mistassini","description":"Outfitting Camps","publisher":{"@id":"https:\/\/mistassinilake.com\/#organization"},"potentialAction":[{"@type":"SearchAction","target":{"@type":"EntryPoint","urlTemplate":"https:\/\/mistassinilake.com\/?s={search_term_string}"},"query-input":{"@type":"PropertyValueSpecification","valueRequired":true,"valueName":"search_term_string"}}],"inLanguage":"fr-FR"},{"@type":"Organization","@id":"https:\/\/mistassinilake.com\/#organization","name":"Mistassini Outfitting Camps","url":"https:\/\/mistassinilake.com\/","logo":{"@type":"ImageObject","inLanguage":"fr-FR","@id":"https:\/\/mistassinilake.com\/#\/schema\/logo\/image\/","url":"https:\/\/mistassinilake.com\/wp-content\/uploads\/2017\/12\/marker.jpg","contentUrl":"https:\/\/mistassinilake.com\/wp-content\/uploads\/2017\/12\/marker.jpg","width":125,"height":117,"caption":"Mistassini Outfitting Camps"},"image":{"@id":"https:\/\/mistassinilake.com\/#\/schema\/logo\/image\/"},"sameAs":["https:\/\/www.facebook.com\/MistassiniOutfittingCampsInc\/"]}]}},"_links":{"self":[{"href":"https:\/\/mistassinilake.com\/fr\/wp-json\/wp\/v2\/pages\/37","targetHints":{"allow":["GET"]}}],"collection":[{"href":"https:\/\/mistassinilake.com\/fr\/wp-json\/wp\/v2\/pages"}],"about":[{"href":"https:\/\/mistassinilake.com\/fr\/wp-json\/wp\/v2\/types\/page"}],"author":[{"embeddable":true,"href":"https:\/\/mistassinilake.com\/fr\/wp-json\/wp\/v2\/users\/2"}],"replies":[{"embeddable":true,"href":"https:\/\/mistassinilake.com\/fr\/wp-json\/wp\/v2\/comments?post=37"}],"version-history":[{"count":1,"href":"https:\/\/mistassinilake.com\/fr\/wp-json\/wp\/v2\/pages\/37\/revisions"}],"predecessor-version":[{"id":529,"href":"https:\/\/mistassinilake.com\/fr\/wp-json\/wp\/v2\/pages\/37\/revisions\/529"}],"wp:attachment":[{"href":"https:\/\/mistassinilake.com\/fr\/wp-json\/wp\/v2\/media?parent=37"}],"curies":[{"name":"wp","href":"https:\/\/api.w.org\/{rel}","templated":true}]}}