{"id":38,"date":"2017-12-01T15:31:39","date_gmt":"2017-12-01T15:31:39","guid":{"rendered":"https:\/\/mistassinilake.com\/?page_id=38"},"modified":"2025-05-14T20:07:15","modified_gmt":"2025-05-14T20:07:15","slug":"contactez-nous","status":"publish","type":"page","link":"https:\/\/mistassinilake.com\/fr\/contactez-nous\/","title":{"rendered":"Contactez-nous"},"content":{"rendered":"<div class=\"wpb-content-wrapper\">[vc_row][vc_column width=\u00a0\u00bb1\/2&Prime;][vc_column_text css=\u00a0\u00bb\u00a0\u00bb font_family=\u00a0\u00bbLato\u00a0\u00bb color=\u00a0\u00bb#1b1b1b\u00a0\u00bb font_size=\u00a0\u00bb18px\u00a0\u00bb font_weight=\u00a0\u00bb400&Prime;]<strong>Planifier et r\u00e9server votre voyage<\/strong><\/p>\n<p>Notre directeur g\u00e9n\u00e9ral est disponible toute l&rsquo;ann\u00e9e pour r\u00e9pondre \u00e0 vos questions concernant un s\u00e9jour \u00e0 l&rsquo;Osprey Lodge ou au camp Louis Jolliet. Nous serons ravis de discuter la p\u00eache, notre culture, et plus. Pour toute question, n&rsquo;h\u00e9sitez pas \u00e0 nous appeler, \u00e0 nous \u00e9crire ou \u00e0 nous rendre visite au:<\/p>\n<p>187 Main Street<br \/>\nMistissini QC<br \/>\nG0W 1C0<\/p>\n<p><a href=\"mailto:info@mistassinilake.com\">info@mistassinilake.com<\/a><br \/>\n418-923-2233[\/vc_column_text][\/vc_column][vc_column width=\u00a0\u00bb1\/2&Prime;][vc_raw_js]JTNDZGl2JTIwY2xhc3MlM0QlMjJtbG9jX2NudF9mb3JtJTIyJTNFJTBBJTNDc2NyaXB0JTIwdHlwZSUzRCUyMnRleHQlMkZqYXZhc2NyaXB0JTIyJTIwc3JjJTNEJTIyaHR0cHMlM0ElMkYlMkZmb3JtLmpvdGZvcm0uY29tJTJGanNmb3JtJTJGODAxODM5MjA4MDgyNTYlMjIlM0UlM0MlMkZzY3JpcHQlM0UlMEElM0MlMkZkaXYlM0U=[\/vc_raw_js][\/vc_column][\/vc_row][vc_row][vc_column][vc_gmaps link=\u00a0\u00bb#E-8_JTNDaWZyYW1lJTIwc3JjJTNEJTIyaHR0cHMlM0ElMkYlMkZ3d3cuZ29vZ2xlLmNvbSUyRm1hcHMlMkZlbWJlZCUzRnBiJTNEJTIxMW0xOCUyMTFtMTIlMjExbTMlMjExZDYzNS41NjkwMzU0Mjk0NjA3JTIxMmQtNzMuODcwMTAyNjYxODQ0NTMlMjEzZDUwLjQxNzMyNjQ5ODcxMDYxNSUyMTJtMyUyMTFmMCUyMTJmMCUyMTNmMCUyMTNtMiUyMTFpMTAyNCUyMTJpNzY4JTIxNGYxMy4xJTIxM20zJTIxMW0yJTIxMXMweDRjZTVjZTRmYWM4NTk0NzclMjUzQTB4MzFmYTg1YTg3MjA3NWJmZSUyMTJzQ3JlZSUyQk5hdGlvbiUyQk9mJTJCTWlzdGlzc2luaSUyMTVlMCUyMTNtMiUyMTFzZW4lMjEyc2NhJTIxNHYxNTE0NTY5MjM2NzYyJTIyJTIwd2lkdGglM0QlMjIxMDAlMjUlMjIlMjBoZWlnaHQlM0QlMjI0NTAlMjIlMjBmcmFtZWJvcmRlciUzRCUyMjAlMjIlMjBzdHlsZSUzRCUyMmJvcmRlciUzQTAlMjIlMjBhbGxvd2Z1bGxzY3JlZW4lM0UlM0MlMkZpZnJhbWUlM0U=\u00a0\u00bb][\/vc_column][\/vc_row]\n<\/div>","protected":false},"excerpt":{"rendered":"<p>[vc_row][vc_column width=\u00a0\u00bb1\/2&Prime;][vc_column_text css=\u00a0\u00bb\u00a0\u00bb font_family=\u00a0\u00bbLato\u00a0\u00bb color=\u00a0\u00bb#1b1b1b\u00a0\u00bb font_size=\u00a0\u00bb18px\u00a0\u00bb font_weight=\u00a0\u00bb400&Prime;]Planifier et r\u00e9server votre voyage Notre directeur g\u00e9n\u00e9ral est disponible toute l&rsquo;ann\u00e9e pour r\u00e9pondre \u00e0 vos questions concernant un s\u00e9jour \u00e0 l&rsquo;Osprey Lodge ou au camp Louis Jolliet. Nous serons ravis de discuter la&hellip;<\/p>\n","protected":false},"author":2,"featured_media":0,"parent":0,"menu_order":9,"comment_status":"closed","ping_status":"closed","template":"","meta":{"footnotes":""},"class_list":["post-38","page","type-page","status-publish","hentry","entry","no-media"],"yoast_head":"<!-- This site is optimized with the Yoast SEO plugin v26.9 - https:\/\/yoast.com\/product\/yoast-seo-wordpress\/ -->\n<title>Nous joindre<\/title>\n<meta name=\"description\" content=\"Notre administrateur est disponible \u00e0 l\u2019ann\u00e9e pour r\u00e9pondre \u00e0 toutes vos questions concernant un voyage au Pavillon Aigle P\u00eacheur ou au Camp Louis-Jolliet des Pourvoiries du lac Mistassini.\" \/>\n<meta name=\"robots\" content=\"index, follow, max-snippet:-1, max-image-preview:large, max-video-preview:-1\" \/>\n<link rel=\"canonical\" href=\"https:\/\/mistassinilake.com\/fr\/contactez-nous\/\" \/>\n<meta property=\"og:locale\" content=\"fr_FR\" \/>\n<meta property=\"og:type\" content=\"article\" \/>\n<meta property=\"og:title\" content=\"Nous joindre\" \/>\n<meta property=\"og:description\" content=\"Notre administrateur est disponible \u00e0 l\u2019ann\u00e9e pour r\u00e9pondre \u00e0 toutes vos questions concernant un voyage au Pavillon Aigle P\u00eacheur ou au Camp Louis-Jolliet des Pourvoiries du lac Mistassini.\" \/>\n<meta property=\"og:url\" content=\"https:\/\/mistassinilake.com\/fr\/contactez-nous\/\" \/>\n<meta property=\"og:site_name\" content=\"Mistassini\" \/>\n<meta property=\"article:publisher\" content=\"https:\/\/www.facebook.com\/MistassiniOutfittingCampsInc\/\" \/>\n<meta property=\"article:modified_time\" content=\"2025-05-14T20:07:15+00:00\" \/>\n<meta name=\"twitter:card\" content=\"summary_large_image\" \/>\n<meta name=\"twitter:label1\" content=\"Dur\u00e9e de lecture estim\u00e9e\" \/>\n\t<meta name=\"twitter:data1\" content=\"1 minute\" \/>\n<script type=\"application\/ld+json\" class=\"yoast-schema-graph\">{\"@context\":\"https:\/\/schema.org\",\"@graph\":[{\"@type\":\"WebPage\",\"@id\":\"https:\/\/mistassinilake.com\/fr\/contactez-nous\/\",\"url\":\"https:\/\/mistassinilake.com\/fr\/contactez-nous\/\",\"name\":\"Nous joindre\",\"isPartOf\":{\"@id\":\"https:\/\/mistassinilake.com\/#website\"},\"datePublished\":\"2017-12-01T15:31:39+00:00\",\"dateModified\":\"2025-05-14T20:07:15+00:00\",\"description\":\"Notre administrateur est disponible \u00e0 l\u2019ann\u00e9e pour r\u00e9pondre \u00e0 toutes vos questions concernant un voyage au Pavillon Aigle P\u00eacheur ou au Camp Louis-Jolliet des Pourvoiries du lac Mistassini.\",\"breadcrumb\":{\"@id\":\"https:\/\/mistassinilake.com\/fr\/contactez-nous\/#breadcrumb\"},\"inLanguage\":\"fr-FR\",\"potentialAction\":[{\"@type\":\"ReadAction\",\"target\":[\"https:\/\/mistassinilake.com\/fr\/contactez-nous\/\"]}]},{\"@type\":\"BreadcrumbList\",\"@id\":\"https:\/\/mistassinilake.com\/fr\/contactez-nous\/#breadcrumb\",\"itemListElement\":[{\"@type\":\"ListItem\",\"position\":1,\"name\":\"Home\",\"item\":\"https:\/\/mistassinilake.com\/\"},{\"@type\":\"ListItem\",\"position\":2,\"name\":\"Contactez-nous\"}]},{\"@type\":\"WebSite\",\"@id\":\"https:\/\/mistassinilake.com\/#website\",\"url\":\"https:\/\/mistassinilake.com\/\",\"name\":\"Mistassini\",\"description\":\"Outfitting Camps\",\"publisher\":{\"@id\":\"https:\/\/mistassinilake.com\/#organization\"},\"potentialAction\":[{\"@type\":\"SearchAction\",\"target\":{\"@type\":\"EntryPoint\",\"urlTemplate\":\"https:\/\/mistassinilake.com\/?s={search_term_string}\"},\"query-input\":{\"@type\":\"PropertyValueSpecification\",\"valueRequired\":true,\"valueName\":\"search_term_string\"}}],\"inLanguage\":\"fr-FR\"},{\"@type\":\"Organization\",\"@id\":\"https:\/\/mistassinilake.com\/#organization\",\"name\":\"Mistassini Outfitting Camps\",\"url\":\"https:\/\/mistassinilake.com\/\",\"logo\":{\"@type\":\"ImageObject\",\"inLanguage\":\"fr-FR\",\"@id\":\"https:\/\/mistassinilake.com\/#\/schema\/logo\/image\/\",\"url\":\"https:\/\/mistassinilake.com\/wp-content\/uploads\/2017\/12\/marker.jpg\",\"contentUrl\":\"https:\/\/mistassinilake.com\/wp-content\/uploads\/2017\/12\/marker.jpg\",\"width\":125,\"height\":117,\"caption\":\"Mistassini Outfitting Camps\"},\"image\":{\"@id\":\"https:\/\/mistassinilake.com\/#\/schema\/logo\/image\/\"},\"sameAs\":[\"https:\/\/www.facebook.com\/MistassiniOutfittingCampsInc\/\"]}]}<\/script>\n<!-- \/ Yoast SEO plugin. -->","yoast_head_json":{"title":"Nous joindre","description":"Notre administrateur est disponible \u00e0 l\u2019ann\u00e9e pour r\u00e9pondre \u00e0 toutes vos questions concernant un voyage au Pavillon Aigle P\u00eacheur ou au Camp Louis-Jolliet des Pourvoiries du lac Mistassini.","robots":{"index":"index","follow":"follow","max-snippet":"max-snippet:-1","max-image-preview":"max-image-preview:large","max-video-preview":"max-video-preview:-1"},"canonical":"https:\/\/mistassinilake.com\/fr\/contactez-nous\/","og_locale":"fr_FR","og_type":"article","og_title":"Nous joindre","og_description":"Notre administrateur est disponible \u00e0 l\u2019ann\u00e9e pour r\u00e9pondre \u00e0 toutes vos questions concernant un voyage au Pavillon Aigle P\u00eacheur ou au Camp Louis-Jolliet des Pourvoiries du lac Mistassini.","og_url":"https:\/\/mistassinilake.com\/fr\/contactez-nous\/","og_site_name":"Mistassini","article_publisher":"https:\/\/www.facebook.com\/MistassiniOutfittingCampsInc\/","article_modified_time":"2025-05-14T20:07:15+00:00","twitter_card":"summary_large_image","twitter_misc":{"Dur\u00e9e de lecture estim\u00e9e":"1 minute"},"schema":{"@context":"https:\/\/schema.org","@graph":[{"@type":"WebPage","@id":"https:\/\/mistassinilake.com\/fr\/contactez-nous\/","url":"https:\/\/mistassinilake.com\/fr\/contactez-nous\/","name":"Nous joindre","isPartOf":{"@id":"https:\/\/mistassinilake.com\/#website"},"datePublished":"2017-12-01T15:31:39+00:00","dateModified":"2025-05-14T20:07:15+00:00","description":"Notre administrateur est disponible \u00e0 l\u2019ann\u00e9e pour r\u00e9pondre \u00e0 toutes vos questions concernant un voyage au Pavillon Aigle P\u00eacheur ou au Camp Louis-Jolliet des Pourvoiries du lac Mistassini.","breadcrumb":{"@id":"https:\/\/mistassinilake.com\/fr\/contactez-nous\/#breadcrumb"},"inLanguage":"fr-FR","potentialAction":[{"@type":"ReadAction","target":["https:\/\/mistassinilake.com\/fr\/contactez-nous\/"]}]},{"@type":"BreadcrumbList","@id":"https:\/\/mistassinilake.com\/fr\/contactez-nous\/#breadcrumb","itemListElement":[{"@type":"ListItem","position":1,"name":"Home","item":"https:\/\/mistassinilake.com\/"},{"@type":"ListItem","position":2,"name":"Contactez-nous"}]},{"@type":"WebSite","@id":"https:\/\/mistassinilake.com\/#website","url":"https:\/\/mistassinilake.com\/","name":"Mistassini","description":"Outfitting Camps","publisher":{"@id":"https:\/\/mistassinilake.com\/#organization"},"potentialAction":[{"@type":"SearchAction","target":{"@type":"EntryPoint","urlTemplate":"https:\/\/mistassinilake.com\/?s={search_term_string}"},"query-input":{"@type":"PropertyValueSpecification","valueRequired":true,"valueName":"search_term_string"}}],"inLanguage":"fr-FR"},{"@type":"Organization","@id":"https:\/\/mistassinilake.com\/#organization","name":"Mistassini Outfitting Camps","url":"https:\/\/mistassinilake.com\/","logo":{"@type":"ImageObject","inLanguage":"fr-FR","@id":"https:\/\/mistassinilake.com\/#\/schema\/logo\/image\/","url":"https:\/\/mistassinilake.com\/wp-content\/uploads\/2017\/12\/marker.jpg","contentUrl":"https:\/\/mistassinilake.com\/wp-content\/uploads\/2017\/12\/marker.jpg","width":125,"height":117,"caption":"Mistassini Outfitting Camps"},"image":{"@id":"https:\/\/mistassinilake.com\/#\/schema\/logo\/image\/"},"sameAs":["https:\/\/www.facebook.com\/MistassiniOutfittingCampsInc\/"]}]}},"_links":{"self":[{"href":"https:\/\/mistassinilake.com\/fr\/wp-json\/wp\/v2\/pages\/38","targetHints":{"allow":["GET"]}}],"collection":[{"href":"https:\/\/mistassinilake.com\/fr\/wp-json\/wp\/v2\/pages"}],"about":[{"href":"https:\/\/mistassinilake.com\/fr\/wp-json\/wp\/v2\/types\/page"}],"author":[{"embeddable":true,"href":"https:\/\/mistassinilake.com\/fr\/wp-json\/wp\/v2\/users\/2"}],"replies":[{"embeddable":true,"href":"https:\/\/mistassinilake.com\/fr\/wp-json\/wp\/v2\/comments?post=38"}],"version-history":[{"count":14,"href":"https:\/\/mistassinilake.com\/fr\/wp-json\/wp\/v2\/pages\/38\/revisions"}],"predecessor-version":[{"id":845,"href":"https:\/\/mistassinilake.com\/fr\/wp-json\/wp\/v2\/pages\/38\/revisions\/845"}],"wp:attachment":[{"href":"https:\/\/mistassinilake.com\/fr\/wp-json\/wp\/v2\/media?parent=38"}],"curies":[{"name":"wp","href":"https:\/\/api.w.org\/{rel}","templated":true}]}}