{"id":41,"date":"2017-12-01T15:34:49","date_gmt":"2017-12-01T15:34:49","guid":{"rendered":"https:\/\/mistassinilake.com\/?page_id=41"},"modified":"2018-01-19T17:14:11","modified_gmt":"2018-01-19T17:14:11","slug":"foire-aux-questions","status":"publish","type":"page","link":"https:\/\/mistassinilake.com\/fr\/foire-aux-questions\/","title":{"rendered":"Foire aux questions"},"content":{"rendered":"<div class=\"wpb-content-wrapper\">[vc_row][vc_column][vc_custom_heading source=\u00a0\u00bbpost_title\u00a0\u00bb font_container=\u00a0\u00bbtag:h1|font_size:35px|text_align:center|color:%231f5d17&Prime; google_fonts=\u00a0\u00bbfont_family:Roboto%20Slab%3A100%2C300%2Cregular%2C700|font_style:700%20bold%20regular%3A700%3Anormal\u00a0\u00bb][vc_tta_accordion c_icon=\u00a0\u00bbtriangle\u00a0\u00bb active_section=\u00a0\u00bb1&Prime;][vc_tta_section title=\u00a0\u00bbEst-ce que les guides pr\u00e9parent des lunchs sur la rive\u2009?\u00a0\u00bb tab_id=\u00a0\u00bb1514568042676-a756fcbf-904e\u00a0\u00bb el_class=\u00a0\u00bbdrkgreen\u00a0\u00bb][vc_column_text]<strong>Vous ne profiteriez pas de l&rsquo;exp\u00e9rience compl\u00e8te du lac Mistassini sans un lunch sur la rive. Chaque jour,<\/strong> nos guides quittent le camp avec l&rsquo;\u00e9quipement n\u00e9cessaire pour pr\u00e9parer un d\u00e9licieux lunch sur la rive. Votre prise du matin est votre lunch.[\/vc_column_text][\/vc_tta_section][vc_tta_section title=\u00a0\u00bbQuel service-repas est offert \u00e0 chaque camp\u2009?\u00a0\u00bb tab_id=\u00a0\u00bb1514568042690-c42e7bfb-e367&Prime; el_class=\u00a0\u00bbdrkgreen\u00a0\u00bb][vc_column_text]<strong>Dans les deux camps, de d\u00e9licieux repas sont pr\u00e9par\u00e9s par nos cuisiniers d&rsquo;exp\u00e9rience.<\/strong> Le d\u00e9jeuner et le souper sont pr\u00e9par\u00e9s au camp et un lunch sur la rive est pr\u00e9par\u00e9 \u00e0 midi.[\/vc_column_text][\/vc_tta_section][vc_tta_section title=\u00a0\u00bbQuel type de bateaux et de moteurs les camps utilisent-ils\u2009?\u00a0\u00bb tab_id=\u00a0\u00bb1514568714252-71bfe83a-9ebf\u00a0\u00bb el_class=\u00a0\u00bbdrkgreen\u00a0\u00bb][vc_column_text]<strong>Dans les deux camps, nous utilisons des bateaux de qualit\u00e9 adapt\u00e9s au lac Mistassini.<\/strong> Nous utilisons des bateaux de 17\u00a0pi avec des moteurs Yamaha de 60 CV.[\/vc_column_text][\/vc_tta_section][vc_tta_section title=\u00a0\u00bbQuel est le nombre maximum de p\u00eacheurs par bateau\u2009?\u00a0\u00bb tab_id=\u00a0\u00bb1514568741184-08fe6082-d490&Prime; el_class=\u00a0\u00bbdrkgreen\u00a0\u00bb][vc_column_text]<strong>Afin d\u2019offrir \u00e0 nos invit\u00e9s une exp\u00e9rience de p\u00eache confortable et s\u00e9curitaire<\/strong>, le nombre maximum de p\u00eacheurs par bateau est de deux.[\/vc_column_text][\/vc_tta_section][vc_tta_section title=\u00a0\u00bbCombien de jours de p\u00eache sont inclus dans les forfaits\u2009?\u00a0\u00bb tab_id=\u00a0\u00bb1514568757648-a28ea4e4-f1b9&Prime; el_class=\u00a0\u00bbdrkgreen\u00a0\u00bb][vc_column_text]<strong>Forfait de 3 jours\u00a0: 2 \u00bd journ\u00e9es de p\u00eache.<\/strong> L&rsquo;arriv\u00e9e est en mi-journ\u00e9e le vendredi et la p\u00eache commence en apr\u00e8s-midi. Le d\u00e9part est le lundi matin, sans p\u00eache le lundi matin.<\/p>\n<p><strong>Forfait de 4 jours\u00a0: 3 \u00bd journ\u00e9es de p\u00eache.<\/strong> L&rsquo;arriv\u00e9e est en mi-journ\u00e9e le lundi et la p\u00eache commence en apr\u00e8s-midi. Le d\u00e9part est le vendredi matin, sans p\u00eache le vendredi.<\/p>\n<p><strong>Forfait de 7 jours\u00a0: 6 \u00bd journ\u00e9es de p\u00eache.<\/strong> Il y a \u00bd journ\u00e9e de p\u00eache le jour de l&rsquo;arriv\u00e9e, mais il n\u2019y en a pas le jour du d\u00e9part.[\/vc_column_text][\/vc_tta_section][vc_tta_section title=\u00a0\u00bbQuelles esp\u00e8ces de poisson peut-on attraper \u00e0 chaque camp\u2009?\u00a0\u00bb tab_id=\u00a0\u00bb1514568790603-c9d75e08-0367&Prime; el_class=\u00a0\u00bbdrkgreen\u00a0\u00bb][vc_column_text]<strong>Les deux camps offrent une p\u00eache impressionnante pour les quatre esp\u00e8ces\u00a0:<\/strong> truite mouchet\u00e9e, truite grise, grand brochet et dor\u00e9.[\/vc_column_text][\/vc_tta_section][vc_tta_section title=\u00a0\u00bbCombien de camps les Pourvoiries du lac Mistassini op\u00e8rent-elles\u2009?\u00a0\u00bb tab_id=\u00a0\u00bb1514568816939-2ce40fbf-b4b1&Prime; el_class=\u00a0\u00bbdrkgreen\u00a0\u00bb][vc_column_text]<strong>Les Pourvoiries du lac Mistassini Inc.<\/strong> exploitent deux camps de p\u00eache, soit le <strong>Pavillon Aigle P\u00eacheur<\/strong> et le <strong>Camp Louis-Jolliet.<\/strong>[\/vc_column_text][\/vc_tta_section][vc_tta_section title=\u00a0\u00bbCombien de poissons puis-je rapporter chez moi\u2009?\u00a0\u00bb tab_id=\u00a0\u00bb1514568843796-06ee7571-bdc4&Prime; el_class=\u00a0\u00bbdrkgreen\u00a0\u00bb][vc_column_text]Aux deux camps, vous pouvez rapporter huit dor\u00e9s, trois truites grises, un grand brochet, <strong>quinze ou cinq kg + une truite mouchet\u00e9e<\/strong>, selon le premier des cas.[\/vc_column_text][\/vc_tta_section][\/vc_tta_accordion][\/vc_column][\/vc_row]\n<\/div>","protected":false},"excerpt":{"rendered":"<p>[vc_row][vc_column][vc_custom_heading source=\u00a0\u00bbpost_title\u00a0\u00bb font_container=\u00a0\u00bbtag:h1|font_size:35px|text_align:center|color:%231f5d17&Prime; google_fonts=\u00a0\u00bbfont_family:Roboto%20Slab%3A100%2C300%2Cregular%2C700|font_style:700%20bold%20regular%3A700%3Anormal\u00a0\u00bb][vc_tta_accordion c_icon=\u00a0\u00bbtriangle\u00a0\u00bb active_section=\u00a0\u00bb1&Prime;][vc_tta_section title=\u00a0\u00bbEst-ce que les guides pr\u00e9parent des lunchs sur la rive\u2009?\u00a0\u00bb tab_id=\u00a0\u00bb1514568042676-a756fcbf-904e\u00a0\u00bb el_class=\u00a0\u00bbdrkgreen\u00a0\u00bb][vc_column_text]Vous ne profiteriez pas de l&rsquo;exp\u00e9rience compl\u00e8te du lac Mistassini sans un lunch sur la rive. Chaque jour, nos guides quittent le camp&hellip;<\/p>\n","protected":false},"author":2,"featured_media":0,"parent":0,"menu_order":11,"comment_status":"closed","ping_status":"closed","template":"","meta":{"footnotes":""},"class_list":["post-41","page","type-page","status-publish","hentry","entry","no-media"],"yoast_head":"<!-- This site is optimized with the Yoast SEO plugin v26.9 - https:\/\/yoast.com\/product\/yoast-seo-wordpress\/ -->\n<title>Foire aux questions - Mistassini<\/title>\n<meta name=\"robots\" content=\"index, follow, max-snippet:-1, max-image-preview:large, max-video-preview:-1\" \/>\n<link rel=\"canonical\" href=\"https:\/\/mistassinilake.com\/fr\/foire-aux-questions\/\" \/>\n<meta property=\"og:locale\" content=\"fr_FR\" \/>\n<meta property=\"og:type\" content=\"article\" \/>\n<meta property=\"og:title\" content=\"Foire aux questions - Mistassini\" \/>\n<meta property=\"og:description\" content=\"[vc_row][vc_column][vc_custom_heading source=\u00a0\u00bbpost_title\u00a0\u00bb font_container=\u00a0\u00bbtag:h1|font_size:35px|text_align:center|color:%231f5d17&Prime; google_fonts=\u00a0\u00bbfont_family:Roboto%20Slab%3A100%2C300%2Cregular%2C700|font_style:700%20bold%20regular%3A700%3Anormal\u00a0\u00bb][vc_tta_accordion c_icon=\u00a0\u00bbtriangle\u00a0\u00bb active_section=\u00a0\u00bb1&Prime;][vc_tta_section title=\u00a0\u00bbEst-ce que les guides pr\u00e9parent des lunchs sur la rive\u2009?\u00a0\u00bb tab_id=\u00a0\u00bb1514568042676-a756fcbf-904e\u00a0\u00bb el_class=\u00a0\u00bbdrkgreen\u00a0\u00bb][vc_column_text]Vous ne profiteriez pas de l&rsquo;exp\u00e9rience compl\u00e8te du lac Mistassini sans un lunch sur la rive. Chaque jour, nos guides quittent le camp&hellip;\" \/>\n<meta property=\"og:url\" content=\"https:\/\/mistassinilake.com\/fr\/foire-aux-questions\/\" \/>\n<meta property=\"og:site_name\" content=\"Mistassini\" \/>\n<meta property=\"article:publisher\" content=\"https:\/\/www.facebook.com\/MistassiniOutfittingCampsInc\/\" \/>\n<meta property=\"article:modified_time\" content=\"2018-01-19T17:14:11+00:00\" \/>\n<meta name=\"twitter:card\" content=\"summary_large_image\" \/>\n<meta name=\"twitter:label1\" content=\"Dur\u00e9e de lecture estim\u00e9e\" \/>\n\t<meta name=\"twitter:data1\" content=\"3 minutes\" \/>\n<script type=\"application\/ld+json\" class=\"yoast-schema-graph\">{\"@context\":\"https:\/\/schema.org\",\"@graph\":[{\"@type\":\"WebPage\",\"@id\":\"https:\/\/mistassinilake.com\/fr\/foire-aux-questions\/\",\"url\":\"https:\/\/mistassinilake.com\/fr\/foire-aux-questions\/\",\"name\":\"Foire aux questions - Mistassini\",\"isPartOf\":{\"@id\":\"https:\/\/mistassinilake.com\/#website\"},\"datePublished\":\"2017-12-01T15:34:49+00:00\",\"dateModified\":\"2018-01-19T17:14:11+00:00\",\"breadcrumb\":{\"@id\":\"https:\/\/mistassinilake.com\/fr\/foire-aux-questions\/#breadcrumb\"},\"inLanguage\":\"fr-FR\",\"potentialAction\":[{\"@type\":\"ReadAction\",\"target\":[\"https:\/\/mistassinilake.com\/fr\/foire-aux-questions\/\"]}]},{\"@type\":\"BreadcrumbList\",\"@id\":\"https:\/\/mistassinilake.com\/fr\/foire-aux-questions\/#breadcrumb\",\"itemListElement\":[{\"@type\":\"ListItem\",\"position\":1,\"name\":\"Home\",\"item\":\"https:\/\/mistassinilake.com\/\"},{\"@type\":\"ListItem\",\"position\":2,\"name\":\"Foire aux questions\"}]},{\"@type\":\"WebSite\",\"@id\":\"https:\/\/mistassinilake.com\/#website\",\"url\":\"https:\/\/mistassinilake.com\/\",\"name\":\"Mistassini\",\"description\":\"Outfitting Camps\",\"publisher\":{\"@id\":\"https:\/\/mistassinilake.com\/#organization\"},\"potentialAction\":[{\"@type\":\"SearchAction\",\"target\":{\"@type\":\"EntryPoint\",\"urlTemplate\":\"https:\/\/mistassinilake.com\/?s={search_term_string}\"},\"query-input\":{\"@type\":\"PropertyValueSpecification\",\"valueRequired\":true,\"valueName\":\"search_term_string\"}}],\"inLanguage\":\"fr-FR\"},{\"@type\":\"Organization\",\"@id\":\"https:\/\/mistassinilake.com\/#organization\",\"name\":\"Mistassini Outfitting Camps\",\"url\":\"https:\/\/mistassinilake.com\/\",\"logo\":{\"@type\":\"ImageObject\",\"inLanguage\":\"fr-FR\",\"@id\":\"https:\/\/mistassinilake.com\/#\/schema\/logo\/image\/\",\"url\":\"https:\/\/mistassinilake.com\/wp-content\/uploads\/2017\/12\/marker.jpg\",\"contentUrl\":\"https:\/\/mistassinilake.com\/wp-content\/uploads\/2017\/12\/marker.jpg\",\"width\":125,\"height\":117,\"caption\":\"Mistassini Outfitting Camps\"},\"image\":{\"@id\":\"https:\/\/mistassinilake.com\/#\/schema\/logo\/image\/\"},\"sameAs\":[\"https:\/\/www.facebook.com\/MistassiniOutfittingCampsInc\/\"]}]}<\/script>\n<!-- \/ Yoast SEO plugin. -->","yoast_head_json":{"title":"Foire aux questions - Mistassini","robots":{"index":"index","follow":"follow","max-snippet":"max-snippet:-1","max-image-preview":"max-image-preview:large","max-video-preview":"max-video-preview:-1"},"canonical":"https:\/\/mistassinilake.com\/fr\/foire-aux-questions\/","og_locale":"fr_FR","og_type":"article","og_title":"Foire aux questions - Mistassini","og_description":"[vc_row][vc_column][vc_custom_heading source=\u00a0\u00bbpost_title\u00a0\u00bb font_container=\u00a0\u00bbtag:h1|font_size:35px|text_align:center|color:%231f5d17&Prime; google_fonts=\u00a0\u00bbfont_family:Roboto%20Slab%3A100%2C300%2Cregular%2C700|font_style:700%20bold%20regular%3A700%3Anormal\u00a0\u00bb][vc_tta_accordion c_icon=\u00a0\u00bbtriangle\u00a0\u00bb active_section=\u00a0\u00bb1&Prime;][vc_tta_section title=\u00a0\u00bbEst-ce que les guides pr\u00e9parent des lunchs sur la rive\u2009?\u00a0\u00bb tab_id=\u00a0\u00bb1514568042676-a756fcbf-904e\u00a0\u00bb el_class=\u00a0\u00bbdrkgreen\u00a0\u00bb][vc_column_text]Vous ne profiteriez pas de l&rsquo;exp\u00e9rience compl\u00e8te du lac Mistassini sans un lunch sur la rive. Chaque jour, nos guides quittent le camp&hellip;","og_url":"https:\/\/mistassinilake.com\/fr\/foire-aux-questions\/","og_site_name":"Mistassini","article_publisher":"https:\/\/www.facebook.com\/MistassiniOutfittingCampsInc\/","article_modified_time":"2018-01-19T17:14:11+00:00","twitter_card":"summary_large_image","twitter_misc":{"Dur\u00e9e de lecture estim\u00e9e":"3 minutes"},"schema":{"@context":"https:\/\/schema.org","@graph":[{"@type":"WebPage","@id":"https:\/\/mistassinilake.com\/fr\/foire-aux-questions\/","url":"https:\/\/mistassinilake.com\/fr\/foire-aux-questions\/","name":"Foire aux questions - Mistassini","isPartOf":{"@id":"https:\/\/mistassinilake.com\/#website"},"datePublished":"2017-12-01T15:34:49+00:00","dateModified":"2018-01-19T17:14:11+00:00","breadcrumb":{"@id":"https:\/\/mistassinilake.com\/fr\/foire-aux-questions\/#breadcrumb"},"inLanguage":"fr-FR","potentialAction":[{"@type":"ReadAction","target":["https:\/\/mistassinilake.com\/fr\/foire-aux-questions\/"]}]},{"@type":"BreadcrumbList","@id":"https:\/\/mistassinilake.com\/fr\/foire-aux-questions\/#breadcrumb","itemListElement":[{"@type":"ListItem","position":1,"name":"Home","item":"https:\/\/mistassinilake.com\/"},{"@type":"ListItem","position":2,"name":"Foire aux questions"}]},{"@type":"WebSite","@id":"https:\/\/mistassinilake.com\/#website","url":"https:\/\/mistassinilake.com\/","name":"Mistassini","description":"Outfitting Camps","publisher":{"@id":"https:\/\/mistassinilake.com\/#organization"},"potentialAction":[{"@type":"SearchAction","target":{"@type":"EntryPoint","urlTemplate":"https:\/\/mistassinilake.com\/?s={search_term_string}"},"query-input":{"@type":"PropertyValueSpecification","valueRequired":true,"valueName":"search_term_string"}}],"inLanguage":"fr-FR"},{"@type":"Organization","@id":"https:\/\/mistassinilake.com\/#organization","name":"Mistassini Outfitting Camps","url":"https:\/\/mistassinilake.com\/","logo":{"@type":"ImageObject","inLanguage":"fr-FR","@id":"https:\/\/mistassinilake.com\/#\/schema\/logo\/image\/","url":"https:\/\/mistassinilake.com\/wp-content\/uploads\/2017\/12\/marker.jpg","contentUrl":"https:\/\/mistassinilake.com\/wp-content\/uploads\/2017\/12\/marker.jpg","width":125,"height":117,"caption":"Mistassini Outfitting Camps"},"image":{"@id":"https:\/\/mistassinilake.com\/#\/schema\/logo\/image\/"},"sameAs":["https:\/\/www.facebook.com\/MistassiniOutfittingCampsInc\/"]}]}},"_links":{"self":[{"href":"https:\/\/mistassinilake.com\/fr\/wp-json\/wp\/v2\/pages\/41","targetHints":{"allow":["GET"]}}],"collection":[{"href":"https:\/\/mistassinilake.com\/fr\/wp-json\/wp\/v2\/pages"}],"about":[{"href":"https:\/\/mistassinilake.com\/fr\/wp-json\/wp\/v2\/types\/page"}],"author":[{"embeddable":true,"href":"https:\/\/mistassinilake.com\/fr\/wp-json\/wp\/v2\/users\/2"}],"replies":[{"embeddable":true,"href":"https:\/\/mistassinilake.com\/fr\/wp-json\/wp\/v2\/comments?post=41"}],"version-history":[{"count":0,"href":"https:\/\/mistassinilake.com\/fr\/wp-json\/wp\/v2\/pages\/41\/revisions"}],"wp:attachment":[{"href":"https:\/\/mistassinilake.com\/fr\/wp-json\/wp\/v2\/media?parent=41"}],"curies":[{"name":"wp","href":"https:\/\/api.w.org\/{rel}","templated":true}]}}