{"id":418,"date":"2017-12-26T16:08:19","date_gmt":"2017-12-26T16:08:19","guid":{"rendered":"https:\/\/mistassinilake.com\/our-team\/"},"modified":"2018-01-22T17:17:50","modified_gmt":"2018-01-22T17:17:50","slug":"notre-equipe","status":"publish","type":"page","link":"https:\/\/mistassinilake.com\/fr\/notre-equipe\/","title":{"rendered":"Notre \u00e9quipe et guides"},"content":{"rendered":"<div class=\"wpb-content-wrapper\">[vc_row][vc_column][vc_custom_heading source=\u00a0\u00bbpost_title\u00a0\u00bb font_container=\u00a0\u00bbtag:h1|font_size:35px|text_align:center|color:%231f5d17&Prime; google_fonts=\u00a0\u00bbfont_family:Roboto%20Slab%3A100%2C300%2Cregular%2C700|font_style:700%20bold%20regular%3A700%3Anormal\u00a0\u00bb][vc_column_text font_family=\u00a0\u00bbLato\u00a0\u00bb color=\u00a0\u00bb#1b1b1b\u00a0\u00bb font_size=\u00a0\u00bb18px\u00a0\u00bb font_weight=\u00a0\u00bb400&Prime;]Il n&rsquo;est pas facile d&rsquo;\u00eatre guide aux Pourvoiries du lac Mistassini. Nous avons besoin de guides pouvant faire plus que de simplement p\u00eacher.<\/p>\n<p><strong>Ils doivent \u00eatre des navigateurs exp\u00e9riment\u00e9s, des cuisiniers sauvages experts, des communicateurs divertissants, tout en \u00e9tant infiniment patients et bien s\u00fbr, de bonne compagnie.<\/strong><\/p>\n<p>Vous passerez environ 10 heures par jour avec votre guide et nous voulons nous assurer que chacune de ces heures soit productive et plaisante. Nous sommes tr\u00e8s privil\u00e9gi\u00e9s d\u2019avoir l&rsquo;\u00e9quipe que nous avons form\u00e9e dans cette r\u00e9gion sauvage \u00e9loign\u00e9e. Chaque membre du groupe a les connaissances, le d\u00e9vouement et les aptitudes de communication n\u00e9cessaires pour s&rsquo;assurer que votre temps pass\u00e9 sur l&rsquo;eau soit \u00e0 la fois m\u00e9morable et divertissant. Ils comprennent que leur travail est d&rsquo;offrir \u00e0 chaque p\u00eacheur le voyage de ses r\u00eaves.<\/p>\n<h4>La s\u00e9curit\u00e9 est leur principale priorit\u00e9.<\/h4>\n<p>. Chaque guide est \u00e9quip\u00e9 d&rsquo;une trousse de premiers soins et de l&rsquo;\u00e9quipement d&rsquo;urgence ad\u00e9quat. La planification et la pr\u00e9paration font partie de leur routine quotidienne. Des r\u00e9unions d&rsquo;\u00e9quipe r\u00e9guli\u00e8res assurent que tous les guides connaissent les lieux et les p\u00e9riodes d&rsquo;activit\u00e9 de la p\u00eache de m\u00eame que le d\u00e9roulement. Les p\u00eacheurs inexp\u00e9riment\u00e9s peuvent \u00eatre assur\u00e9s que l\u2019enseignement des aptitudes de p\u00eache au lancer (combin\u00e9e, avec app\u00e2t ou mouche) et des aptitudes g\u00e9n\u00e9rales de p\u00eache sont une chose que nos guident aiment vraiment. <strong>Chaque nouveau p\u00eacheur arrive \u00e0 aiguiser ses aptitudes de p\u00eache.<\/strong><\/p>\n<p><strong>Rencontrez nos guides\u2026<\/strong>[\/vc_column_text][\/vc_column][\/vc_row][vc_row][vc_column]<div class=\"vcex-module vcex-staff-grid-wrap clr\"><div class=\"wpex-row vcex-staff-grid entries wpex-clr\"><div class=\"staff-entry span_1_of_4 col col-1 has-readmore post-527 entry type-staff has-media\"><div class=\"staff-entry-inner entry-inner clr\"><div class=\"staff-entry-media entry-media wpex-clr wpex-image-hover grow\"><a href=\"https:\/\/mistassinilake.com\/fr\/staff-member\/guide-1\/\" title=\"Norman Neeposh\" class=\"staff-entry-media-link\"><img loading=\"lazy\" decoding=\"async\" width=\"300\" height=\"300\" src=\"https:\/\/mistassinilake.com\/wp-content\/uploads\/2017\/12\/dummy-profile-pic.jpg\" class=\"attachment-full size-full\" alt=\"Norman Neeposh\" srcset=\"https:\/\/mistassinilake.com\/wp-content\/uploads\/2017\/12\/dummy-profile-pic.jpg 300w, https:\/\/mistassinilake.com\/wp-content\/uploads\/2017\/12\/dummy-profile-pic-150x150.jpg 150w, https:\/\/mistassinilake.com\/wp-content\/uploads\/2017\/12\/dummy-profile-pic-125x125.jpg 125w\" sizes=\"auto, (max-width: 300px) 100vw, 300px\" \/><\/a><\/div><div class=\"staff-entry-details entry-details wpex-clr\"><h2 class=\"staff-entry-title entry-title\" style=\"font-size:18px;color:#1b1b1b;font-weight:400;\"><a href=\"https:\/\/mistassinilake.com\/fr\/staff-member\/guide-1\/\" title=\"Norman Neeposh\" style=\"color:#1b1b1b;\">Norman Neeposh<\/a><\/h2><div class=\"staff-entry-readmore-wrap entry-readmore-wrap clr\"><a href=\"https:\/\/mistassinilake.com\/fr\/staff-member\/guide-1\/\" rel=\"bookmark\" class=\"theme-button\" style=\"background:#ff7f00;font-size:18px;\" >En savoir plus<\/a><\/div><\/div><\/div><\/div><div class=\"staff-entry span_1_of_4 col col-2 has-readmore post-526 entry type-staff has-media\"><div class=\"staff-entry-inner entry-inner clr\"><div class=\"staff-entry-media entry-media wpex-clr wpex-image-hover grow\"><a href=\"https:\/\/mistassinilake.com\/fr\/staff-member\/guide-2\/\" title=\"Darryl Gunner\" class=\"staff-entry-media-link\"><img loading=\"lazy\" decoding=\"async\" width=\"300\" height=\"300\" src=\"https:\/\/mistassinilake.com\/wp-content\/uploads\/2017\/12\/dummy-profile-pic.jpg\" class=\"attachment-full size-full\" alt=\"Darryl Gunner\" srcset=\"https:\/\/mistassinilake.com\/wp-content\/uploads\/2017\/12\/dummy-profile-pic.jpg 300w, https:\/\/mistassinilake.com\/wp-content\/uploads\/2017\/12\/dummy-profile-pic-150x150.jpg 150w, https:\/\/mistassinilake.com\/wp-content\/uploads\/2017\/12\/dummy-profile-pic-125x125.jpg 125w\" sizes=\"auto, (max-width: 300px) 100vw, 300px\" \/><\/a><\/div><div class=\"staff-entry-details entry-details wpex-clr\"><h2 class=\"staff-entry-title entry-title\" style=\"font-size:18px;color:#1b1b1b;font-weight:400;\"><a href=\"https:\/\/mistassinilake.com\/fr\/staff-member\/guide-2\/\" title=\"Darryl Gunner\" style=\"color:#1b1b1b;\">Darryl Gunner<\/a><\/h2><div class=\"staff-entry-readmore-wrap entry-readmore-wrap clr\"><a href=\"https:\/\/mistassinilake.com\/fr\/staff-member\/guide-2\/\" rel=\"bookmark\" class=\"theme-button\" style=\"background:#ff7f00;font-size:18px;\" >En savoir plus<\/a><\/div><\/div><\/div><\/div><div class=\"staff-entry span_1_of_4 col col-3 has-readmore post-525 entry type-staff has-media\"><div class=\"staff-entry-inner entry-inner clr\"><div class=\"staff-entry-media entry-media wpex-clr wpex-image-hover grow\"><a href=\"https:\/\/mistassinilake.com\/fr\/staff-member\/guide-3\/\" title=\"Jason Trapper\" class=\"staff-entry-media-link\"><img loading=\"lazy\" decoding=\"async\" width=\"300\" height=\"300\" src=\"https:\/\/mistassinilake.com\/wp-content\/uploads\/2017\/12\/dummy-profile-pic.jpg\" class=\"attachment-full size-full\" alt=\"Jason Trapper\" srcset=\"https:\/\/mistassinilake.com\/wp-content\/uploads\/2017\/12\/dummy-profile-pic.jpg 300w, https:\/\/mistassinilake.com\/wp-content\/uploads\/2017\/12\/dummy-profile-pic-150x150.jpg 150w, https:\/\/mistassinilake.com\/wp-content\/uploads\/2017\/12\/dummy-profile-pic-125x125.jpg 125w\" sizes=\"auto, (max-width: 300px) 100vw, 300px\" \/><\/a><\/div><div class=\"staff-entry-details entry-details wpex-clr\"><h2 class=\"staff-entry-title entry-title\" style=\"font-size:18px;color:#1b1b1b;font-weight:400;\"><a href=\"https:\/\/mistassinilake.com\/fr\/staff-member\/guide-3\/\" title=\"Jason Trapper\" style=\"color:#1b1b1b;\">Jason Trapper<\/a><\/h2><div class=\"staff-entry-readmore-wrap entry-readmore-wrap clr\"><a href=\"https:\/\/mistassinilake.com\/fr\/staff-member\/guide-3\/\" rel=\"bookmark\" class=\"theme-button\" style=\"background:#ff7f00;font-size:18px;\" >En savoir plus<\/a><\/div><\/div><\/div><\/div><div class=\"staff-entry span_1_of_4 col col-4 has-readmore post-524 entry type-staff has-media\"><div class=\"staff-entry-inner entry-inner clr\"><div class=\"staff-entry-media entry-media wpex-clr wpex-image-hover grow\"><a href=\"https:\/\/mistassinilake.com\/fr\/staff-member\/guide-4\/\" title=\"Emmett Gunner\" class=\"staff-entry-media-link\"><img loading=\"lazy\" decoding=\"async\" width=\"300\" height=\"300\" src=\"https:\/\/mistassinilake.com\/wp-content\/uploads\/2017\/12\/dummy-profile-pic.jpg\" class=\"attachment-full size-full\" alt=\"Emmett Gunner\" srcset=\"https:\/\/mistassinilake.com\/wp-content\/uploads\/2017\/12\/dummy-profile-pic.jpg 300w, https:\/\/mistassinilake.com\/wp-content\/uploads\/2017\/12\/dummy-profile-pic-150x150.jpg 150w, https:\/\/mistassinilake.com\/wp-content\/uploads\/2017\/12\/dummy-profile-pic-125x125.jpg 125w\" sizes=\"auto, (max-width: 300px) 100vw, 300px\" \/><\/a><\/div><div class=\"staff-entry-details entry-details wpex-clr\"><h2 class=\"staff-entry-title entry-title\" style=\"font-size:18px;color:#1b1b1b;font-weight:400;\"><a href=\"https:\/\/mistassinilake.com\/fr\/staff-member\/guide-4\/\" title=\"Emmett Gunner\" style=\"color:#1b1b1b;\">Emmett Gunner<\/a><\/h2><div class=\"staff-entry-readmore-wrap entry-readmore-wrap clr\"><a href=\"https:\/\/mistassinilake.com\/fr\/staff-member\/guide-4\/\" rel=\"bookmark\" class=\"theme-button\" style=\"background:#ff7f00;font-size:18px;\" >En savoir plus<\/a><\/div><\/div><\/div><\/div><\/div><\/div>[\/vc_column][\/vc_row]\n<\/div>","protected":false},"excerpt":{"rendered":"<p>[vc_row][vc_column][vc_custom_heading source=\u00a0\u00bbpost_title\u00a0\u00bb font_container=\u00a0\u00bbtag:h1|font_size:35px|text_align:center|color:%231f5d17&Prime; google_fonts=\u00a0\u00bbfont_family:Roboto%20Slab%3A100%2C300%2Cregular%2C700|font_style:700%20bold%20regular%3A700%3Anormal\u00a0\u00bb][vc_column_text font_family=\u00a0\u00bbLato\u00a0\u00bb color=\u00a0\u00bb#1b1b1b\u00a0\u00bb font_size=\u00a0\u00bb18px\u00a0\u00bb font_weight=\u00a0\u00bb400&Prime;]Il n&rsquo;est pas facile d&rsquo;\u00eatre guide aux Pourvoiries du lac Mistassini. Nous avons besoin de guides pouvant faire plus que de simplement p\u00eacher. Ils doivent \u00eatre des navigateurs exp\u00e9riment\u00e9s, des cuisiniers sauvages experts,&hellip;<\/p>\n","protected":false},"author":2,"featured_media":0,"parent":0,"menu_order":20,"comment_status":"closed","ping_status":"closed","template":"","meta":{"footnotes":""},"class_list":["post-418","page","type-page","status-publish","hentry","entry","no-media"],"yoast_head":"<!-- This site is optimized with the Yoast SEO plugin v26.9 - https:\/\/yoast.com\/product\/yoast-seo-wordpress\/ -->\n<title>Notre \u00e9quipe et guides - Mistassini<\/title>\n<meta name=\"robots\" content=\"index, follow, max-snippet:-1, max-image-preview:large, max-video-preview:-1\" \/>\n<link rel=\"canonical\" href=\"https:\/\/mistassinilake.com\/fr\/notre-equipe\/\" \/>\n<meta property=\"og:locale\" content=\"fr_FR\" \/>\n<meta property=\"og:type\" content=\"article\" \/>\n<meta property=\"og:title\" content=\"Notre \u00e9quipe et guides - Mistassini\" \/>\n<meta property=\"og:description\" content=\"[vc_row][vc_column][vc_custom_heading source=\u00a0\u00bbpost_title\u00a0\u00bb font_container=\u00a0\u00bbtag:h1|font_size:35px|text_align:center|color:%231f5d17&Prime; google_fonts=\u00a0\u00bbfont_family:Roboto%20Slab%3A100%2C300%2Cregular%2C700|font_style:700%20bold%20regular%3A700%3Anormal\u00a0\u00bb][vc_column_text font_family=\u00a0\u00bbLato\u00a0\u00bb color=\u00a0\u00bb#1b1b1b\u00a0\u00bb font_size=\u00a0\u00bb18px\u00a0\u00bb font_weight=\u00a0\u00bb400&Prime;]Il n&rsquo;est pas facile d&rsquo;\u00eatre guide aux Pourvoiries du lac Mistassini. Nous avons besoin de guides pouvant faire plus que de simplement p\u00eacher. Ils doivent \u00eatre des navigateurs exp\u00e9riment\u00e9s, des cuisiniers sauvages experts,&hellip;\" \/>\n<meta property=\"og:url\" content=\"https:\/\/mistassinilake.com\/fr\/notre-equipe\/\" \/>\n<meta property=\"og:site_name\" content=\"Mistassini\" \/>\n<meta property=\"article:publisher\" content=\"https:\/\/www.facebook.com\/MistassiniOutfittingCampsInc\/\" \/>\n<meta property=\"article:modified_time\" content=\"2018-01-22T17:17:50+00:00\" \/>\n<meta name=\"twitter:card\" content=\"summary_large_image\" \/>\n<meta name=\"twitter:label1\" content=\"Dur\u00e9e de lecture estim\u00e9e\" \/>\n\t<meta name=\"twitter:data1\" content=\"2 minutes\" \/>\n<script type=\"application\/ld+json\" class=\"yoast-schema-graph\">{\"@context\":\"https:\/\/schema.org\",\"@graph\":[{\"@type\":\"WebPage\",\"@id\":\"https:\/\/mistassinilake.com\/fr\/notre-equipe\/\",\"url\":\"https:\/\/mistassinilake.com\/fr\/notre-equipe\/\",\"name\":\"Notre \u00e9quipe et guides - Mistassini\",\"isPartOf\":{\"@id\":\"https:\/\/mistassinilake.com\/#website\"},\"datePublished\":\"2017-12-26T16:08:19+00:00\",\"dateModified\":\"2018-01-22T17:17:50+00:00\",\"breadcrumb\":{\"@id\":\"https:\/\/mistassinilake.com\/fr\/notre-equipe\/#breadcrumb\"},\"inLanguage\":\"fr-FR\",\"potentialAction\":[{\"@type\":\"ReadAction\",\"target\":[\"https:\/\/mistassinilake.com\/fr\/notre-equipe\/\"]}]},{\"@type\":\"BreadcrumbList\",\"@id\":\"https:\/\/mistassinilake.com\/fr\/notre-equipe\/#breadcrumb\",\"itemListElement\":[{\"@type\":\"ListItem\",\"position\":1,\"name\":\"Home\",\"item\":\"https:\/\/mistassinilake.com\/\"},{\"@type\":\"ListItem\",\"position\":2,\"name\":\"Notre \u00e9quipe et guides\"}]},{\"@type\":\"WebSite\",\"@id\":\"https:\/\/mistassinilake.com\/#website\",\"url\":\"https:\/\/mistassinilake.com\/\",\"name\":\"Mistassini\",\"description\":\"Outfitting Camps\",\"publisher\":{\"@id\":\"https:\/\/mistassinilake.com\/#organization\"},\"potentialAction\":[{\"@type\":\"SearchAction\",\"target\":{\"@type\":\"EntryPoint\",\"urlTemplate\":\"https:\/\/mistassinilake.com\/?s={search_term_string}\"},\"query-input\":{\"@type\":\"PropertyValueSpecification\",\"valueRequired\":true,\"valueName\":\"search_term_string\"}}],\"inLanguage\":\"fr-FR\"},{\"@type\":\"Organization\",\"@id\":\"https:\/\/mistassinilake.com\/#organization\",\"name\":\"Mistassini Outfitting Camps\",\"url\":\"https:\/\/mistassinilake.com\/\",\"logo\":{\"@type\":\"ImageObject\",\"inLanguage\":\"fr-FR\",\"@id\":\"https:\/\/mistassinilake.com\/#\/schema\/logo\/image\/\",\"url\":\"https:\/\/mistassinilake.com\/wp-content\/uploads\/2017\/12\/marker.jpg\",\"contentUrl\":\"https:\/\/mistassinilake.com\/wp-content\/uploads\/2017\/12\/marker.jpg\",\"width\":125,\"height\":117,\"caption\":\"Mistassini Outfitting Camps\"},\"image\":{\"@id\":\"https:\/\/mistassinilake.com\/#\/schema\/logo\/image\/\"},\"sameAs\":[\"https:\/\/www.facebook.com\/MistassiniOutfittingCampsInc\/\"]}]}<\/script>\n<!-- \/ Yoast SEO plugin. -->","yoast_head_json":{"title":"Notre \u00e9quipe et guides - Mistassini","robots":{"index":"index","follow":"follow","max-snippet":"max-snippet:-1","max-image-preview":"max-image-preview:large","max-video-preview":"max-video-preview:-1"},"canonical":"https:\/\/mistassinilake.com\/fr\/notre-equipe\/","og_locale":"fr_FR","og_type":"article","og_title":"Notre \u00e9quipe et guides - Mistassini","og_description":"[vc_row][vc_column][vc_custom_heading source=\u00a0\u00bbpost_title\u00a0\u00bb font_container=\u00a0\u00bbtag:h1|font_size:35px|text_align:center|color:%231f5d17&Prime; google_fonts=\u00a0\u00bbfont_family:Roboto%20Slab%3A100%2C300%2Cregular%2C700|font_style:700%20bold%20regular%3A700%3Anormal\u00a0\u00bb][vc_column_text font_family=\u00a0\u00bbLato\u00a0\u00bb color=\u00a0\u00bb#1b1b1b\u00a0\u00bb font_size=\u00a0\u00bb18px\u00a0\u00bb font_weight=\u00a0\u00bb400&Prime;]Il n&rsquo;est pas facile d&rsquo;\u00eatre guide aux Pourvoiries du lac Mistassini. Nous avons besoin de guides pouvant faire plus que de simplement p\u00eacher. Ils doivent \u00eatre des navigateurs exp\u00e9riment\u00e9s, des cuisiniers sauvages experts,&hellip;","og_url":"https:\/\/mistassinilake.com\/fr\/notre-equipe\/","og_site_name":"Mistassini","article_publisher":"https:\/\/www.facebook.com\/MistassiniOutfittingCampsInc\/","article_modified_time":"2018-01-22T17:17:50+00:00","twitter_card":"summary_large_image","twitter_misc":{"Dur\u00e9e de lecture estim\u00e9e":"2 minutes"},"schema":{"@context":"https:\/\/schema.org","@graph":[{"@type":"WebPage","@id":"https:\/\/mistassinilake.com\/fr\/notre-equipe\/","url":"https:\/\/mistassinilake.com\/fr\/notre-equipe\/","name":"Notre \u00e9quipe et guides - Mistassini","isPartOf":{"@id":"https:\/\/mistassinilake.com\/#website"},"datePublished":"2017-12-26T16:08:19+00:00","dateModified":"2018-01-22T17:17:50+00:00","breadcrumb":{"@id":"https:\/\/mistassinilake.com\/fr\/notre-equipe\/#breadcrumb"},"inLanguage":"fr-FR","potentialAction":[{"@type":"ReadAction","target":["https:\/\/mistassinilake.com\/fr\/notre-equipe\/"]}]},{"@type":"BreadcrumbList","@id":"https:\/\/mistassinilake.com\/fr\/notre-equipe\/#breadcrumb","itemListElement":[{"@type":"ListItem","position":1,"name":"Home","item":"https:\/\/mistassinilake.com\/"},{"@type":"ListItem","position":2,"name":"Notre \u00e9quipe et guides"}]},{"@type":"WebSite","@id":"https:\/\/mistassinilake.com\/#website","url":"https:\/\/mistassinilake.com\/","name":"Mistassini","description":"Outfitting Camps","publisher":{"@id":"https:\/\/mistassinilake.com\/#organization"},"potentialAction":[{"@type":"SearchAction","target":{"@type":"EntryPoint","urlTemplate":"https:\/\/mistassinilake.com\/?s={search_term_string}"},"query-input":{"@type":"PropertyValueSpecification","valueRequired":true,"valueName":"search_term_string"}}],"inLanguage":"fr-FR"},{"@type":"Organization","@id":"https:\/\/mistassinilake.com\/#organization","name":"Mistassini Outfitting Camps","url":"https:\/\/mistassinilake.com\/","logo":{"@type":"ImageObject","inLanguage":"fr-FR","@id":"https:\/\/mistassinilake.com\/#\/schema\/logo\/image\/","url":"https:\/\/mistassinilake.com\/wp-content\/uploads\/2017\/12\/marker.jpg","contentUrl":"https:\/\/mistassinilake.com\/wp-content\/uploads\/2017\/12\/marker.jpg","width":125,"height":117,"caption":"Mistassini Outfitting Camps"},"image":{"@id":"https:\/\/mistassinilake.com\/#\/schema\/logo\/image\/"},"sameAs":["https:\/\/www.facebook.com\/MistassiniOutfittingCampsInc\/"]}]}},"_links":{"self":[{"href":"https:\/\/mistassinilake.com\/fr\/wp-json\/wp\/v2\/pages\/418","targetHints":{"allow":["GET"]}}],"collection":[{"href":"https:\/\/mistassinilake.com\/fr\/wp-json\/wp\/v2\/pages"}],"about":[{"href":"https:\/\/mistassinilake.com\/fr\/wp-json\/wp\/v2\/types\/page"}],"author":[{"embeddable":true,"href":"https:\/\/mistassinilake.com\/fr\/wp-json\/wp\/v2\/users\/2"}],"replies":[{"embeddable":true,"href":"https:\/\/mistassinilake.com\/fr\/wp-json\/wp\/v2\/comments?post=418"}],"version-history":[{"count":0,"href":"https:\/\/mistassinilake.com\/fr\/wp-json\/wp\/v2\/pages\/418\/revisions"}],"wp:attachment":[{"href":"https:\/\/mistassinilake.com\/fr\/wp-json\/wp\/v2\/media?parent=418"}],"curies":[{"name":"wp","href":"https:\/\/api.w.org\/{rel}","templated":true}]}}