{"id":429,"date":"2017-12-26T16:29:47","date_gmt":"2017-12-26T16:29:47","guid":{"rendered":"https:\/\/mistassinilake.com\/location\/"},"modified":"2018-01-19T17:15:03","modified_gmt":"2018-01-19T17:15:03","slug":"emplacement","status":"publish","type":"page","link":"https:\/\/mistassinilake.com\/fr\/emplacement\/","title":{"rendered":"Emplacement"},"content":{"rendered":"<div class=\"wpb-content-wrapper\">[vc_row][vc_column][vc_custom_heading source=\u00a0\u00bbpost_title\u00a0\u00bb font_container=\u00a0\u00bbtag:h1|font_size:35px|text_align:center|color:%231f5d17&Prime; google_fonts=\u00a0\u00bbfont_family:Roboto%20Slab%3A100%2C300%2Cregular%2C700|font_style:700%20bold%20regular%3A700%3Anormal\u00a0\u00bb][vc_column_text font_family=\u00a0\u00bbLato\u00a0\u00bb color=\u00a0\u00bb#1b1b1b\u00a0\u00bb font_size=\u00a0\u00bb18px\u00a0\u00bb font_weight=\u00a0\u00bb400&Prime;]\n<h3>LES POURVOIRIES DU LAC MISTASSINI SONT SITU\u00c9ES SUR LE PLUS GRAND LAC D&rsquo;EAU DOUCE AU QU\u00c9BEC.<\/h3>\n<p>Les Pourvoiries du lac Mistassini Inc. offrent une v\u00e9ritable exp\u00e9rience de p\u00eache \u00e0 l&rsquo;am\u00e9ricaine avec deux camps de p\u00eache extraordinaires sur le plus grand lac d&rsquo;eau douce au Qu\u00e9bec, le lac Mistassini.<\/p>\n<p>Le Pavillon Aigle P\u00eacheur est situ\u00e9 sur l&rsquo;\u00cele Guillaume-Couture, au centre du lac Mistassini, tout pr\u00e8s du 51e parall\u00e8le. Les invit\u00e9s qui demeurent avec nous auront le privil\u00e8ge de p\u00eacher au-dessus du 51e parall\u00e8le, dans un territoire cri exclusif.<\/p>\n<p>Le Camp Louis-Jolliet est nich\u00e9 dans un endroit id\u00e9al pour la p\u00eache sur la rivi\u00e8re Rupert. Nos visiteurs seront accueillis pour un s\u00e9jour inoubliable \u00e0 c\u00f4t\u00e9 de cette impressionnante rivi\u00e8re. Nos guides cris exp\u00e9riment\u00e9s vous feront traverser de nombreux rapides vers des endroits de p\u00eache incomparables.<\/p>\n<p>Les Pourvoiries du lac Mistassini offrent un grand \u00e9ventail et une grande vari\u00e9t\u00e9 de territoires de p\u00eache sur le lac Mistassini et la rivi\u00e8re Rupert. Gr\u00e2ce \u00e0 notre vaste r\u00e9gion exclusive de pourvoirie, nous pouvons vraiment r\u00e9partir la pression exerc\u00e9e par la p\u00eache, gardant ainsi les endroits frais et excitants. Notre territoire offre plus qu&rsquo;une vie d&rsquo;opportunit\u00e9s de p\u00eache.[\/vc_column_text][\/vc_column][\/vc_row]\n<\/div>","protected":false},"excerpt":{"rendered":"<p>[vc_row][vc_column][vc_custom_heading source=\u00a0\u00bbpost_title\u00a0\u00bb font_container=\u00a0\u00bbtag:h1|font_size:35px|text_align:center|color:%231f5d17&Prime; google_fonts=\u00a0\u00bbfont_family:Roboto%20Slab%3A100%2C300%2Cregular%2C700|font_style:700%20bold%20regular%3A700%3Anormal\u00a0\u00bb][vc_column_text font_family=\u00a0\u00bbLato\u00a0\u00bb color=\u00a0\u00bb#1b1b1b\u00a0\u00bb font_size=\u00a0\u00bb18px\u00a0\u00bb font_weight=\u00a0\u00bb400&Prime;] LES POURVOIRIES DU LAC MISTASSINI SONT SITU\u00c9ES SUR LE PLUS GRAND LAC D&rsquo;EAU DOUCE AU QU\u00c9BEC. Les Pourvoiries du lac Mistassini Inc. offrent une v\u00e9ritable exp\u00e9rience de p\u00eache \u00e0 l&rsquo;am\u00e9ricaine avec deux&hellip;<\/p>\n","protected":false},"author":2,"featured_media":0,"parent":0,"menu_order":17,"comment_status":"closed","ping_status":"closed","template":"","meta":{"footnotes":""},"class_list":["post-429","page","type-page","status-publish","hentry","entry","no-media"],"yoast_head":"<!-- This site is optimized with the Yoast SEO plugin v26.9 - https:\/\/yoast.com\/product\/yoast-seo-wordpress\/ -->\n<title>Emplacement - Mistassini<\/title>\n<meta name=\"robots\" content=\"index, follow, max-snippet:-1, max-image-preview:large, max-video-preview:-1\" \/>\n<link rel=\"canonical\" href=\"https:\/\/mistassinilake.com\/fr\/emplacement\/\" \/>\n<meta property=\"og:locale\" content=\"fr_FR\" \/>\n<meta property=\"og:type\" content=\"article\" \/>\n<meta property=\"og:title\" content=\"Emplacement - Mistassini\" \/>\n<meta property=\"og:description\" content=\"[vc_row][vc_column][vc_custom_heading source=\u00a0\u00bbpost_title\u00a0\u00bb font_container=\u00a0\u00bbtag:h1|font_size:35px|text_align:center|color:%231f5d17&Prime; google_fonts=\u00a0\u00bbfont_family:Roboto%20Slab%3A100%2C300%2Cregular%2C700|font_style:700%20bold%20regular%3A700%3Anormal\u00a0\u00bb][vc_column_text font_family=\u00a0\u00bbLato\u00a0\u00bb color=\u00a0\u00bb#1b1b1b\u00a0\u00bb font_size=\u00a0\u00bb18px\u00a0\u00bb font_weight=\u00a0\u00bb400&Prime;] LES POURVOIRIES DU LAC MISTASSINI SONT SITU\u00c9ES SUR LE PLUS GRAND LAC D&rsquo;EAU DOUCE AU QU\u00c9BEC. Les Pourvoiries du lac Mistassini Inc. offrent une v\u00e9ritable exp\u00e9rience de p\u00eache \u00e0 l&rsquo;am\u00e9ricaine avec deux&hellip;\" \/>\n<meta property=\"og:url\" content=\"https:\/\/mistassinilake.com\/fr\/emplacement\/\" \/>\n<meta property=\"og:site_name\" content=\"Mistassini\" \/>\n<meta property=\"article:publisher\" content=\"https:\/\/www.facebook.com\/MistassiniOutfittingCampsInc\/\" \/>\n<meta property=\"article:modified_time\" content=\"2018-01-19T17:15:03+00:00\" \/>\n<meta name=\"twitter:card\" content=\"summary_large_image\" \/>\n<meta name=\"twitter:label1\" content=\"Dur\u00e9e de lecture estim\u00e9e\" \/>\n\t<meta name=\"twitter:data1\" content=\"1 minute\" \/>\n<script type=\"application\/ld+json\" class=\"yoast-schema-graph\">{\"@context\":\"https:\/\/schema.org\",\"@graph\":[{\"@type\":\"WebPage\",\"@id\":\"https:\/\/mistassinilake.com\/fr\/emplacement\/\",\"url\":\"https:\/\/mistassinilake.com\/fr\/emplacement\/\",\"name\":\"Emplacement - Mistassini\",\"isPartOf\":{\"@id\":\"https:\/\/mistassinilake.com\/#website\"},\"datePublished\":\"2017-12-26T16:29:47+00:00\",\"dateModified\":\"2018-01-19T17:15:03+00:00\",\"breadcrumb\":{\"@id\":\"https:\/\/mistassinilake.com\/fr\/emplacement\/#breadcrumb\"},\"inLanguage\":\"fr-FR\",\"potentialAction\":[{\"@type\":\"ReadAction\",\"target\":[\"https:\/\/mistassinilake.com\/fr\/emplacement\/\"]}]},{\"@type\":\"BreadcrumbList\",\"@id\":\"https:\/\/mistassinilake.com\/fr\/emplacement\/#breadcrumb\",\"itemListElement\":[{\"@type\":\"ListItem\",\"position\":1,\"name\":\"Home\",\"item\":\"https:\/\/mistassinilake.com\/\"},{\"@type\":\"ListItem\",\"position\":2,\"name\":\"Emplacement\"}]},{\"@type\":\"WebSite\",\"@id\":\"https:\/\/mistassinilake.com\/#website\",\"url\":\"https:\/\/mistassinilake.com\/\",\"name\":\"Mistassini\",\"description\":\"Outfitting Camps\",\"publisher\":{\"@id\":\"https:\/\/mistassinilake.com\/#organization\"},\"potentialAction\":[{\"@type\":\"SearchAction\",\"target\":{\"@type\":\"EntryPoint\",\"urlTemplate\":\"https:\/\/mistassinilake.com\/?s={search_term_string}\"},\"query-input\":{\"@type\":\"PropertyValueSpecification\",\"valueRequired\":true,\"valueName\":\"search_term_string\"}}],\"inLanguage\":\"fr-FR\"},{\"@type\":\"Organization\",\"@id\":\"https:\/\/mistassinilake.com\/#organization\",\"name\":\"Mistassini Outfitting Camps\",\"url\":\"https:\/\/mistassinilake.com\/\",\"logo\":{\"@type\":\"ImageObject\",\"inLanguage\":\"fr-FR\",\"@id\":\"https:\/\/mistassinilake.com\/#\/schema\/logo\/image\/\",\"url\":\"https:\/\/mistassinilake.com\/wp-content\/uploads\/2017\/12\/marker.jpg\",\"contentUrl\":\"https:\/\/mistassinilake.com\/wp-content\/uploads\/2017\/12\/marker.jpg\",\"width\":125,\"height\":117,\"caption\":\"Mistassini Outfitting Camps\"},\"image\":{\"@id\":\"https:\/\/mistassinilake.com\/#\/schema\/logo\/image\/\"},\"sameAs\":[\"https:\/\/www.facebook.com\/MistassiniOutfittingCampsInc\/\"]}]}<\/script>\n<!-- \/ Yoast SEO plugin. -->","yoast_head_json":{"title":"Emplacement - Mistassini","robots":{"index":"index","follow":"follow","max-snippet":"max-snippet:-1","max-image-preview":"max-image-preview:large","max-video-preview":"max-video-preview:-1"},"canonical":"https:\/\/mistassinilake.com\/fr\/emplacement\/","og_locale":"fr_FR","og_type":"article","og_title":"Emplacement - Mistassini","og_description":"[vc_row][vc_column][vc_custom_heading source=\u00a0\u00bbpost_title\u00a0\u00bb font_container=\u00a0\u00bbtag:h1|font_size:35px|text_align:center|color:%231f5d17&Prime; google_fonts=\u00a0\u00bbfont_family:Roboto%20Slab%3A100%2C300%2Cregular%2C700|font_style:700%20bold%20regular%3A700%3Anormal\u00a0\u00bb][vc_column_text font_family=\u00a0\u00bbLato\u00a0\u00bb color=\u00a0\u00bb#1b1b1b\u00a0\u00bb font_size=\u00a0\u00bb18px\u00a0\u00bb font_weight=\u00a0\u00bb400&Prime;] LES POURVOIRIES DU LAC MISTASSINI SONT SITU\u00c9ES SUR LE PLUS GRAND LAC D&rsquo;EAU DOUCE AU QU\u00c9BEC. Les Pourvoiries du lac Mistassini Inc. offrent une v\u00e9ritable exp\u00e9rience de p\u00eache \u00e0 l&rsquo;am\u00e9ricaine avec deux&hellip;","og_url":"https:\/\/mistassinilake.com\/fr\/emplacement\/","og_site_name":"Mistassini","article_publisher":"https:\/\/www.facebook.com\/MistassiniOutfittingCampsInc\/","article_modified_time":"2018-01-19T17:15:03+00:00","twitter_card":"summary_large_image","twitter_misc":{"Dur\u00e9e de lecture estim\u00e9e":"1 minute"},"schema":{"@context":"https:\/\/schema.org","@graph":[{"@type":"WebPage","@id":"https:\/\/mistassinilake.com\/fr\/emplacement\/","url":"https:\/\/mistassinilake.com\/fr\/emplacement\/","name":"Emplacement - Mistassini","isPartOf":{"@id":"https:\/\/mistassinilake.com\/#website"},"datePublished":"2017-12-26T16:29:47+00:00","dateModified":"2018-01-19T17:15:03+00:00","breadcrumb":{"@id":"https:\/\/mistassinilake.com\/fr\/emplacement\/#breadcrumb"},"inLanguage":"fr-FR","potentialAction":[{"@type":"ReadAction","target":["https:\/\/mistassinilake.com\/fr\/emplacement\/"]}]},{"@type":"BreadcrumbList","@id":"https:\/\/mistassinilake.com\/fr\/emplacement\/#breadcrumb","itemListElement":[{"@type":"ListItem","position":1,"name":"Home","item":"https:\/\/mistassinilake.com\/"},{"@type":"ListItem","position":2,"name":"Emplacement"}]},{"@type":"WebSite","@id":"https:\/\/mistassinilake.com\/#website","url":"https:\/\/mistassinilake.com\/","name":"Mistassini","description":"Outfitting Camps","publisher":{"@id":"https:\/\/mistassinilake.com\/#organization"},"potentialAction":[{"@type":"SearchAction","target":{"@type":"EntryPoint","urlTemplate":"https:\/\/mistassinilake.com\/?s={search_term_string}"},"query-input":{"@type":"PropertyValueSpecification","valueRequired":true,"valueName":"search_term_string"}}],"inLanguage":"fr-FR"},{"@type":"Organization","@id":"https:\/\/mistassinilake.com\/#organization","name":"Mistassini Outfitting Camps","url":"https:\/\/mistassinilake.com\/","logo":{"@type":"ImageObject","inLanguage":"fr-FR","@id":"https:\/\/mistassinilake.com\/#\/schema\/logo\/image\/","url":"https:\/\/mistassinilake.com\/wp-content\/uploads\/2017\/12\/marker.jpg","contentUrl":"https:\/\/mistassinilake.com\/wp-content\/uploads\/2017\/12\/marker.jpg","width":125,"height":117,"caption":"Mistassini Outfitting Camps"},"image":{"@id":"https:\/\/mistassinilake.com\/#\/schema\/logo\/image\/"},"sameAs":["https:\/\/www.facebook.com\/MistassiniOutfittingCampsInc\/"]}]}},"_links":{"self":[{"href":"https:\/\/mistassinilake.com\/fr\/wp-json\/wp\/v2\/pages\/429","targetHints":{"allow":["GET"]}}],"collection":[{"href":"https:\/\/mistassinilake.com\/fr\/wp-json\/wp\/v2\/pages"}],"about":[{"href":"https:\/\/mistassinilake.com\/fr\/wp-json\/wp\/v2\/types\/page"}],"author":[{"embeddable":true,"href":"https:\/\/mistassinilake.com\/fr\/wp-json\/wp\/v2\/users\/2"}],"replies":[{"embeddable":true,"href":"https:\/\/mistassinilake.com\/fr\/wp-json\/wp\/v2\/comments?post=429"}],"version-history":[{"count":0,"href":"https:\/\/mistassinilake.com\/fr\/wp-json\/wp\/v2\/pages\/429\/revisions"}],"wp:attachment":[{"href":"https:\/\/mistassinilake.com\/fr\/wp-json\/wp\/v2\/media?parent=429"}],"curies":[{"name":"wp","href":"https:\/\/api.w.org\/{rel}","templated":true}]}}