{"id":434,"date":"2017-12-26T16:35:11","date_gmt":"2017-12-26T16:35:11","guid":{"rendered":"https:\/\/mistassinilake.com\/reservation-request\/"},"modified":"2018-01-19T17:01:10","modified_gmt":"2018-01-19T17:01:10","slug":"demande-de-reservation-2","status":"publish","type":"page","link":"https:\/\/mistassinilake.com\/fr\/demande-de-reservation-2\/","title":{"rendered":"Demande de r\u00e9servation"},"content":{"rendered":"<div class=\"wpb-content-wrapper\">[vc_row][vc_column][vc_custom_heading source=\u00a0\u00bbpost_title\u00a0\u00bb font_container=\u00a0\u00bbtag:h1|font_size:35px|text_align:center|color:%231f5d17&Prime; google_fonts=\u00a0\u00bbfont_family:Roboto%20Slab%3A100%2C300%2Cregular%2C700|font_style:700%20bold%20regular%3A700%3Anormal\u00a0\u00bb][vc_column_text font_family=\u00a0\u00bbLato\u00a0\u00bb color=\u00a0\u00bb#1b1b1b\u00a0\u00bb font_size=\u00a0\u00bb18px\u00a0\u00bb font_weight=\u00a0\u00bb400&Prime;]<strong>Dates des salons\u00a02018<\/strong><\/p>\n<p><strong>-Salon National de la Pourvoirie<\/strong>, \u00e0 Qu\u00e9bec au Complexe Capitale H\u00e9licopt\u00e8re, du 18 au 21 janvier 2018<\/p>\n<p><strong>-Salon National de la Pourvoirie<\/strong>, \u00e0 Laval \u00e0 la Place Forzani, du 25 au 28 janvier 2018<\/p>\n<p><strong>-Springfield Sportsmen\u2019s Show<\/strong>, \u00e0 West Springfield (Mass.) \u00e0 l\u2019Eastern States Exposition, du 23 au 25 f\u00e9vrier 2018<\/p>\n<p><strong>-Salon National de la Pourvoirie<\/strong>, \u00e0 Trois-Rivi\u00e8res au Centre Alphonse-Desjardins, du 6 au 8 avril 2018<\/p>\n<p>Nous serons pr\u00e9sents \u00e0 quatre salons cet hiver. Ceci donnera aux invit\u00e9s l\u2019occasion de r\u00e9server \u00e0 ce moment s&rsquo;ils le d\u00e9sirent. Nous savons que ce ne sont pas toutes les personnes qui ont la possibilit\u00e9 de planifier tr\u00e8s longtemps \u00e0 l&rsquo;avance et vous \u00eates les bienvenus si vous voulez nous rendre visite en personne pendant l&rsquo;hiver.<\/p>\n<p>Nous croyons que l&rsquo;\u00e9t\u00e9\u00a02018 sera une excellente saison, car nos invit\u00e9s pr\u00e9c\u00e9dents et de nouvelles personnes int\u00e9ress\u00e9es communiquent d\u00e9j\u00e0 avec nous pour r\u00e9server pour la saison prochaine. Si vous n&rsquo;avez pas encore r\u00e9serv\u00e9 votre prochain voyage de p\u00eache, nous vous encourageons \u00e0 communiquer avec nous d\u00e8s que vous conna\u00eetrez les dates qui vous conviendront.<\/p>\n<p>Pour de plus amples renseignements ou pour r\u00e9server, appelez Stephan au 418-923-3466 ou au 418-770-6331 (cellulaire). Il vous aidera \u00e0 planifier vos prochaines vacances avec plaisir.[\/vc_column_text][\/vc_column][\/vc_row]\n<\/div>","protected":false},"excerpt":{"rendered":"<p>[vc_row][vc_column][vc_custom_heading source=\u00a0\u00bbpost_title\u00a0\u00bb font_container=\u00a0\u00bbtag:h1|font_size:35px|text_align:center|color:%231f5d17&Prime; google_fonts=\u00a0\u00bbfont_family:Roboto%20Slab%3A100%2C300%2Cregular%2C700|font_style:700%20bold%20regular%3A700%3Anormal\u00a0\u00bb][vc_column_text font_family=\u00a0\u00bbLato\u00a0\u00bb color=\u00a0\u00bb#1b1b1b\u00a0\u00bb font_size=\u00a0\u00bb18px\u00a0\u00bb font_weight=\u00a0\u00bb400&Prime;]Dates des salons\u00a02018 -Salon National de la Pourvoirie, \u00e0 Qu\u00e9bec au Complexe Capitale H\u00e9licopt\u00e8re, du 18 au 21 janvier 2018 -Salon National de la Pourvoirie, \u00e0 Laval \u00e0 la Place Forzani, du 25&hellip;<\/p>\n","protected":false},"author":2,"featured_media":0,"parent":0,"menu_order":22,"comment_status":"closed","ping_status":"closed","template":"","meta":{"footnotes":""},"class_list":["post-434","page","type-page","status-publish","hentry","entry","no-media"],"yoast_head":"<!-- This site is optimized with the Yoast SEO plugin v26.9 - https:\/\/yoast.com\/product\/yoast-seo-wordpress\/ -->\n<title>Demande de r\u00e9servation - Mistassini<\/title>\n<meta name=\"robots\" content=\"index, follow, max-snippet:-1, max-image-preview:large, max-video-preview:-1\" \/>\n<link rel=\"canonical\" href=\"https:\/\/mistassinilake.com\/fr\/demande-de-reservation-2\/\" \/>\n<meta property=\"og:locale\" content=\"fr_FR\" \/>\n<meta property=\"og:type\" content=\"article\" \/>\n<meta property=\"og:title\" content=\"Demande de r\u00e9servation - Mistassini\" \/>\n<meta property=\"og:description\" content=\"[vc_row][vc_column][vc_custom_heading source=\u00a0\u00bbpost_title\u00a0\u00bb font_container=\u00a0\u00bbtag:h1|font_size:35px|text_align:center|color:%231f5d17&Prime; google_fonts=\u00a0\u00bbfont_family:Roboto%20Slab%3A100%2C300%2Cregular%2C700|font_style:700%20bold%20regular%3A700%3Anormal\u00a0\u00bb][vc_column_text font_family=\u00a0\u00bbLato\u00a0\u00bb color=\u00a0\u00bb#1b1b1b\u00a0\u00bb font_size=\u00a0\u00bb18px\u00a0\u00bb font_weight=\u00a0\u00bb400&Prime;]Dates des salons\u00a02018 -Salon National de la Pourvoirie, \u00e0 Qu\u00e9bec au Complexe Capitale H\u00e9licopt\u00e8re, du 18 au 21 janvier 2018 -Salon National de la Pourvoirie, \u00e0 Laval \u00e0 la Place Forzani, du 25&hellip;\" \/>\n<meta property=\"og:url\" content=\"https:\/\/mistassinilake.com\/fr\/demande-de-reservation-2\/\" \/>\n<meta property=\"og:site_name\" content=\"Mistassini\" \/>\n<meta property=\"article:publisher\" content=\"https:\/\/www.facebook.com\/MistassiniOutfittingCampsInc\/\" \/>\n<meta property=\"article:modified_time\" content=\"2018-01-19T17:01:10+00:00\" \/>\n<meta name=\"twitter:card\" content=\"summary_large_image\" \/>\n<meta name=\"twitter:label1\" content=\"Dur\u00e9e de lecture estim\u00e9e\" \/>\n\t<meta name=\"twitter:data1\" content=\"1 minute\" \/>\n<script type=\"application\/ld+json\" class=\"yoast-schema-graph\">{\"@context\":\"https:\/\/schema.org\",\"@graph\":[{\"@type\":\"WebPage\",\"@id\":\"https:\/\/mistassinilake.com\/fr\/demande-de-reservation-2\/\",\"url\":\"https:\/\/mistassinilake.com\/fr\/demande-de-reservation-2\/\",\"name\":\"Demande de r\u00e9servation - Mistassini\",\"isPartOf\":{\"@id\":\"https:\/\/mistassinilake.com\/#website\"},\"datePublished\":\"2017-12-26T16:35:11+00:00\",\"dateModified\":\"2018-01-19T17:01:10+00:00\",\"breadcrumb\":{\"@id\":\"https:\/\/mistassinilake.com\/fr\/demande-de-reservation-2\/#breadcrumb\"},\"inLanguage\":\"fr-FR\",\"potentialAction\":[{\"@type\":\"ReadAction\",\"target\":[\"https:\/\/mistassinilake.com\/fr\/demande-de-reservation-2\/\"]}]},{\"@type\":\"BreadcrumbList\",\"@id\":\"https:\/\/mistassinilake.com\/fr\/demande-de-reservation-2\/#breadcrumb\",\"itemListElement\":[{\"@type\":\"ListItem\",\"position\":1,\"name\":\"Home\",\"item\":\"https:\/\/mistassinilake.com\/\"},{\"@type\":\"ListItem\",\"position\":2,\"name\":\"Demande de r\u00e9servation\"}]},{\"@type\":\"WebSite\",\"@id\":\"https:\/\/mistassinilake.com\/#website\",\"url\":\"https:\/\/mistassinilake.com\/\",\"name\":\"Mistassini\",\"description\":\"Outfitting Camps\",\"publisher\":{\"@id\":\"https:\/\/mistassinilake.com\/#organization\"},\"potentialAction\":[{\"@type\":\"SearchAction\",\"target\":{\"@type\":\"EntryPoint\",\"urlTemplate\":\"https:\/\/mistassinilake.com\/?s={search_term_string}\"},\"query-input\":{\"@type\":\"PropertyValueSpecification\",\"valueRequired\":true,\"valueName\":\"search_term_string\"}}],\"inLanguage\":\"fr-FR\"},{\"@type\":\"Organization\",\"@id\":\"https:\/\/mistassinilake.com\/#organization\",\"name\":\"Mistassini Outfitting Camps\",\"url\":\"https:\/\/mistassinilake.com\/\",\"logo\":{\"@type\":\"ImageObject\",\"inLanguage\":\"fr-FR\",\"@id\":\"https:\/\/mistassinilake.com\/#\/schema\/logo\/image\/\",\"url\":\"https:\/\/mistassinilake.com\/wp-content\/uploads\/2017\/12\/marker.jpg\",\"contentUrl\":\"https:\/\/mistassinilake.com\/wp-content\/uploads\/2017\/12\/marker.jpg\",\"width\":125,\"height\":117,\"caption\":\"Mistassini Outfitting Camps\"},\"image\":{\"@id\":\"https:\/\/mistassinilake.com\/#\/schema\/logo\/image\/\"},\"sameAs\":[\"https:\/\/www.facebook.com\/MistassiniOutfittingCampsInc\/\"]}]}<\/script>\n<!-- \/ Yoast SEO plugin. -->","yoast_head_json":{"title":"Demande de r\u00e9servation - Mistassini","robots":{"index":"index","follow":"follow","max-snippet":"max-snippet:-1","max-image-preview":"max-image-preview:large","max-video-preview":"max-video-preview:-1"},"canonical":"https:\/\/mistassinilake.com\/fr\/demande-de-reservation-2\/","og_locale":"fr_FR","og_type":"article","og_title":"Demande de r\u00e9servation - Mistassini","og_description":"[vc_row][vc_column][vc_custom_heading source=\u00a0\u00bbpost_title\u00a0\u00bb font_container=\u00a0\u00bbtag:h1|font_size:35px|text_align:center|color:%231f5d17&Prime; google_fonts=\u00a0\u00bbfont_family:Roboto%20Slab%3A100%2C300%2Cregular%2C700|font_style:700%20bold%20regular%3A700%3Anormal\u00a0\u00bb][vc_column_text font_family=\u00a0\u00bbLato\u00a0\u00bb color=\u00a0\u00bb#1b1b1b\u00a0\u00bb font_size=\u00a0\u00bb18px\u00a0\u00bb font_weight=\u00a0\u00bb400&Prime;]Dates des salons\u00a02018 -Salon National de la Pourvoirie, \u00e0 Qu\u00e9bec au Complexe Capitale H\u00e9licopt\u00e8re, du 18 au 21 janvier 2018 -Salon National de la Pourvoirie, \u00e0 Laval \u00e0 la Place Forzani, du 25&hellip;","og_url":"https:\/\/mistassinilake.com\/fr\/demande-de-reservation-2\/","og_site_name":"Mistassini","article_publisher":"https:\/\/www.facebook.com\/MistassiniOutfittingCampsInc\/","article_modified_time":"2018-01-19T17:01:10+00:00","twitter_card":"summary_large_image","twitter_misc":{"Dur\u00e9e de lecture estim\u00e9e":"1 minute"},"schema":{"@context":"https:\/\/schema.org","@graph":[{"@type":"WebPage","@id":"https:\/\/mistassinilake.com\/fr\/demande-de-reservation-2\/","url":"https:\/\/mistassinilake.com\/fr\/demande-de-reservation-2\/","name":"Demande de r\u00e9servation - Mistassini","isPartOf":{"@id":"https:\/\/mistassinilake.com\/#website"},"datePublished":"2017-12-26T16:35:11+00:00","dateModified":"2018-01-19T17:01:10+00:00","breadcrumb":{"@id":"https:\/\/mistassinilake.com\/fr\/demande-de-reservation-2\/#breadcrumb"},"inLanguage":"fr-FR","potentialAction":[{"@type":"ReadAction","target":["https:\/\/mistassinilake.com\/fr\/demande-de-reservation-2\/"]}]},{"@type":"BreadcrumbList","@id":"https:\/\/mistassinilake.com\/fr\/demande-de-reservation-2\/#breadcrumb","itemListElement":[{"@type":"ListItem","position":1,"name":"Home","item":"https:\/\/mistassinilake.com\/"},{"@type":"ListItem","position":2,"name":"Demande de r\u00e9servation"}]},{"@type":"WebSite","@id":"https:\/\/mistassinilake.com\/#website","url":"https:\/\/mistassinilake.com\/","name":"Mistassini","description":"Outfitting Camps","publisher":{"@id":"https:\/\/mistassinilake.com\/#organization"},"potentialAction":[{"@type":"SearchAction","target":{"@type":"EntryPoint","urlTemplate":"https:\/\/mistassinilake.com\/?s={search_term_string}"},"query-input":{"@type":"PropertyValueSpecification","valueRequired":true,"valueName":"search_term_string"}}],"inLanguage":"fr-FR"},{"@type":"Organization","@id":"https:\/\/mistassinilake.com\/#organization","name":"Mistassini Outfitting Camps","url":"https:\/\/mistassinilake.com\/","logo":{"@type":"ImageObject","inLanguage":"fr-FR","@id":"https:\/\/mistassinilake.com\/#\/schema\/logo\/image\/","url":"https:\/\/mistassinilake.com\/wp-content\/uploads\/2017\/12\/marker.jpg","contentUrl":"https:\/\/mistassinilake.com\/wp-content\/uploads\/2017\/12\/marker.jpg","width":125,"height":117,"caption":"Mistassini Outfitting Camps"},"image":{"@id":"https:\/\/mistassinilake.com\/#\/schema\/logo\/image\/"},"sameAs":["https:\/\/www.facebook.com\/MistassiniOutfittingCampsInc\/"]}]}},"_links":{"self":[{"href":"https:\/\/mistassinilake.com\/fr\/wp-json\/wp\/v2\/pages\/434","targetHints":{"allow":["GET"]}}],"collection":[{"href":"https:\/\/mistassinilake.com\/fr\/wp-json\/wp\/v2\/pages"}],"about":[{"href":"https:\/\/mistassinilake.com\/fr\/wp-json\/wp\/v2\/types\/page"}],"author":[{"embeddable":true,"href":"https:\/\/mistassinilake.com\/fr\/wp-json\/wp\/v2\/users\/2"}],"replies":[{"embeddable":true,"href":"https:\/\/mistassinilake.com\/fr\/wp-json\/wp\/v2\/comments?post=434"}],"version-history":[{"count":0,"href":"https:\/\/mistassinilake.com\/fr\/wp-json\/wp\/v2\/pages\/434\/revisions"}],"wp:attachment":[{"href":"https:\/\/mistassinilake.com\/fr\/wp-json\/wp\/v2\/media?parent=434"}],"curies":[{"name":"wp","href":"https:\/\/api.w.org\/{rel}","templated":true}]}}