{"id":45,"date":"2017-12-01T15:37:14","date_gmt":"2017-12-01T15:37:14","guid":{"rendered":"https:\/\/mistassinilake.com\/?page_id=45"},"modified":"2018-06-04T14:57:08","modified_gmt":"2018-06-04T14:57:08","slug":"lac-mistassini","status":"publish","type":"page","link":"https:\/\/mistassinilake.com\/fr\/lac-mistassini\/","title":{"rendered":"Lac Mistassini"},"content":{"rendered":"<div class=\"wpb-content-wrapper\">[vc_row][vc_column][vc_custom_heading source=\u00a0\u00bbpost_title\u00a0\u00bb font_container=\u00a0\u00bbtag:h1|font_size:35px|text_align:center|color:%231f5d17&Prime; google_fonts=\u00a0\u00bbfont_family:Roboto%20Slab%3A100%2C300%2Cregular%2C700|font_style:700%20bold%20regular%3A700%3Anormal\u00a0\u00bb][vc_column_text font_family=\u00a0\u00bbLato\u00a0\u00bb color=\u00a0\u00bb#1b1b1b\u00a0\u00bb font_size=\u00a0\u00bb18px\u00a0\u00bb font_weight=\u00a0\u00bb400&Prime;]<img loading=\"lazy\" decoding=\"async\" class=\"alignright wp-image-463 \" style=\"border-bottom: 2px solid #1f5d17; padding-bottom: 14px;\" src=\"https:\/\/mistassinilake.com\/wp-content\/uploads\/2018\/06\/web-Across-the-Water-1024x611.jpg\" alt=\"\" width=\"357\" height=\"213\" srcset=\"https:\/\/mistassinilake.com\/wp-content\/uploads\/2018\/06\/web-Across-the-Water-1024x611.jpg 1024w, https:\/\/mistassinilake.com\/wp-content\/uploads\/2018\/06\/web-Across-the-Water-300x179.jpg 300w, https:\/\/mistassinilake.com\/wp-content\/uploads\/2018\/06\/web-Across-the-Water-768x458.jpg 768w, https:\/\/mistassinilake.com\/wp-content\/uploads\/2018\/06\/web-Across-the-Water.jpg 1728w\" sizes=\"auto, (max-width: 357px) 100vw, 357px\" \/>Le lac Mistassini dans la r\u00e9gion de Eeyou Istchee\/la Baie-James du Qu\u00e9bec, au Canada, est l&rsquo;endroit o\u00f9 ont lieu les voyages de p\u00eache le plus m\u00e9morables. Sur la liste de nombreuses personnes, le lac Mistassini est le plus grand lac d&rsquo;eau douce au Qu\u00e9bec. Le long lac \u00e9troit couvre une superficie d&rsquo;environ 2\u2009335 km\u00b2 et est d&rsquo;une longueur approximative de 160 km. On recommande d\u2019avoir recours \u00e0 un guide exp\u00e9riment\u00e9 sur un plan d\u2019eau aussi vaste. Heureusement, nos guides des Pourvoiries du lac Mistassini ont de nombreuses ann\u00e9es d&rsquo;exp\u00e9rience de p\u00eache sur le grand lac et la rivi\u00e8re Rupert, et connaissent non seulement les meilleurs endroits pour p\u00eacher, mais aussi les routes les plus s\u00e9curitaires autour du lac.<\/p>\n<p>En plus des esp\u00e8ces habituelles de p\u00eache r\u00e9cr\u00e9ative que l&rsquo;on retrouve au lac Mistassini, soit le grand brochet, le dor\u00e9, la truite mouchet\u00e9e et la truite grise, dignes de troph\u00e9es, des experts continuent de d\u00e9couvrir de nouvelles esp\u00e8ces encore aujourd&rsquo;hui.<\/p>\n<h4>Le lac Mistassini est le domicile de la nation crie depuis la nuit des temps.<\/h4>\n<p>Lorsque des explorateurs fran\u00e7ais sont arriv\u00e9s dans la r\u00e9gion du lac au d\u00e9but des ann\u00e9es 1600, le lac s&rsquo;appelait &lsquo;mista assini&rsquo; en cri, ce qui signifie grosse roche. Ceci faisait r\u00e9f\u00e9rence au gros bloc de roche situ\u00e9 pr\u00e8s de l&#8217;embouchure de la rivi\u00e8re Rupert. Au d\u00e9but des ann\u00e9es 1800, l&#8217;emplacement actuel de la communaut\u00e9 de Mistissini n&rsquo;\u00e9tait qu&rsquo;un campement estival \u00e0 cause du poste de traite des fourrures de la Compagnie de la Baie d&rsquo;Hudson sur place. De cette longue exp\u00e9rience du commerce vient une longue tradition d\u2019offre de services aux p\u00eacheurs et aux aventuriers du plein air qui se poursuit encore de nos jours.[\/vc_column_text][\/vc_column][\/vc_row]\n<\/div>","protected":false},"excerpt":{"rendered":"<p>[vc_row][vc_column][vc_custom_heading source=\u00a0\u00bbpost_title\u00a0\u00bb font_container=\u00a0\u00bbtag:h1|font_size:35px|text_align:center|color:%231f5d17&Prime; google_fonts=\u00a0\u00bbfont_family:Roboto%20Slab%3A100%2C300%2Cregular%2C700|font_style:700%20bold%20regular%3A700%3Anormal\u00a0\u00bb][vc_column_text font_family=\u00a0\u00bbLato\u00a0\u00bb color=\u00a0\u00bb#1b1b1b\u00a0\u00bb font_size=\u00a0\u00bb18px\u00a0\u00bb font_weight=\u00a0\u00bb400&Prime;]Le lac Mistassini dans la r\u00e9gion de Eeyou Istchee\/la Baie-James du Qu\u00e9bec, au Canada, est l&rsquo;endroit o\u00f9 ont lieu les voyages de p\u00eache le plus m\u00e9morables. Sur la liste de nombreuses personnes, le&hellip;<\/p>\n","protected":false},"author":2,"featured_media":0,"parent":0,"menu_order":18,"comment_status":"closed","ping_status":"closed","template":"","meta":{"footnotes":""},"class_list":["post-45","page","type-page","status-publish","hentry","entry","no-media"],"yoast_head":"<!-- This site is optimized with the Yoast SEO plugin v26.9 - https:\/\/yoast.com\/product\/yoast-seo-wordpress\/ -->\n<title>Lac Mistassini - Mistassini<\/title>\n<meta name=\"robots\" content=\"index, follow, max-snippet:-1, max-image-preview:large, max-video-preview:-1\" \/>\n<link rel=\"canonical\" href=\"https:\/\/mistassinilake.com\/fr\/lac-mistassini\/\" \/>\n<meta property=\"og:locale\" content=\"fr_FR\" \/>\n<meta property=\"og:type\" content=\"article\" \/>\n<meta property=\"og:title\" content=\"Lac Mistassini - Mistassini\" \/>\n<meta property=\"og:description\" content=\"[vc_row][vc_column][vc_custom_heading source=\u00a0\u00bbpost_title\u00a0\u00bb font_container=\u00a0\u00bbtag:h1|font_size:35px|text_align:center|color:%231f5d17&Prime; google_fonts=\u00a0\u00bbfont_family:Roboto%20Slab%3A100%2C300%2Cregular%2C700|font_style:700%20bold%20regular%3A700%3Anormal\u00a0\u00bb][vc_column_text font_family=\u00a0\u00bbLato\u00a0\u00bb color=\u00a0\u00bb#1b1b1b\u00a0\u00bb font_size=\u00a0\u00bb18px\u00a0\u00bb font_weight=\u00a0\u00bb400&Prime;]Le lac Mistassini dans la r\u00e9gion de Eeyou Istchee\/la Baie-James du Qu\u00e9bec, au Canada, est l&rsquo;endroit o\u00f9 ont lieu les voyages de p\u00eache le plus m\u00e9morables. Sur la liste de nombreuses personnes, le&hellip;\" \/>\n<meta property=\"og:url\" content=\"https:\/\/mistassinilake.com\/fr\/lac-mistassini\/\" \/>\n<meta property=\"og:site_name\" content=\"Mistassini\" \/>\n<meta property=\"article:publisher\" content=\"https:\/\/www.facebook.com\/MistassiniOutfittingCampsInc\/\" \/>\n<meta property=\"article:modified_time\" content=\"2018-06-04T14:57:08+00:00\" \/>\n<meta property=\"og:image\" content=\"https:\/\/mistassinilake.com\/wp-content\/uploads\/2018\/06\/web-Across-the-Water-1024x611.jpg\" \/>\n<meta name=\"twitter:card\" content=\"summary_large_image\" \/>\n<meta name=\"twitter:label1\" content=\"Dur\u00e9e de lecture estim\u00e9e\" \/>\n\t<meta name=\"twitter:data1\" content=\"2 minutes\" \/>\n<script type=\"application\/ld+json\" class=\"yoast-schema-graph\">{\"@context\":\"https:\/\/schema.org\",\"@graph\":[{\"@type\":\"WebPage\",\"@id\":\"https:\/\/mistassinilake.com\/fr\/lac-mistassini\/\",\"url\":\"https:\/\/mistassinilake.com\/fr\/lac-mistassini\/\",\"name\":\"Lac Mistassini - Mistassini\",\"isPartOf\":{\"@id\":\"https:\/\/mistassinilake.com\/#website\"},\"primaryImageOfPage\":{\"@id\":\"https:\/\/mistassinilake.com\/fr\/lac-mistassini\/#primaryimage\"},\"image\":{\"@id\":\"https:\/\/mistassinilake.com\/fr\/lac-mistassini\/#primaryimage\"},\"thumbnailUrl\":\"https:\/\/mistassinilake.com\/wp-content\/uploads\/2018\/06\/web-Across-the-Water-1024x611.jpg\",\"datePublished\":\"2017-12-01T15:37:14+00:00\",\"dateModified\":\"2018-06-04T14:57:08+00:00\",\"breadcrumb\":{\"@id\":\"https:\/\/mistassinilake.com\/fr\/lac-mistassini\/#breadcrumb\"},\"inLanguage\":\"fr-FR\",\"potentialAction\":[{\"@type\":\"ReadAction\",\"target\":[\"https:\/\/mistassinilake.com\/fr\/lac-mistassini\/\"]}]},{\"@type\":\"ImageObject\",\"inLanguage\":\"fr-FR\",\"@id\":\"https:\/\/mistassinilake.com\/fr\/lac-mistassini\/#primaryimage\",\"url\":\"https:\/\/mistassinilake.com\/wp-content\/uploads\/2018\/06\/web-Across-the-Water-1024x611.jpg\",\"contentUrl\":\"https:\/\/mistassinilake.com\/wp-content\/uploads\/2018\/06\/web-Across-the-Water-1024x611.jpg\"},{\"@type\":\"BreadcrumbList\",\"@id\":\"https:\/\/mistassinilake.com\/fr\/lac-mistassini\/#breadcrumb\",\"itemListElement\":[{\"@type\":\"ListItem\",\"position\":1,\"name\":\"Home\",\"item\":\"https:\/\/mistassinilake.com\/\"},{\"@type\":\"ListItem\",\"position\":2,\"name\":\"Lac Mistassini\"}]},{\"@type\":\"WebSite\",\"@id\":\"https:\/\/mistassinilake.com\/#website\",\"url\":\"https:\/\/mistassinilake.com\/\",\"name\":\"Mistassini\",\"description\":\"Outfitting Camps\",\"publisher\":{\"@id\":\"https:\/\/mistassinilake.com\/#organization\"},\"potentialAction\":[{\"@type\":\"SearchAction\",\"target\":{\"@type\":\"EntryPoint\",\"urlTemplate\":\"https:\/\/mistassinilake.com\/?s={search_term_string}\"},\"query-input\":{\"@type\":\"PropertyValueSpecification\",\"valueRequired\":true,\"valueName\":\"search_term_string\"}}],\"inLanguage\":\"fr-FR\"},{\"@type\":\"Organization\",\"@id\":\"https:\/\/mistassinilake.com\/#organization\",\"name\":\"Mistassini Outfitting Camps\",\"url\":\"https:\/\/mistassinilake.com\/\",\"logo\":{\"@type\":\"ImageObject\",\"inLanguage\":\"fr-FR\",\"@id\":\"https:\/\/mistassinilake.com\/#\/schema\/logo\/image\/\",\"url\":\"https:\/\/mistassinilake.com\/wp-content\/uploads\/2017\/12\/marker.jpg\",\"contentUrl\":\"https:\/\/mistassinilake.com\/wp-content\/uploads\/2017\/12\/marker.jpg\",\"width\":125,\"height\":117,\"caption\":\"Mistassini Outfitting Camps\"},\"image\":{\"@id\":\"https:\/\/mistassinilake.com\/#\/schema\/logo\/image\/\"},\"sameAs\":[\"https:\/\/www.facebook.com\/MistassiniOutfittingCampsInc\/\"]}]}<\/script>\n<!-- \/ Yoast SEO plugin. -->","yoast_head_json":{"title":"Lac Mistassini - Mistassini","robots":{"index":"index","follow":"follow","max-snippet":"max-snippet:-1","max-image-preview":"max-image-preview:large","max-video-preview":"max-video-preview:-1"},"canonical":"https:\/\/mistassinilake.com\/fr\/lac-mistassini\/","og_locale":"fr_FR","og_type":"article","og_title":"Lac Mistassini - Mistassini","og_description":"[vc_row][vc_column][vc_custom_heading source=\u00a0\u00bbpost_title\u00a0\u00bb font_container=\u00a0\u00bbtag:h1|font_size:35px|text_align:center|color:%231f5d17&Prime; google_fonts=\u00a0\u00bbfont_family:Roboto%20Slab%3A100%2C300%2Cregular%2C700|font_style:700%20bold%20regular%3A700%3Anormal\u00a0\u00bb][vc_column_text font_family=\u00a0\u00bbLato\u00a0\u00bb color=\u00a0\u00bb#1b1b1b\u00a0\u00bb font_size=\u00a0\u00bb18px\u00a0\u00bb font_weight=\u00a0\u00bb400&Prime;]Le lac Mistassini dans la r\u00e9gion de Eeyou Istchee\/la Baie-James du Qu\u00e9bec, au Canada, est l&rsquo;endroit o\u00f9 ont lieu les voyages de p\u00eache le plus m\u00e9morables. Sur la liste de nombreuses personnes, le&hellip;","og_url":"https:\/\/mistassinilake.com\/fr\/lac-mistassini\/","og_site_name":"Mistassini","article_publisher":"https:\/\/www.facebook.com\/MistassiniOutfittingCampsInc\/","article_modified_time":"2018-06-04T14:57:08+00:00","og_image":[{"url":"https:\/\/mistassinilake.com\/wp-content\/uploads\/2018\/06\/web-Across-the-Water-1024x611.jpg","type":"","width":"","height":""}],"twitter_card":"summary_large_image","twitter_misc":{"Dur\u00e9e de lecture estim\u00e9e":"2 minutes"},"schema":{"@context":"https:\/\/schema.org","@graph":[{"@type":"WebPage","@id":"https:\/\/mistassinilake.com\/fr\/lac-mistassini\/","url":"https:\/\/mistassinilake.com\/fr\/lac-mistassini\/","name":"Lac Mistassini - Mistassini","isPartOf":{"@id":"https:\/\/mistassinilake.com\/#website"},"primaryImageOfPage":{"@id":"https:\/\/mistassinilake.com\/fr\/lac-mistassini\/#primaryimage"},"image":{"@id":"https:\/\/mistassinilake.com\/fr\/lac-mistassini\/#primaryimage"},"thumbnailUrl":"https:\/\/mistassinilake.com\/wp-content\/uploads\/2018\/06\/web-Across-the-Water-1024x611.jpg","datePublished":"2017-12-01T15:37:14+00:00","dateModified":"2018-06-04T14:57:08+00:00","breadcrumb":{"@id":"https:\/\/mistassinilake.com\/fr\/lac-mistassini\/#breadcrumb"},"inLanguage":"fr-FR","potentialAction":[{"@type":"ReadAction","target":["https:\/\/mistassinilake.com\/fr\/lac-mistassini\/"]}]},{"@type":"ImageObject","inLanguage":"fr-FR","@id":"https:\/\/mistassinilake.com\/fr\/lac-mistassini\/#primaryimage","url":"https:\/\/mistassinilake.com\/wp-content\/uploads\/2018\/06\/web-Across-the-Water-1024x611.jpg","contentUrl":"https:\/\/mistassinilake.com\/wp-content\/uploads\/2018\/06\/web-Across-the-Water-1024x611.jpg"},{"@type":"BreadcrumbList","@id":"https:\/\/mistassinilake.com\/fr\/lac-mistassini\/#breadcrumb","itemListElement":[{"@type":"ListItem","position":1,"name":"Home","item":"https:\/\/mistassinilake.com\/"},{"@type":"ListItem","position":2,"name":"Lac Mistassini"}]},{"@type":"WebSite","@id":"https:\/\/mistassinilake.com\/#website","url":"https:\/\/mistassinilake.com\/","name":"Mistassini","description":"Outfitting Camps","publisher":{"@id":"https:\/\/mistassinilake.com\/#organization"},"potentialAction":[{"@type":"SearchAction","target":{"@type":"EntryPoint","urlTemplate":"https:\/\/mistassinilake.com\/?s={search_term_string}"},"query-input":{"@type":"PropertyValueSpecification","valueRequired":true,"valueName":"search_term_string"}}],"inLanguage":"fr-FR"},{"@type":"Organization","@id":"https:\/\/mistassinilake.com\/#organization","name":"Mistassini Outfitting Camps","url":"https:\/\/mistassinilake.com\/","logo":{"@type":"ImageObject","inLanguage":"fr-FR","@id":"https:\/\/mistassinilake.com\/#\/schema\/logo\/image\/","url":"https:\/\/mistassinilake.com\/wp-content\/uploads\/2017\/12\/marker.jpg","contentUrl":"https:\/\/mistassinilake.com\/wp-content\/uploads\/2017\/12\/marker.jpg","width":125,"height":117,"caption":"Mistassini Outfitting Camps"},"image":{"@id":"https:\/\/mistassinilake.com\/#\/schema\/logo\/image\/"},"sameAs":["https:\/\/www.facebook.com\/MistassiniOutfittingCampsInc\/"]}]}},"_links":{"self":[{"href":"https:\/\/mistassinilake.com\/fr\/wp-json\/wp\/v2\/pages\/45","targetHints":{"allow":["GET"]}}],"collection":[{"href":"https:\/\/mistassinilake.com\/fr\/wp-json\/wp\/v2\/pages"}],"about":[{"href":"https:\/\/mistassinilake.com\/fr\/wp-json\/wp\/v2\/types\/page"}],"author":[{"embeddable":true,"href":"https:\/\/mistassinilake.com\/fr\/wp-json\/wp\/v2\/users\/2"}],"replies":[{"embeddable":true,"href":"https:\/\/mistassinilake.com\/fr\/wp-json\/wp\/v2\/comments?post=45"}],"version-history":[{"count":0,"href":"https:\/\/mistassinilake.com\/fr\/wp-json\/wp\/v2\/pages\/45\/revisions"}],"wp:attachment":[{"href":"https:\/\/mistassinilake.com\/fr\/wp-json\/wp\/v2\/media?parent=45"}],"curies":[{"name":"wp","href":"https:\/\/api.w.org\/{rel}","templated":true}]}}