{"id":46,"date":"2017-12-01T15:37:56","date_gmt":"2017-12-01T15:37:56","guid":{"rendered":"https:\/\/mistassinilake.com\/?page_id=46"},"modified":"2024-01-02T13:36:55","modified_gmt":"2024-01-02T13:36:55","slug":"mistissini","status":"publish","type":"page","link":"https:\/\/mistassinilake.com\/fr\/mistissini\/","title":{"rendered":"Mistissini"},"content":{"rendered":"<div class=\"wpb-content-wrapper\">[vc_row css=\u00a0\u00bb.vc_custom_1704198812492{margin-bottom: 0px !important;padding-bottom: 0px !important;}\u00a0\u00bb][vc_column][vc_custom_heading source=\u00a0\u00bbpost_title\u00a0\u00bb font_container=\u00a0\u00bbtag:h1|font_size:35px|text_align:center|color:%231f5d17&Prime; google_fonts=\u00a0\u00bbfont_family:Roboto%20Slab%3A100%2C300%2Cregular%2C700|font_style:700%20bold%20regular%3A700%3Anormal\u00a0\u00bb][vc_row_inner content_placement=\u00a0\u00bbmiddle\u00a0\u00bb][vc_column_inner width=\u00a0\u00bb3\/5&Prime; css=\u00a0\u00bb.vc_custom_1704199283646{margin: 0px !important;padding: 0px !important;}\u00a0\u00bb]<h4 class=\"vcex-module vcex-heading vcex-heading-plain vc_custom_1704198880376\"><span class=\"vcex-heading-inner clr\">Mistissini, un mot cri pour \u00ab\u2009grosse roche\u2009\u00bb, fut d\u2019abord appel\u00e9 Mistassini ou Baie du Poste.<\/span><\/h4>[vc_column_text font_family=\u00a0\u00bbLato\u00a0\u00bb color=\u00a0\u00bb#1b1b1b\u00a0\u00bb font_size=\u00a0\u00bb18px\u00a0\u00bb font_weight=\u00a0\u00bb400&Prime;]Se d\u00e9veloppant dans les ann\u00e9es 1800 avec le poste de traite de fourrure de la Compagnie de la Baie d\u2019Hudson et jusqu\u2019au 20e si\u00e8cle avec l\u2019aide du gouvernement, et depuis 1975 avec la Convention de la Baie James et du Nord qu\u00e9b\u00e9cois, la r\u00e9gion s\u2019est transform\u00e9e en une communaut\u00e9 vibrante de langues crie, anglaise et fran\u00e7aise. Les Cris de Mistissini ch\u00e9rissent leur riche h\u00e9ritage culturel, leur pr\u00e9sent vital et leur vibrant avenir.[\/vc_column_text][\/vc_column_inner][vc_column_inner width=\u00a0\u00bb2\/5&Prime; css=\u00a0\u00bb.vc_custom_1704199296550{margin: 0px !important;padding: 0px !important;}\u00a0\u00bb][vc_single_image image=\u00a0\u00bb707&Prime; img_size=\u00a0\u00bbmedium\u00a0\u00bb alignment=\u00a0\u00bbcenter\u00a0\u00bb onclick=\u00a0\u00bbcustom_link\u00a0\u00bb img_link_target=\u00a0\u00bb_blank\u00a0\u00bb link=\u00a0\u00bbhttps:\/\/mistassinilake.com\/wp-content\/uploads\/2024\/01\/Mistissini-Brochure.pdf\u00a0\u00bb][vc_btn title=\u00a0\u00bbT\u00e9l\u00e9charger notre brochure\u00a0\u00bb style=\u00a0\u00bbcustom\u00a0\u00bb custom_background=\u00a0\u00bb#ff7f00&Prime; custom_text=\u00a0\u00bb#ffffff\u00a0\u00bb align=\u00a0\u00bbcenter\u00a0\u00bb link=\u00a0\u00bburl:https%3A%2F%2Fmistassinilake.com%2Fwp-content%2Fuploads%2F2024%2F01%2FMistissini-Brochure.pdf|target:_blank\u00a0\u00bb css=\u00a0\u00bb.vc_custom_1704202614059{margin-top: 20px !important;}\u00a0\u00bb][\/vc_column_inner][\/vc_row_inner][\/vc_column][\/vc_row][vc_row css=\u00a0\u00bb.vc_custom_1704198821497{margin-top: 0px !important;margin-bottom: 0px !important;padding-top: 0px !important;padding-bottom: 0px !important;}\u00a0\u00bb][vc_column][vc_row_inner content_placement=\u00a0\u00bbmiddle\u00a0\u00bb][vc_column_inner width=\u00a0\u00bb2\/5&Prime; css=\u00a0\u00bb.vc_custom_1704199306039{margin: 0px !important;padding: 0px !important;}\u00a0\u00bb][vc_single_image image=\u00a0\u00bb464&Prime;][\/vc_column_inner][vc_column_inner width=\u00a0\u00bb3\/5&Prime; css=\u00a0\u00bb.vc_custom_1704199209855{margin-right: 0px !important;margin-left: 0px !important;padding-right: 0px !important;padding-left: 0px !important;}\u00a0\u00bb][vc_column_text font_family=\u00a0\u00bbLato\u00a0\u00bb color=\u00a0\u00bb#1b1b1b\u00a0\u00bb font_size=\u00a0\u00bb18px\u00a0\u00bb font_weight=\u00a0\u00bb400&Prime;]Aujourd\u2019hui, Mistissini est une communaut\u00e9 grandissante de pr\u00e8s de 4000 personnes nich\u00e9e sur les rives du lac Mistassini. Vous trouverez tout ce dont vous avez besoin \u00e0 Mistissini, domicile du plus gros lac d\u2019eau douce au Qu\u00e9bec, des restaurants \u00e0 l\u2019h\u00e9bergement moderne\u2009; des activit\u00e9s culturelles\u2009; des aventures en plein air\u2009; une architecture novatrice\u2009; une nature sauvage\u2009; des services m\u00e9dicaux et bancaires, des \u00e9piceries et des stations-service.[\/vc_column_text][\/vc_column_inner][\/vc_row_inner][\/vc_column][\/vc_row][vc_row css=\u00a0\u00bb.vc_custom_1704198827396{margin-top: 0px !important;padding-top: 0px !important;}\u00a0\u00bb][vc_column][vc_row_inner content_placement=\u00a0\u00bbmiddle\u00a0\u00bb][vc_column_inner width=\u00a0\u00bb3\/5&Prime; css=\u00a0\u00bb.vc_custom_1704199242638{margin: 0px !important;padding: 0px !important;}\u00a0\u00bb]<h4 class=\"vcex-module vcex-heading vcex-heading-plain vc_custom_1704198857361\"><span class=\"vcex-heading-inner clr\">Notre communaut\u00e9 vit un style de vie moderne qui est encore en lien avec la vie \u00e0 la terre.<\/span><\/h4>[vc_column_text font_family=\u00a0\u00bbLato\u00a0\u00bb color=\u00a0\u00bb#1b1b1b\u00a0\u00bb font_size=\u00a0\u00bb18px\u00a0\u00bb font_weight=\u00a0\u00bb400&Prime;]Ceux d\u2019entre nous travaillant tout au long de l\u2019ann\u00e9e maintiennent encore notre culture et nos traditions et certains des membres de notre communaut\u00e9 passent encore une grande partie de leur vie \u00e0 vivre de la terre.[\/vc_column_text][\/vc_column_inner][vc_column_inner width=\u00a0\u00bb2\/5&Prime; css=\u00a0\u00bb.vc_custom_1704199315096{margin: 0px !important;padding: 0px !important;}\u00a0\u00bb][vc_single_image image=\u00a0\u00bb465&Prime;][\/vc_column_inner][\/vc_row_inner][\/vc_column][\/vc_row]\n<\/div>","protected":false},"excerpt":{"rendered":"<p>[vc_row css=\u00a0\u00bb.vc_custom_1704198812492{margin-bottom: 0px !important;padding-bottom: 0px !important;}\u00a0\u00bb][vc_column][vc_custom_heading source=\u00a0\u00bbpost_title\u00a0\u00bb font_container=\u00a0\u00bbtag:h1|font_size:35px|text_align:center|color:%231f5d17&Prime; google_fonts=\u00a0\u00bbfont_family:Roboto%20Slab%3A100%2C300%2Cregular%2C700|font_style:700%20bold%20regular%3A700%3Anormal\u00a0\u00bb][vc_row_inner content_placement=\u00a0\u00bbmiddle\u00a0\u00bb][vc_column_inner width=\u00a0\u00bb3\/5&Prime; css=\u00a0\u00bb.vc_custom_1704199283646{margin: 0px !important;padding: 0px !important;}\u00a0\u00bb][vc_column_text font_family=\u00a0\u00bbLato\u00a0\u00bb color=\u00a0\u00bb#1b1b1b\u00a0\u00bb font_size=\u00a0\u00bb18px\u00a0\u00bb font_weight=\u00a0\u00bb400&Prime;]Se d\u00e9veloppant dans les ann\u00e9es 1800 avec le poste de traite de fourrure de la Compagnie de la Baie d\u2019Hudson et&hellip;<\/p>\n","protected":false},"author":2,"featured_media":0,"parent":0,"menu_order":19,"comment_status":"closed","ping_status":"closed","template":"","meta":{"footnotes":""},"class_list":["post-46","page","type-page","status-publish","hentry","entry","no-media"],"yoast_head":"<!-- This site is optimized with the Yoast SEO plugin v26.9 - https:\/\/yoast.com\/product\/yoast-seo-wordpress\/ -->\n<title>Mistissini - Mistassini<\/title>\n<meta name=\"robots\" content=\"index, follow, max-snippet:-1, max-image-preview:large, max-video-preview:-1\" \/>\n<link rel=\"canonical\" href=\"https:\/\/mistassinilake.com\/fr\/mistissini\/\" \/>\n<meta property=\"og:locale\" content=\"fr_FR\" \/>\n<meta property=\"og:type\" content=\"article\" \/>\n<meta property=\"og:title\" content=\"Mistissini - Mistassini\" \/>\n<meta property=\"og:description\" content=\"[vc_row css=\u00a0\u00bb.vc_custom_1704198812492{margin-bottom: 0px !important;padding-bottom: 0px !important;}\u00a0\u00bb][vc_column][vc_custom_heading source=\u00a0\u00bbpost_title\u00a0\u00bb font_container=\u00a0\u00bbtag:h1|font_size:35px|text_align:center|color:%231f5d17&Prime; google_fonts=\u00a0\u00bbfont_family:Roboto%20Slab%3A100%2C300%2Cregular%2C700|font_style:700%20bold%20regular%3A700%3Anormal\u00a0\u00bb][vc_row_inner content_placement=\u00a0\u00bbmiddle\u00a0\u00bb][vc_column_inner width=\u00a0\u00bb3\/5&Prime; css=\u00a0\u00bb.vc_custom_1704199283646{margin: 0px !important;padding: 0px !important;}\u00a0\u00bb][vc_column_text font_family=\u00a0\u00bbLato\u00a0\u00bb color=\u00a0\u00bb#1b1b1b\u00a0\u00bb font_size=\u00a0\u00bb18px\u00a0\u00bb font_weight=\u00a0\u00bb400&Prime;]Se d\u00e9veloppant dans les ann\u00e9es 1800 avec le poste de traite de fourrure de la Compagnie de la Baie d\u2019Hudson et&hellip;\" \/>\n<meta property=\"og:url\" content=\"https:\/\/mistassinilake.com\/fr\/mistissini\/\" \/>\n<meta property=\"og:site_name\" content=\"Mistassini\" \/>\n<meta property=\"article:publisher\" content=\"https:\/\/www.facebook.com\/MistassiniOutfittingCampsInc\/\" \/>\n<meta property=\"article:modified_time\" content=\"2024-01-02T13:36:55+00:00\" \/>\n<meta name=\"twitter:card\" content=\"summary_large_image\" \/>\n<meta name=\"twitter:label1\" content=\"Dur\u00e9e de lecture estim\u00e9e\" \/>\n\t<meta name=\"twitter:data1\" content=\"2 minutes\" \/>\n<script type=\"application\/ld+json\" class=\"yoast-schema-graph\">{\"@context\":\"https:\/\/schema.org\",\"@graph\":[{\"@type\":\"WebPage\",\"@id\":\"https:\/\/mistassinilake.com\/fr\/mistissini\/\",\"url\":\"https:\/\/mistassinilake.com\/fr\/mistissini\/\",\"name\":\"Mistissini - Mistassini\",\"isPartOf\":{\"@id\":\"https:\/\/mistassinilake.com\/#website\"},\"datePublished\":\"2017-12-01T15:37:56+00:00\",\"dateModified\":\"2024-01-02T13:36:55+00:00\",\"breadcrumb\":{\"@id\":\"https:\/\/mistassinilake.com\/fr\/mistissini\/#breadcrumb\"},\"inLanguage\":\"fr-FR\",\"potentialAction\":[{\"@type\":\"ReadAction\",\"target\":[\"https:\/\/mistassinilake.com\/fr\/mistissini\/\"]}]},{\"@type\":\"BreadcrumbList\",\"@id\":\"https:\/\/mistassinilake.com\/fr\/mistissini\/#breadcrumb\",\"itemListElement\":[{\"@type\":\"ListItem\",\"position\":1,\"name\":\"Home\",\"item\":\"https:\/\/mistassinilake.com\/\"},{\"@type\":\"ListItem\",\"position\":2,\"name\":\"Mistissini\"}]},{\"@type\":\"WebSite\",\"@id\":\"https:\/\/mistassinilake.com\/#website\",\"url\":\"https:\/\/mistassinilake.com\/\",\"name\":\"Mistassini\",\"description\":\"Outfitting Camps\",\"publisher\":{\"@id\":\"https:\/\/mistassinilake.com\/#organization\"},\"potentialAction\":[{\"@type\":\"SearchAction\",\"target\":{\"@type\":\"EntryPoint\",\"urlTemplate\":\"https:\/\/mistassinilake.com\/?s={search_term_string}\"},\"query-input\":{\"@type\":\"PropertyValueSpecification\",\"valueRequired\":true,\"valueName\":\"search_term_string\"}}],\"inLanguage\":\"fr-FR\"},{\"@type\":\"Organization\",\"@id\":\"https:\/\/mistassinilake.com\/#organization\",\"name\":\"Mistassini Outfitting Camps\",\"url\":\"https:\/\/mistassinilake.com\/\",\"logo\":{\"@type\":\"ImageObject\",\"inLanguage\":\"fr-FR\",\"@id\":\"https:\/\/mistassinilake.com\/#\/schema\/logo\/image\/\",\"url\":\"https:\/\/mistassinilake.com\/wp-content\/uploads\/2017\/12\/marker.jpg\",\"contentUrl\":\"https:\/\/mistassinilake.com\/wp-content\/uploads\/2017\/12\/marker.jpg\",\"width\":125,\"height\":117,\"caption\":\"Mistassini Outfitting Camps\"},\"image\":{\"@id\":\"https:\/\/mistassinilake.com\/#\/schema\/logo\/image\/\"},\"sameAs\":[\"https:\/\/www.facebook.com\/MistassiniOutfittingCampsInc\/\"]}]}<\/script>\n<!-- \/ Yoast SEO plugin. -->","yoast_head_json":{"title":"Mistissini - Mistassini","robots":{"index":"index","follow":"follow","max-snippet":"max-snippet:-1","max-image-preview":"max-image-preview:large","max-video-preview":"max-video-preview:-1"},"canonical":"https:\/\/mistassinilake.com\/fr\/mistissini\/","og_locale":"fr_FR","og_type":"article","og_title":"Mistissini - Mistassini","og_description":"[vc_row css=\u00a0\u00bb.vc_custom_1704198812492{margin-bottom: 0px !important;padding-bottom: 0px !important;}\u00a0\u00bb][vc_column][vc_custom_heading source=\u00a0\u00bbpost_title\u00a0\u00bb font_container=\u00a0\u00bbtag:h1|font_size:35px|text_align:center|color:%231f5d17&Prime; google_fonts=\u00a0\u00bbfont_family:Roboto%20Slab%3A100%2C300%2Cregular%2C700|font_style:700%20bold%20regular%3A700%3Anormal\u00a0\u00bb][vc_row_inner content_placement=\u00a0\u00bbmiddle\u00a0\u00bb][vc_column_inner width=\u00a0\u00bb3\/5&Prime; css=\u00a0\u00bb.vc_custom_1704199283646{margin: 0px !important;padding: 0px !important;}\u00a0\u00bb][vc_column_text font_family=\u00a0\u00bbLato\u00a0\u00bb color=\u00a0\u00bb#1b1b1b\u00a0\u00bb font_size=\u00a0\u00bb18px\u00a0\u00bb font_weight=\u00a0\u00bb400&Prime;]Se d\u00e9veloppant dans les ann\u00e9es 1800 avec le poste de traite de fourrure de la Compagnie de la Baie d\u2019Hudson et&hellip;","og_url":"https:\/\/mistassinilake.com\/fr\/mistissini\/","og_site_name":"Mistassini","article_publisher":"https:\/\/www.facebook.com\/MistassiniOutfittingCampsInc\/","article_modified_time":"2024-01-02T13:36:55+00:00","twitter_card":"summary_large_image","twitter_misc":{"Dur\u00e9e de lecture estim\u00e9e":"2 minutes"},"schema":{"@context":"https:\/\/schema.org","@graph":[{"@type":"WebPage","@id":"https:\/\/mistassinilake.com\/fr\/mistissini\/","url":"https:\/\/mistassinilake.com\/fr\/mistissini\/","name":"Mistissini - Mistassini","isPartOf":{"@id":"https:\/\/mistassinilake.com\/#website"},"datePublished":"2017-12-01T15:37:56+00:00","dateModified":"2024-01-02T13:36:55+00:00","breadcrumb":{"@id":"https:\/\/mistassinilake.com\/fr\/mistissini\/#breadcrumb"},"inLanguage":"fr-FR","potentialAction":[{"@type":"ReadAction","target":["https:\/\/mistassinilake.com\/fr\/mistissini\/"]}]},{"@type":"BreadcrumbList","@id":"https:\/\/mistassinilake.com\/fr\/mistissini\/#breadcrumb","itemListElement":[{"@type":"ListItem","position":1,"name":"Home","item":"https:\/\/mistassinilake.com\/"},{"@type":"ListItem","position":2,"name":"Mistissini"}]},{"@type":"WebSite","@id":"https:\/\/mistassinilake.com\/#website","url":"https:\/\/mistassinilake.com\/","name":"Mistassini","description":"Outfitting Camps","publisher":{"@id":"https:\/\/mistassinilake.com\/#organization"},"potentialAction":[{"@type":"SearchAction","target":{"@type":"EntryPoint","urlTemplate":"https:\/\/mistassinilake.com\/?s={search_term_string}"},"query-input":{"@type":"PropertyValueSpecification","valueRequired":true,"valueName":"search_term_string"}}],"inLanguage":"fr-FR"},{"@type":"Organization","@id":"https:\/\/mistassinilake.com\/#organization","name":"Mistassini Outfitting Camps","url":"https:\/\/mistassinilake.com\/","logo":{"@type":"ImageObject","inLanguage":"fr-FR","@id":"https:\/\/mistassinilake.com\/#\/schema\/logo\/image\/","url":"https:\/\/mistassinilake.com\/wp-content\/uploads\/2017\/12\/marker.jpg","contentUrl":"https:\/\/mistassinilake.com\/wp-content\/uploads\/2017\/12\/marker.jpg","width":125,"height":117,"caption":"Mistassini Outfitting Camps"},"image":{"@id":"https:\/\/mistassinilake.com\/#\/schema\/logo\/image\/"},"sameAs":["https:\/\/www.facebook.com\/MistassiniOutfittingCampsInc\/"]}]}},"_links":{"self":[{"href":"https:\/\/mistassinilake.com\/fr\/wp-json\/wp\/v2\/pages\/46","targetHints":{"allow":["GET"]}}],"collection":[{"href":"https:\/\/mistassinilake.com\/fr\/wp-json\/wp\/v2\/pages"}],"about":[{"href":"https:\/\/mistassinilake.com\/fr\/wp-json\/wp\/v2\/types\/page"}],"author":[{"embeddable":true,"href":"https:\/\/mistassinilake.com\/fr\/wp-json\/wp\/v2\/users\/2"}],"replies":[{"embeddable":true,"href":"https:\/\/mistassinilake.com\/fr\/wp-json\/wp\/v2\/comments?post=46"}],"version-history":[{"count":11,"href":"https:\/\/mistassinilake.com\/fr\/wp-json\/wp\/v2\/pages\/46\/revisions"}],"predecessor-version":[{"id":753,"href":"https:\/\/mistassinilake.com\/fr\/wp-json\/wp\/v2\/pages\/46\/revisions\/753"}],"wp:attachment":[{"href":"https:\/\/mistassinilake.com\/fr\/wp-json\/wp\/v2\/media?parent=46"}],"curies":[{"name":"wp","href":"https:\/\/api.w.org\/{rel}","templated":true}]}}